{"id":12822,"date":"2025-01-09T13:56:40","date_gmt":"2025-01-09T10:56:40","guid":{"rendered":"https:\/\/ceoparts.com\/?post_type=product&#038;p=12822"},"modified":"2026-05-16T06:16:12","modified_gmt":"2026-05-16T03:16:12","slug":"forklift-panoramik-ayna","status":"publish","type":"product","link":"https:\/\/ceoparts.com\/fr\/urun\/forklift-panoramik-ayna\/","title":{"rendered":"Miroir panoramique pour chariot \u00e9l\u00e9vateur &#8211; 220&#215;115 mm"},"content":{"rendered":"<p>Miroir panoramique pour chariot \u00e9l\u00e9vateur &#8211; 220&#215;115 mm<\/p>\n<p><\/p>","protected":false},"excerpt":{"rendered":"<p data-start=\"0\" data-end=\"184\"><br data-start=\"1954\" data-end=\"1957\" \/>Miroir panoramique pour chariot \u00e9l\u00e9vateur de 220\u00d7115 mm, miroir durable utilis\u00e9 dans les chariots \u00e9l\u00e9vateurs et machines. Il am\u00e9liore la visibilit\u00e9 environnementale de l\u2019op\u00e9rateur avec un large champ de vision.<\/p>\n<p data-start=\"2169\" data-end=\"2505\"><strong data-start=\"2169\" data-end=\"2191\">Caract\u00e9ristiques :<\/strong><br data-start=\"2191\" data-end=\"2194\" \/><strong data-start=\"2194\" data-end=\"2214\">Nom du produit :<\/strong> Miroir panoramique pour chariot \u00e9l\u00e9vateur<br data-start=\"2256\" data-end=\"2259\" \/><strong data-start=\"2259\" data-end=\"2275\">Code pi\u00e8ce :<\/strong> \u2013<br data-start=\"2277\" data-end=\"2280\" \/><strong data-start=\"2280\" data-end=\"2294\">Mat\u00e9riau :<\/strong> Verre durable et cadre en plastique<br data-start=\"2330\" data-end=\"2333\" \/><strong data-start=\"2333\" data-end=\"2359\">Domaine d\u2019utilisation:<\/strong> Syst\u00e8me de vue environnementale pour chariots \u00e9l\u00e9vateurs et machines<br data-start=\"2428\" data-end=\"2431\" \/><strong data-start=\"2431\" data-end=\"2444\">Avantage:<\/strong> Large champ de vision, design durable, installation facile<\/p>\n<p data-start=\"2507\" data-end=\"2716\">\n","protected":false},"featured_media":13647,"template":"","meta":[],"product_brand":[],"product_cat":[451,452],"product_tag":[],"class_list":{"0":"post-12822","1":"product","2":"type-product","3":"status-publish","4":"has-post-thumbnail","6":"product_cat-aksesuar-grubu","7":"product_cat-aynalar","9":"first","10":"instock","11":"taxable","12":"shipping-taxable","13":"purchasable","14":"product-type-simple"},"_links":{"self":[{"href":"https:\/\/ceoparts.com\/fr\/wp-json\/wp\/v2\/product\/12822","targetHints":{"allow":["GET"]}}],"collection":[{"href":"https:\/\/ceoparts.com\/fr\/wp-json\/wp\/v2\/product"}],"about":[{"href":"https:\/\/ceoparts.com\/fr\/wp-json\/wp\/v2\/types\/product"}],"wp:featuredmedia":[{"embeddable":true,"href":"https:\/\/ceoparts.com\/fr\/wp-json\/wp\/v2\/media\/13647"}],"wp:attachment":[{"href":"https:\/\/ceoparts.com\/fr\/wp-json\/wp\/v2\/media?parent=12822"}],"wp:term":[{"taxonomy":"product_brand","embeddable":true,"href":"https:\/\/ceoparts.com\/fr\/wp-json\/wp\/v2\/product_brand?post=12822"},{"taxonomy":"product_cat","embeddable":true,"href":"https:\/\/ceoparts.com\/fr\/wp-json\/wp\/v2\/product_cat?post=12822"},{"taxonomy":"product_tag","embeddable":true,"href":"https:\/\/ceoparts.com\/fr\/wp-json\/wp\/v2\/product_tag?post=12822"}],"curies":[{"name":"wp","href":"https:\/\/api.w.org\/{rel}","templated":true}]}}