{"id":12829,"date":"2025-01-10T14:57:13","date_gmt":"2025-01-10T11:57:13","guid":{"rendered":"https:\/\/ceoparts.com\/?post_type=product&#038;p=12829"},"modified":"2026-05-16T15:04:08","modified_gmt":"2026-05-16T12:04:08","slug":"forklift-dikiz-ayna-587202332071-22x13","status":"publish","type":"product","link":"https:\/\/ceoparts.com\/fr\/urun\/forklift-dikiz-ayna-587202332071-22x13\/","title":{"rendered":"Miroir de r\u00e9troviseur pour chariot \u00e9l\u00e9vateur &#8211; 225&#215;130 mm &#8211; 587202332071"},"content":{"rendered":"<p>Miroir de r\u00e9troviseur pour chariot \u00e9l\u00e9vateur &#8211; 225&#215;130 mm &#8211; 587202332071<\/p>\n<p><\/p>","protected":false},"excerpt":{"rendered":"<p data-start=\"0\" data-end=\"178\"><br data-start=\"1874\" data-end=\"1877\" \/>R\u00e9troviseur pour chariot \u00e9l\u00e9vateur de 225\u00d7130 mm, miroir durable utilis\u00e9 dans les chariots \u00e9l\u00e9vateurs et machines. Il am\u00e9liore la visibilit\u00e9 arri\u00e8re de l\u2019op\u00e9rateur pour plus de s\u00e9curit\u00e9.<\/p>\n<p data-start=\"2065\" data-end=\"2390\"><strong data-start=\"2065\" data-end=\"2087\">Caract\u00e9ristiques :<\/strong><br data-start=\"2087\" data-end=\"2090\" \/><strong data-start=\"2090\" data-end=\"2110\">Nom du produit :<\/strong> R\u00e9troviseur pour chariot \u00e9l\u00e9vateur<br data-start=\"2145\" data-end=\"2148\" \/><strong data-start=\"2148\" data-end=\"2164\">Code pi\u00e8ce :<\/strong> 587202332071<br data-start=\"2177\" data-end=\"2180\" \/><strong data-start=\"2180\" data-end=\"2194\">Mat\u00e9riau :<\/strong> Verre durable et cadre en plastique<br data-start=\"2230\" data-end=\"2233\" \/><strong data-start=\"2233\" data-end=\"2259\">Domaine d\u2019utilisation:<\/strong> Syst\u00e8me de vision arri\u00e8re pour chariots \u00e9l\u00e9vateurs et machines<br data-start=\"2322\" data-end=\"2325\" \/><strong data-start=\"2325\" data-end=\"2338\">Avantage:<\/strong> Image claire, design durable, installation facile<\/p>\n<p data-start=\"2392\" data-end=\"2599\">\n","protected":false},"featured_media":12830,"template":"","meta":[],"product_brand":[],"product_cat":[451,452],"product_tag":[],"class_list":{"0":"post-12829","1":"product","2":"type-product","3":"status-publish","4":"has-post-thumbnail","6":"product_cat-aksesuar-grubu","7":"product_cat-aynalar","9":"first","10":"instock","11":"taxable","12":"shipping-taxable","13":"purchasable","14":"product-type-simple"},"_links":{"self":[{"href":"https:\/\/ceoparts.com\/fr\/wp-json\/wp\/v2\/product\/12829","targetHints":{"allow":["GET"]}}],"collection":[{"href":"https:\/\/ceoparts.com\/fr\/wp-json\/wp\/v2\/product"}],"about":[{"href":"https:\/\/ceoparts.com\/fr\/wp-json\/wp\/v2\/types\/product"}],"wp:featuredmedia":[{"embeddable":true,"href":"https:\/\/ceoparts.com\/fr\/wp-json\/wp\/v2\/media\/12830"}],"wp:attachment":[{"href":"https:\/\/ceoparts.com\/fr\/wp-json\/wp\/v2\/media?parent=12829"}],"wp:term":[{"taxonomy":"product_brand","embeddable":true,"href":"https:\/\/ceoparts.com\/fr\/wp-json\/wp\/v2\/product_brand?post=12829"},{"taxonomy":"product_cat","embeddable":true,"href":"https:\/\/ceoparts.com\/fr\/wp-json\/wp\/v2\/product_cat?post=12829"},{"taxonomy":"product_tag","embeddable":true,"href":"https:\/\/ceoparts.com\/fr\/wp-json\/wp\/v2\/product_tag?post=12829"}],"curies":[{"name":"wp","href":"https:\/\/api.w.org\/{rel}","templated":true}]}}