{"id":12844,"date":"2025-01-10T15:10:07","date_gmt":"2025-01-10T12:10:07","guid":{"rendered":"https:\/\/ceoparts.com\/?post_type=product&#038;p=12844"},"modified":"2026-05-16T16:11:52","modified_gmt":"2026-05-16T13:11:52","slug":"forklift-panoramik-ayna-275x140mm","status":"publish","type":"product","link":"https:\/\/ceoparts.com\/fr\/urun\/forklift-panoramik-ayna-275x140mm\/","title":{"rendered":"Miroir panoramique pour chariot \u00e9l\u00e9vateur &#8211; 275&#215;140 mm,100mc3848"},"content":{"rendered":"<p>Miroir panoramique pour chariot \u00e9l\u00e9vateur &#8211; 275&#215;140 mm,100mc3848<\/p>\n<p><\/p>","protected":false},"excerpt":{"rendered":"<p data-start=\"0\" data-end=\"208\"><br data-start=\"2045\" data-end=\"2048\" \/>Miroir panoramique pour chariot \u00e9l\u00e9vateur de 275\u00d7140 mm, offrant un large champ de vision. Con\u00e7u pour les chariots \u00e9l\u00e9vateurs et machines, il am\u00e9liore la visibilit\u00e9 environnementale de l\u2019op\u00e9rateur.<\/p>\n<p data-start=\"2247\" data-end=\"2591\"><strong data-start=\"2247\" data-end=\"2269\">Caract\u00e9ristiques :<\/strong><br data-start=\"2269\" data-end=\"2272\" \/><strong data-start=\"2272\" data-end=\"2292\">Nom du produit :<\/strong> Miroir panoramique pour chariot \u00e9l\u00e9vateur<br data-start=\"2334\" data-end=\"2337\" \/><strong data-start=\"2337\" data-end=\"2353\">Code pi\u00e8ce :<\/strong> 100mc3848<br data-start=\"2363\" data-end=\"2366\" \/><strong data-start=\"2366\" data-end=\"2380\">Mat\u00e9riau :<\/strong> Verre durable et cadre en plastique<br data-start=\"2416\" data-end=\"2419\" \/><strong data-start=\"2419\" data-end=\"2445\">Domaine d\u2019utilisation:<\/strong> Syst\u00e8me de vue environnementale pour chariots \u00e9l\u00e9vateurs et machines<br data-start=\"2514\" data-end=\"2517\" \/><strong data-start=\"2517\" data-end=\"2530\">Avantage:<\/strong> Large champ de vision, design durable, installation facile<\/p>\n<p data-start=\"2593\" data-end=\"2790\">\n","protected":false},"featured_media":13649,"template":"","meta":[],"product_brand":[],"product_cat":[451,452],"product_tag":[],"class_list":{"0":"post-12844","1":"product","2":"type-product","3":"status-publish","4":"has-post-thumbnail","6":"product_cat-aksesuar-grubu","7":"product_cat-aynalar","9":"first","10":"instock","11":"taxable","12":"shipping-taxable","13":"purchasable","14":"product-type-simple"},"_links":{"self":[{"href":"https:\/\/ceoparts.com\/fr\/wp-json\/wp\/v2\/product\/12844","targetHints":{"allow":["GET"]}}],"collection":[{"href":"https:\/\/ceoparts.com\/fr\/wp-json\/wp\/v2\/product"}],"about":[{"href":"https:\/\/ceoparts.com\/fr\/wp-json\/wp\/v2\/types\/product"}],"wp:featuredmedia":[{"embeddable":true,"href":"https:\/\/ceoparts.com\/fr\/wp-json\/wp\/v2\/media\/13649"}],"wp:attachment":[{"href":"https:\/\/ceoparts.com\/fr\/wp-json\/wp\/v2\/media?parent=12844"}],"wp:term":[{"taxonomy":"product_brand","embeddable":true,"href":"https:\/\/ceoparts.com\/fr\/wp-json\/wp\/v2\/product_brand?post=12844"},{"taxonomy":"product_cat","embeddable":true,"href":"https:\/\/ceoparts.com\/fr\/wp-json\/wp\/v2\/product_cat?post=12844"},{"taxonomy":"product_tag","embeddable":true,"href":"https:\/\/ceoparts.com\/fr\/wp-json\/wp\/v2\/product_tag?post=12844"}],"curies":[{"name":"wp","href":"https:\/\/api.w.org\/{rel}","templated":true}]}}