{"id":12879,"date":"2025-01-13T17:32:20","date_gmt":"2025-01-13T14:32:20","guid":{"rendered":"https:\/\/ceoparts.com\/?post_type=product&#038;p=12879"},"modified":"2026-05-16T18:34:55","modified_gmt":"2026-05-16T15:34:55","slug":"emniyet-kemeri-sensorlu-turuncu-securoni","status":"publish","type":"product","link":"https:\/\/ceoparts.com\/fr\/urun\/emniyet-kemeri-sensorlu-turuncu-securoni\/","title":{"rendered":"Ceinture de s\u00e9curit\u00e9 avec capteur, Orange &#8211; SECURONI"},"content":{"rendered":"<p>Ceinture de s\u00e9curit\u00e9 avec capteur, Orange &#8211; SECURONI<\/p>","protected":false},"excerpt":{"rendered":"<p data-start=\"0\" data-end=\"235\"><br data-start=\"2141\" data-end=\"2144\" \/>Capteur de ceinture de s\u00e9curit\u00e9 orange \u2013 Securoni est un syst\u00e8me de connexion de ceinture de s\u00e9curit\u00e9 de couleur orange avec capteur, utilis\u00e9 dans les chariots \u00e9l\u00e9vateurs et machines. Sa fonction de capteur assure une surveillance de s\u00e9curit\u00e9 et am\u00e9liore la protection de l\u2019op\u00e9rateur.<\/p>\n<p data-start=\"2430\" data-end=\"2769\"><strong data-start=\"2430\" data-end=\"2452\">Caract\u00e9ristiques :<\/strong><br data-start=\"2452\" data-end=\"2455\" \/><strong data-start=\"2455\" data-end=\"2475\">Nom du produit :<\/strong> Capteur de ceinture de s\u00e9curit\u00e9 orange \u2013 Securoni<br data-start=\"2525\" data-end=\"2528\" \/><strong data-start=\"2528\" data-end=\"2544\">Code pi\u00e8ce :<\/strong> \u2013<br data-start=\"2546\" data-end=\"2549\" \/><strong data-start=\"2549\" data-end=\"2563\">Mat\u00e9riau :<\/strong> Plastique et m\u00e9tal durables<br data-start=\"2591\" data-end=\"2594\" \/><strong data-start=\"2594\" data-end=\"2620\">Domaine d\u2019utilisation:<\/strong> Syst\u00e8me de s\u00e9curit\u00e9 pour chariots \u00e9l\u00e9vateurs et machines<br data-start=\"2677\" data-end=\"2680\" \/><strong data-start=\"2680\" data-end=\"2693\">Avantage:<\/strong> Surveillance de s\u00e9curit\u00e9 par capteur, design durable, installation facile<\/p>\n<p data-start=\"2771\" data-end=\"3061\">\n","protected":false},"featured_media":12885,"template":"","meta":[],"product_brand":[],"product_cat":[451,453],"product_tag":[],"class_list":{"0":"post-12879","1":"product","2":"type-product","3":"status-publish","4":"has-post-thumbnail","6":"product_cat-aksesuar-grubu","7":"product_cat-emniyet-kemerleri","9":"first","10":"instock","11":"taxable","12":"shipping-taxable","13":"purchasable","14":"product-type-simple"},"_links":{"self":[{"href":"https:\/\/ceoparts.com\/fr\/wp-json\/wp\/v2\/product\/12879","targetHints":{"allow":["GET"]}}],"collection":[{"href":"https:\/\/ceoparts.com\/fr\/wp-json\/wp\/v2\/product"}],"about":[{"href":"https:\/\/ceoparts.com\/fr\/wp-json\/wp\/v2\/types\/product"}],"wp:featuredmedia":[{"embeddable":true,"href":"https:\/\/ceoparts.com\/fr\/wp-json\/wp\/v2\/media\/12885"}],"wp:attachment":[{"href":"https:\/\/ceoparts.com\/fr\/wp-json\/wp\/v2\/media?parent=12879"}],"wp:term":[{"taxonomy":"product_brand","embeddable":true,"href":"https:\/\/ceoparts.com\/fr\/wp-json\/wp\/v2\/product_brand?post=12879"},{"taxonomy":"product_cat","embeddable":true,"href":"https:\/\/ceoparts.com\/fr\/wp-json\/wp\/v2\/product_cat?post=12879"},{"taxonomy":"product_tag","embeddable":true,"href":"https:\/\/ceoparts.com\/fr\/wp-json\/wp\/v2\/product_tag?post=12879"}],"curies":[{"name":"wp","href":"https:\/\/api.w.org\/{rel}","templated":true}]}}