{"id":12902,"date":"2025-01-14T09:01:32","date_gmt":"2025-01-14T06:01:32","guid":{"rendered":"https:\/\/ceoparts.com\/?post_type=product&#038;p=12902"},"modified":"2026-05-16T19:46:05","modified_gmt":"2026-05-16T16:46:05","slug":"korna-kalin-ses-12-v","status":"publish","type":"product","link":"https:\/\/ceoparts.com\/fr\/urun\/korna-kalin-ses-12-v\/","title":{"rendered":"Klaxon Son Grave 12 V"},"content":{"rendered":"<p>Klaxon Son Grave 12 V<\/p>","protected":false},"excerpt":{"rendered":"<p data-start=\"0\" data-end=\"184\"><br data-start=\"1881\" data-end=\"1884\" \/>Klaxon Son \u00c9pais 12V est un klaxon durable avec une haute performance sonore utilis\u00e9 dans les chariots \u00e9l\u00e9vateurs et machines \u00e9lectriques 12V. Il offre un son fort et clair pour un avertissement s\u00e9curis\u00e9.<\/p>\n<p data-start=\"2090\" data-end=\"2388\"><strong data-start=\"2090\" data-end=\"2112\">Caract\u00e9ristiques :<\/strong><br data-start=\"2112\" data-end=\"2115\" \/><strong data-start=\"2115\" data-end=\"2135\">Nom du produit :<\/strong> Klaxon Son \u00c9pais \u2013 12V<br data-start=\"2158\" data-end=\"2161\" \/><strong data-start=\"2161\" data-end=\"2177\">Code pi\u00e8ce :<\/strong> \u2013<br data-start=\"2179\" data-end=\"2182\" \/><strong data-start=\"2182\" data-end=\"2196\">Mat\u00e9riau :<\/strong> Plastique et m\u00e9tal durables<br data-start=\"2224\" data-end=\"2227\" \/><strong data-start=\"2227\" data-end=\"2253\">Domaine d\u2019utilisation:<\/strong> Syst\u00e8me de klaxon pour chariots \u00e9l\u00e9vateurs et machines \u00e9lectriques 12V<br data-start=\"2324\" data-end=\"2327\" \/><strong data-start=\"2327\" data-end=\"2340\">Avantage:<\/strong> Son fort, design durable, installation facile<\/p>\n<p data-start=\"2390\" data-end=\"2587\">\n","protected":false},"featured_media":12903,"template":"","meta":[],"product_brand":[],"product_cat":[451,455],"product_tag":[],"class_list":{"0":"post-12902","1":"product","2":"type-product","3":"status-publish","4":"has-post-thumbnail","6":"product_cat-aksesuar-grubu","7":"product_cat-kornalar","9":"first","10":"instock","11":"taxable","12":"shipping-taxable","13":"purchasable","14":"product-type-simple"},"_links":{"self":[{"href":"https:\/\/ceoparts.com\/fr\/wp-json\/wp\/v2\/product\/12902","targetHints":{"allow":["GET"]}}],"collection":[{"href":"https:\/\/ceoparts.com\/fr\/wp-json\/wp\/v2\/product"}],"about":[{"href":"https:\/\/ceoparts.com\/fr\/wp-json\/wp\/v2\/types\/product"}],"wp:featuredmedia":[{"embeddable":true,"href":"https:\/\/ceoparts.com\/fr\/wp-json\/wp\/v2\/media\/12903"}],"wp:attachment":[{"href":"https:\/\/ceoparts.com\/fr\/wp-json\/wp\/v2\/media?parent=12902"}],"wp:term":[{"taxonomy":"product_brand","embeddable":true,"href":"https:\/\/ceoparts.com\/fr\/wp-json\/wp\/v2\/product_brand?post=12902"},{"taxonomy":"product_cat","embeddable":true,"href":"https:\/\/ceoparts.com\/fr\/wp-json\/wp\/v2\/product_cat?post=12902"},{"taxonomy":"product_tag","embeddable":true,"href":"https:\/\/ceoparts.com\/fr\/wp-json\/wp\/v2\/product_tag?post=12902"}],"curies":[{"name":"wp","href":"https:\/\/api.w.org\/{rel}","templated":true}]}}