{"id":12952,"date":"2025-01-14T13:16:51","date_gmt":"2025-01-14T10:16:51","guid":{"rendered":"https:\/\/ceoparts.com\/?post_type=product&#038;p=12952"},"modified":"2026-05-17T00:19:25","modified_gmt":"2026-05-16T21:19:25","slug":"jungheinrich-acil-stop-butonu-ere-eje-ece-69384970-139ta2561","status":"publish","type":"product","link":"https:\/\/ceoparts.com\/fr\/urun\/jungheinrich-acil-stop-butonu-ere-eje-ece-69384970-139ta2561\/","title":{"rendered":"Bouton d&#8217;Urgence Jungheinrich &#8211; ERE\/EJE\/ECE &#8211; 69384970, 139TA2561"},"content":{"rendered":"<p>Bouton d&#8217;Urgence Jungheinrich &#8211; ERE\/EJE\/ECE &#8211; 69384970, 139TA2561<\/p>\n<p>TFG\/DFG<br \/>\nECC<br \/>\nECE<br \/>\nERC<br \/>\nERD<br \/>\nERE<br \/>\nEZS<br \/>\nEJC<br \/>\nEFG<br \/>\nESE<br \/>\nEJE<\/p>","protected":false},"excerpt":{"rendered":"<p data-start=\"0\" data-end=\"218\"><br data-start=\"2198\" data-end=\"2201\" \/>Bouton d\u2019arr\u00eat d\u2019urgence Jungheinrich \u2013 ERE\/EJE\/ECE est un bouton d\u2019arr\u00eat d\u2019urgence durable utilis\u00e9 sur les mod\u00e8les de chariots \u00e9l\u00e9vateurs Jungheinrich. Fabriqu\u00e9 avec des mat\u00e9riaux de haute qualit\u00e9, il assure une r\u00e9ponse rapide et une utilisation s\u00e9curis\u00e9e.<\/p>\n<p data-start=\"2460\" data-end=\"2824\"><strong data-start=\"2460\" data-end=\"2482\">Caract\u00e9ristiques :<\/strong><br data-start=\"2482\" data-end=\"2485\" \/><strong data-start=\"2485\" data-end=\"2505\">Nom du produit :<\/strong> Bouton d\u2019arr\u00eat d\u2019urgence Jungheinrich \u2013 ERE\/EJE\/ECE<br data-start=\"2557\" data-end=\"2560\" \/><strong data-start=\"2560\" data-end=\"2576\">Code pi\u00e8ce :<\/strong> 69384970, 139TA2561<br data-start=\"2596\" data-end=\"2599\" \/><strong data-start=\"2599\" data-end=\"2613\">Mat\u00e9riau :<\/strong> Plastique et m\u00e9tal durables<br data-start=\"2641\" data-end=\"2644\" \/><strong data-start=\"2644\" data-end=\"2670\">Domaine d\u2019utilisation:<\/strong> Syst\u00e8me d\u2019arr\u00eat d\u2019urgence pour chariots \u00e9l\u00e9vateurs Jungheinrich ERE, EJE, ECE<br data-start=\"2748\" data-end=\"2751\" \/><strong data-start=\"2751\" data-end=\"2764\">Avantage:<\/strong> R\u00e9ponse rapide, conception s\u00e9curis\u00e9e, installation facile<\/p>\n<p data-start=\"2826\" data-end=\"3069\">\n","protected":false},"featured_media":12993,"template":"","meta":[],"product_brand":[],"product_cat":[236,451,454,522],"product_tag":[],"class_list":{"0":"post-12952","1":"product","2":"type-product","3":"status-publish","4":"has-post-thumbnail","6":"product_cat-jungheinrich","7":"product_cat-aksesuar-grubu","8":"product_cat-switch-ve-buton","9":"product_cat-yedek-parca-jungheinrich","11":"first","12":"instock","13":"taxable","14":"shipping-taxable","15":"purchasable","16":"product-type-simple"},"_links":{"self":[{"href":"https:\/\/ceoparts.com\/fr\/wp-json\/wp\/v2\/product\/12952","targetHints":{"allow":["GET"]}}],"collection":[{"href":"https:\/\/ceoparts.com\/fr\/wp-json\/wp\/v2\/product"}],"about":[{"href":"https:\/\/ceoparts.com\/fr\/wp-json\/wp\/v2\/types\/product"}],"wp:featuredmedia":[{"embeddable":true,"href":"https:\/\/ceoparts.com\/fr\/wp-json\/wp\/v2\/media\/12993"}],"wp:attachment":[{"href":"https:\/\/ceoparts.com\/fr\/wp-json\/wp\/v2\/media?parent=12952"}],"wp:term":[{"taxonomy":"product_brand","embeddable":true,"href":"https:\/\/ceoparts.com\/fr\/wp-json\/wp\/v2\/product_brand?post=12952"},{"taxonomy":"product_cat","embeddable":true,"href":"https:\/\/ceoparts.com\/fr\/wp-json\/wp\/v2\/product_cat?post=12952"},{"taxonomy":"product_tag","embeddable":true,"href":"https:\/\/ceoparts.com\/fr\/wp-json\/wp\/v2\/product_tag?post=12952"}],"curies":[{"name":"wp","href":"https:\/\/api.w.org\/{rel}","templated":true}]}}