{"id":12962,"date":"2025-01-14T13:25:16","date_gmt":"2025-01-14T10:25:16","guid":{"rendered":"https:\/\/ceoparts.com\/?post_type=product&#038;p=12962"},"modified":"2026-05-16T17:05:18","modified_gmt":"2026-05-16T14:05:18","slug":"bt-indirme-kaldirma-butonu-171665","status":"publish","type":"product","link":"https:\/\/ceoparts.com\/fr\/urun\/bt-indirme-kaldirma-butonu-171665\/","title":{"rendered":"Bouton de T\u00e9l\u00e9chargement \/ Lev\u00e9e BT &#8211; 171665"},"content":{"rendered":"<p>Bouton de T\u00e9l\u00e9chargement \/ Lev\u00e9e BT &#8211; 171665<\/p>\n<p>BT<\/p>\n<p>OL<\/p>\n<p>OSE<\/p>\n<p>TSE<\/p>\n<p>OME<\/p>\n<p>HWE 100<\/p>\n<p>S<\/p>\n<p>SWE<\/p>\n<p>LPE<\/p>\n<p>LWE<\/p>\n<p>P20, P24<\/p>\n<p>W<\/p>\n<p>AL, AS<\/p>\n<p>LAE<\/p>\n<p>SAE<\/p>\n<p>&nbsp;<\/p>","protected":false},"excerpt":{"rendered":"<p data-start=\"0\" data-end=\"192\"><br data-start=\"1904\" data-end=\"1907\" \/>Bouton lever\/abaisser BT est un bouton durable utilis\u00e9 sur les chariots \u00e9l\u00e9vateurs BT pour contr\u00f4ler les op\u00e9rations de levage et d\u2019abaissement de la charge. Fabriqu\u00e9 avec des mat\u00e9riaux robustes, il offre une performance pr\u00e9cise et fiable.<\/p>\n<p data-start=\"2147\" data-end=\"2466\"><strong data-start=\"2147\" data-end=\"2169\">Caract\u00e9ristiques :<\/strong><br data-start=\"2169\" data-end=\"2172\" \/><strong data-start=\"2172\" data-end=\"2192\">Nom du produit :<\/strong> Bouton lever\/abaisser BT<br data-start=\"2217\" data-end=\"2220\" \/><strong data-start=\"2220\" data-end=\"2236\">Code pi\u00e8ce :<\/strong> 171665<br data-start=\"2243\" data-end=\"2246\" \/><strong data-start=\"2246\" data-end=\"2260\">Mat\u00e9riau :<\/strong> Plastique et m\u00e9tal durables<br data-start=\"2288\" data-end=\"2291\" \/><strong data-start=\"2291\" data-end=\"2317\">Domaine d\u2019utilisation:<\/strong> Contr\u00f4le de levage et d\u2019abaissement de charge sur chariots \u00e9l\u00e9vateurs BT<br data-start=\"2390\" data-end=\"2393\" \/><strong data-start=\"2393\" data-end=\"2406\">Avantage:<\/strong> R\u00e9ponse pr\u00e9cise, longue dur\u00e9e de vie, installation facile<\/p>\n<p data-start=\"2468\" data-end=\"2727\">\n","protected":false},"featured_media":12963,"template":"","meta":[],"product_brand":[],"product_cat":[251,451,454,518],"product_tag":[],"class_list":{"0":"post-12962","1":"product","2":"type-product","3":"status-publish","4":"has-post-thumbnail","6":"product_cat-bt","7":"product_cat-aksesuar-grubu","8":"product_cat-switch-ve-buton","9":"product_cat-yedek-parca-bt","11":"first","12":"instock","13":"taxable","14":"shipping-taxable","15":"purchasable","16":"product-type-simple"},"_links":{"self":[{"href":"https:\/\/ceoparts.com\/fr\/wp-json\/wp\/v2\/product\/12962","targetHints":{"allow":["GET"]}}],"collection":[{"href":"https:\/\/ceoparts.com\/fr\/wp-json\/wp\/v2\/product"}],"about":[{"href":"https:\/\/ceoparts.com\/fr\/wp-json\/wp\/v2\/types\/product"}],"wp:featuredmedia":[{"embeddable":true,"href":"https:\/\/ceoparts.com\/fr\/wp-json\/wp\/v2\/media\/12963"}],"wp:attachment":[{"href":"https:\/\/ceoparts.com\/fr\/wp-json\/wp\/v2\/media?parent=12962"}],"wp:term":[{"taxonomy":"product_brand","embeddable":true,"href":"https:\/\/ceoparts.com\/fr\/wp-json\/wp\/v2\/product_brand?post=12962"},{"taxonomy":"product_cat","embeddable":true,"href":"https:\/\/ceoparts.com\/fr\/wp-json\/wp\/v2\/product_cat?post=12962"},{"taxonomy":"product_tag","embeddable":true,"href":"https:\/\/ceoparts.com\/fr\/wp-json\/wp\/v2\/product_tag?post=12962"}],"curies":[{"name":"wp","href":"https:\/\/api.w.org\/{rel}","templated":true}]}}