{"id":12966,"date":"2025-01-14T13:29:13","date_gmt":"2025-01-14T10:29:13","guid":{"rendered":"https:\/\/ceoparts.com\/?post_type=product&#038;p=12966"},"modified":"2026-05-16T15:01:06","modified_gmt":"2026-05-16T12:01:06","slug":"linde-acil-stop-butonu-7915399114","status":"publish","type":"product","link":"https:\/\/ceoparts.com\/fr\/urun\/linde-acil-stop-butonu-7915399114\/","title":{"rendered":"Bouton d&#8217;Urgence Linde &#8211; 7915399114"},"content":{"rendered":"<p>Bouton d&#8217;Urgence Linde &#8211; 7915399114<\/p>\n<table border=\"0\" width=\"438\" cellspacing=\"0\" cellpadding=\"0\">\n<tbody>\n<tr>\n<td class=\"xl65\" width=\"82\" height=\"20\"><span style=\"font-family: Calibri;\">1110<\/span><\/td>\n<td width=\"356\"><span style=\"font-family: Calibri;\">V08-01\/V08-02<\/span><\/td>\n<\/tr>\n<tr>\n<td class=\"xl65\" height=\"20\"><span style=\"font-family: Calibri;\">1111<\/span><\/td>\n<td><span style=\"font-family: Calibri;\">N20VI &#8211; N20VLI<\/span><\/td>\n<\/tr>\n<tr>\n<td class=\"xl65\" height=\"20\"><span style=\"font-family: Calibri;\">1152<\/span><\/td>\n<td><span style=\"font-family: Calibri;\">T16\/T18\/T20\/T16L<\/span><\/td>\n<\/tr>\n<tr>\n<td class=\"xl65\" height=\"20\"><span style=\"font-family: Calibri;\">1158<\/span><\/td>\n<td><span style=\"font-family: Calibri;\">T30\/T30AP<\/span><\/td>\n<\/tr>\n<tr>\n<td class=\"xl65\" height=\"20\"><span style=\"font-family: Calibri;\">1158<\/span><\/td>\n<td><span style=\"font-family: Calibri;\">T20AP-04\/T20SP<\/span><\/td>\n<\/tr>\n<tr>\n<td class=\"xl65\" height=\"20\"><span style=\"font-family: Calibri;\">1169<\/span><\/td>\n<td><span style=\"font-family: Calibri;\">L10\/L12\/L14C<\/span><\/td>\n<\/tr>\n<tr>\n<td class=\"xl65\" height=\"20\"><span style=\"font-family: Calibri;\">1169<\/span><\/td>\n<td><span style=\"font-family: Calibri;\">L10P\/L12P\/L14P<\/span><\/td>\n<\/tr>\n<tr>\n<td class=\"xl65\" height=\"20\"><span style=\"font-family: Calibri;\">1170<\/span><\/td>\n<td><span style=\"font-family: Calibri;\">L06\/10\/12\/16AC<\/span><\/td>\n<\/tr>\n<tr>\n<td class=\"xl65\" height=\"20\"><span style=\"font-family: Calibri;\">1172<\/span><\/td>\n<td><span style=\"font-family: Calibri;\">L10\/L12\/L12i<\/span><\/td>\n<\/tr>\n<tr>\n<td class=\"xl65\" height=\"20\"><span style=\"font-family: Calibri;\">1173<\/span><\/td>\n<td><span style=\"font-family: Calibri;\">L14\/L16\/L20<\/span><\/td>\n<\/tr>\n<tr>\n<td class=\"xl65\" height=\"20\"><span style=\"font-family: Calibri;\">1189<\/span><\/td>\n<td><span style=\"font-family: Calibri;\">P30C\/P50C<\/span><\/td>\n<\/tr>\n<tr>\n<td class=\"xl65\" height=\"20\"><span style=\"font-family: Calibri;\">1190<\/span><\/td>\n<td><span style=\"font-family: Calibri;\">P30C\/P50C<\/span><\/td>\n<\/tr>\n<tr>\n<td class=\"xl65\" height=\"20\"><span style=\"font-family: Calibri;\">131<\/span><\/td>\n<td><span style=\"font-family: Calibri;\">T20AP\/T20SP<\/span><\/td>\n<\/tr>\n<tr>\n<td class=\"xl65\" height=\"20\"><span style=\"font-family: Calibri;\">131<\/span><\/td>\n<td><span style=\"font-family: Calibri;\">T30<\/span><\/td>\n<\/tr>\n<tr>\n<td class=\"xl65\" height=\"20\"><span style=\"font-family: Calibri;\">131<\/span><\/td>\n<td><span style=\"font-family: Calibri;\">L14\/16AS<\/span><\/td>\n<\/tr>\n<tr>\n<td class=\"xl65\" height=\"20\"><span style=\"font-family: Calibri;\">131<\/span><\/td>\n<td><span style=\"font-family: Calibri;\">P50<\/span><\/td>\n<\/tr>\n<tr>\n<td class=\"xl65\" height=\"20\"><span style=\"font-family: Calibri;\">132<\/span><\/td>\n<td><span style=\"font-family: Calibri;\">N20\/N24\/N20L\/N20LI<\/span><\/td>\n<\/tr>\n<tr>\n<td class=\"xl65\" height=\"20\"><span style=\"font-family: Calibri;\">132<\/span><\/td>\n<td><span style=\"font-family: Calibri;\">P30<\/span><\/td>\n<\/tr>\n<tr>\n<td class=\"xl65\" height=\"20\"><span style=\"font-family: Calibri;\">133<\/span><\/td>\n<td><span style=\"font-family: Calibri;\">L12\/L14-L12L\/L14L-L12LHP<\/span><\/td>\n<\/tr>\n<tr>\n<td class=\"xl65\" height=\"20\"><span style=\"font-family: Calibri;\">139<\/span><\/td>\n<td><span style=\"font-family: Calibri;\">L12\/16R<\/span><\/td>\n<\/tr>\n<tr>\n<td class=\"xl65\" height=\"20\"><span style=\"font-family: Calibri;\">140<\/span><\/td>\n<td><span style=\"font-family: Calibri;\">T20R<\/span><\/td>\n<\/tr>\n<tr>\n<td class=\"xl65\" height=\"20\"><span style=\"font-family: Calibri;\">141<\/span><\/td>\n<td><span style=\"font-family: Calibri;\">P30\/50<\/span><\/td>\n<\/tr>\n<tr>\n<td class=\"xl65\" height=\"20\"><span style=\"font-family: Calibri;\">141<\/span><\/td>\n<td><span style=\"font-family: Calibri;\">T20AP<\/span><\/td>\n<\/tr>\n<tr>\n<td class=\"xl65\" height=\"20\"><span style=\"font-family: Calibri;\">141<\/span><\/td>\n<td><span style=\"font-family: Calibri;\">T20\/30<\/span><\/td>\n<\/tr>\n<tr>\n<td class=\"xl65\" height=\"20\"><span style=\"font-family: Calibri;\">141<\/span><\/td>\n<td><span style=\"font-family: Calibri;\">L12L\/L12LP<\/span><\/td>\n<\/tr>\n<tr>\n<td class=\"xl65\" height=\"20\"><span style=\"font-family: Calibri;\">141<\/span><\/td>\n<td><span style=\"font-family: Calibri;\">L16AS<\/span><\/td>\n<\/tr>\n<tr>\n<td class=\"xl65\" height=\"20\"><span style=\"font-family: Calibri;\">144<\/span><\/td>\n<td><span style=\"font-family: Calibri;\">T20S\/T20SF<\/span><\/td>\n<\/tr>\n<tr>\n<td class=\"xl65\" height=\"20\"><span style=\"font-family: Calibri;\">144<\/span><\/td>\n<td><span style=\"font-family: Calibri;\">L12LS\/L20LS<\/span><\/td>\n<\/tr>\n<tr>\n<td class=\"xl65\" height=\"20\"><span style=\"font-family: Calibri;\">360<\/span><\/td>\n<td><span style=\"font-family: Calibri;\">T16\/T18\/T20\/T16L<\/span><\/td>\n<\/tr>\n<tr>\n<td class=\"xl65\" height=\"20\"><span style=\"font-family: Calibri;\">372<\/span><\/td>\n<td><span style=\"font-family: Calibri;\">L14\/16<\/span><\/td>\n<\/tr>\n<tr>\n<td class=\"xl65\" height=\"20\"><span style=\"font-family: Calibri;\">372<\/span><\/td>\n<td><span style=\"font-family: Calibri;\">L14\/16\/L14AP\/16AP<\/span><\/td>\n<\/tr>\n<tr>\n<td class=\"xl65\" height=\"20\"><span style=\"font-family: Calibri;\">379<\/span><\/td>\n<td><span style=\"font-family: Calibri;\">L10\/12-L10\/12AS<\/span><\/td>\n<\/tr>\n<\/tbody>\n<\/table>","protected":false},"excerpt":{"rendered":"<p data-start=\"0\" data-end=\"179\"><br data-start=\"1851\" data-end=\"1854\" \/>Bouton d\u2019arr\u00eat d\u2019urgence Linde est un bouton d\u2019arr\u00eat d\u2019urgence durable utilis\u00e9 sur les chariots \u00e9l\u00e9vateurs Linde. Fabriqu\u00e9 avec des mat\u00e9riaux de haute qualit\u00e9, il assure une r\u00e9ponse rapide et une utilisation s\u00e9curis\u00e9e.<\/p>\n<p data-start=\"2074\" data-end=\"2387\"><strong data-start=\"2074\" data-end=\"2096\">Caract\u00e9ristiques :<\/strong><br data-start=\"2096\" data-end=\"2099\" \/><strong data-start=\"2099\" data-end=\"2119\">Nom du produit :<\/strong> Bouton d\u2019arr\u00eat d\u2019urgence Linde<br data-start=\"2150\" data-end=\"2153\" \/><strong data-start=\"2153\" data-end=\"2169\">Code pi\u00e8ce :<\/strong> 7915399114<br data-start=\"2180\" data-end=\"2183\" \/><strong data-start=\"2183\" data-end=\"2197\">Mat\u00e9riau :<\/strong> Plastique et m\u00e9tal durables<br data-start=\"2225\" data-end=\"2228\" \/><strong data-start=\"2228\" data-end=\"2254\">Domaine d\u2019utilisation:<\/strong> Syst\u00e8me d\u2019arr\u00eat d\u2019urgence pour chariots \u00e9l\u00e9vateurs Linde<br data-start=\"2311\" data-end=\"2314\" \/><strong data-start=\"2314\" data-end=\"2327\">Avantage:<\/strong> R\u00e9ponse rapide, conception s\u00e9curis\u00e9e, installation facile<\/p>\n<p data-start=\"2389\" data-end=\"2593\">\n","protected":false},"featured_media":12967,"template":"","meta":[],"product_brand":[],"product_cat":[246,451,454,523],"product_tag":[],"class_list":{"0":"post-12966","1":"product","2":"type-product","3":"status-publish","4":"has-post-thumbnail","6":"product_cat-linde","7":"product_cat-aksesuar-grubu","8":"product_cat-switch-ve-buton","9":"product_cat-yedek-parca-linde","11":"first","12":"instock","13":"taxable","14":"shipping-taxable","15":"purchasable","16":"product-type-simple"},"_links":{"self":[{"href":"https:\/\/ceoparts.com\/fr\/wp-json\/wp\/v2\/product\/12966","targetHints":{"allow":["GET"]}}],"collection":[{"href":"https:\/\/ceoparts.com\/fr\/wp-json\/wp\/v2\/product"}],"about":[{"href":"https:\/\/ceoparts.com\/fr\/wp-json\/wp\/v2\/types\/product"}],"wp:featuredmedia":[{"embeddable":true,"href":"https:\/\/ceoparts.com\/fr\/wp-json\/wp\/v2\/media\/12967"}],"wp:attachment":[{"href":"https:\/\/ceoparts.com\/fr\/wp-json\/wp\/v2\/media?parent=12966"}],"wp:term":[{"taxonomy":"product_brand","embeddable":true,"href":"https:\/\/ceoparts.com\/fr\/wp-json\/wp\/v2\/product_brand?post=12966"},{"taxonomy":"product_cat","embeddable":true,"href":"https:\/\/ceoparts.com\/fr\/wp-json\/wp\/v2\/product_cat?post=12966"},{"taxonomy":"product_tag","embeddable":true,"href":"https:\/\/ceoparts.com\/fr\/wp-json\/wp\/v2\/product_tag?post=12966"}],"curies":[{"name":"wp","href":"https:\/\/api.w.org\/{rel}","templated":true}]}}