{"id":12974,"date":"2025-01-14T13:42:39","date_gmt":"2025-01-14T10:42:39","guid":{"rendered":"https:\/\/ceoparts.com\/?post_type=product&#038;p=12974"},"modified":"2026-05-16T17:12:33","modified_gmt":"2026-05-16T14:12:33","slug":"still-exu-buton-kirmizi-4492821","status":"publish","type":"product","link":"https:\/\/ceoparts.com\/fr\/urun\/still-exu-buton-kirmizi-4492821\/","title":{"rendered":"Bouton STILL EXU &#8211; Rouge &#8211; 4492821"},"content":{"rendered":"<p>Bouton STILL EXU &#8211; Rouge &#8211; 4492821<\/p>","protected":false},"excerpt":{"rendered":"<p data-start=\"0\" data-end=\"190\"><br data-start=\"1913\" data-end=\"1916\" \/>Bouton STILL EXU \u2013 Rouge est un bouton rouge durable utilis\u00e9 sur les chariots \u00e9l\u00e9vateurs et les engins STILL. Fabriqu\u00e9 avec des mat\u00e9riaux durables, il offre une r\u00e9ponse pr\u00e9cise et une installation facile.<\/p>\n<p data-start=\"2122\" data-end=\"2425\"><strong data-start=\"2122\" data-end=\"2144\">Caract\u00e9ristiques :<\/strong><br data-start=\"2144\" data-end=\"2147\" \/><strong data-start=\"2147\" data-end=\"2167\">Nom du produit :<\/strong> Bouton STILL EXU \u2013 Rouge<br data-start=\"2192\" data-end=\"2195\" \/><strong data-start=\"2195\" data-end=\"2211\">Code pi\u00e8ce :<\/strong> 4492821<br data-start=\"2219\" data-end=\"2222\" \/><strong data-start=\"2222\" data-end=\"2236\">Mat\u00e9riau :<\/strong> Plastique et m\u00e9tal durables<br data-start=\"2264\" data-end=\"2267\" \/><strong data-start=\"2267\" data-end=\"2293\">Domaine d\u2019utilisation:<\/strong> Syst\u00e8me de contr\u00f4le pour chariots \u00e9l\u00e9vateurs et engins STILL<br data-start=\"2354\" data-end=\"2357\" \/><strong data-start=\"2357\" data-end=\"2370\">Avantage:<\/strong> Design durable, r\u00e9ponse pr\u00e9cise, installation facile<\/p>\n<p data-start=\"2427\" data-end=\"2632\">\n","protected":false},"featured_media":13016,"template":"","meta":[],"product_brand":[],"product_cat":[241,451,454,524],"product_tag":[],"class_list":{"0":"post-12974","1":"product","2":"type-product","3":"status-publish","4":"has-post-thumbnail","6":"product_cat-still","7":"product_cat-aksesuar-grubu","8":"product_cat-switch-ve-buton","9":"product_cat-yedek-parca-still","11":"first","12":"instock","13":"taxable","14":"shipping-taxable","15":"purchasable","16":"product-type-simple"},"_links":{"self":[{"href":"https:\/\/ceoparts.com\/fr\/wp-json\/wp\/v2\/product\/12974","targetHints":{"allow":["GET"]}}],"collection":[{"href":"https:\/\/ceoparts.com\/fr\/wp-json\/wp\/v2\/product"}],"about":[{"href":"https:\/\/ceoparts.com\/fr\/wp-json\/wp\/v2\/types\/product"}],"wp:featuredmedia":[{"embeddable":true,"href":"https:\/\/ceoparts.com\/fr\/wp-json\/wp\/v2\/media\/13016"}],"wp:attachment":[{"href":"https:\/\/ceoparts.com\/fr\/wp-json\/wp\/v2\/media?parent=12974"}],"wp:term":[{"taxonomy":"product_brand","embeddable":true,"href":"https:\/\/ceoparts.com\/fr\/wp-json\/wp\/v2\/product_brand?post=12974"},{"taxonomy":"product_cat","embeddable":true,"href":"https:\/\/ceoparts.com\/fr\/wp-json\/wp\/v2\/product_cat?post=12974"},{"taxonomy":"product_tag","embeddable":true,"href":"https:\/\/ceoparts.com\/fr\/wp-json\/wp\/v2\/product_tag?post=12974"}],"curies":[{"name":"wp","href":"https:\/\/api.w.org\/{rel}","templated":true}]}}