{"id":12979,"date":"2025-01-14T13:47:39","date_gmt":"2025-01-14T10:47:39","guid":{"rendered":"https:\/\/ceoparts.com\/?post_type=product&#038;p=12979"},"modified":"2026-05-16T11:44:11","modified_gmt":"2026-05-16T08:44:11","slug":"linde-yukari-asagi-butonu-0039732605","status":"publish","type":"product","link":"https:\/\/ceoparts.com\/fr\/urun\/linde-yukari-asagi-butonu-0039732605\/","title":{"rendered":"Bouton Haut-Bas LINDE &#8211; 0039732605"},"content":{"rendered":"<p>Bouton Haut-Bas LINDE &#8211; 0039732605<\/p>\n<p>Bouton Haut-Bas LINDE &#8211; 0039732605<\/p>\n<p>T16\/T16P\/T20\/T20P 1151-01<br \/>\nT16\/T18\/T20-T16L 1152-01<\/p>","protected":false},"excerpt":{"rendered":"<p data-start=\"0\" data-end=\"198\"><br data-start=\"1895\" data-end=\"1898\" \/>Bouton haut\/bas Linde est un bouton durable utilis\u00e9 dans les chariots \u00e9l\u00e9vateurs Linde pour contr\u00f4ler les op\u00e9rations de levage et d\u2019abaissement. Fabriqu\u00e9 avec des mat\u00e9riaux robustes, il offre une performance pr\u00e9cise et fiable.<\/p>\n<p data-start=\"2126\" data-end=\"2435\"><strong data-start=\"2126\" data-end=\"2148\">Caract\u00e9ristiques :<\/strong><br data-start=\"2148\" data-end=\"2151\" \/><strong data-start=\"2151\" data-end=\"2171\">Nom du produit :<\/strong> Bouton haut\/bas Linde<br data-start=\"2193\" data-end=\"2196\" \/><strong data-start=\"2196\" data-end=\"2212\">Code pi\u00e8ce :<\/strong> 0039732605<br data-start=\"2223\" data-end=\"2226\" \/><strong data-start=\"2226\" data-end=\"2240\">Mat\u00e9riau :<\/strong> Plastique et m\u00e9tal durables<br data-start=\"2268\" data-end=\"2271\" \/><strong data-start=\"2271\" data-end=\"2297\">Domaine d\u2019utilisation:<\/strong> Contr\u00f4le des mouvements haut\/bas dans les chariots \u00e9l\u00e9vateurs<br data-start=\"2359\" data-end=\"2362\" \/><strong data-start=\"2362\" data-end=\"2375\">Avantage:<\/strong> R\u00e9ponse pr\u00e9cise, longue dur\u00e9e de vie, installation facile<\/p>\n<p data-start=\"2437\" data-end=\"2672\">\n","protected":false},"featured_media":13010,"template":"","meta":[],"product_brand":[],"product_cat":[246,451,454,523],"product_tag":[],"class_list":{"0":"post-12979","1":"product","2":"type-product","3":"status-publish","4":"has-post-thumbnail","6":"product_cat-linde","7":"product_cat-aksesuar-grubu","8":"product_cat-switch-ve-buton","9":"product_cat-yedek-parca-linde","11":"first","12":"instock","13":"taxable","14":"shipping-taxable","15":"purchasable","16":"product-type-simple"},"_links":{"self":[{"href":"https:\/\/ceoparts.com\/fr\/wp-json\/wp\/v2\/product\/12979","targetHints":{"allow":["GET"]}}],"collection":[{"href":"https:\/\/ceoparts.com\/fr\/wp-json\/wp\/v2\/product"}],"about":[{"href":"https:\/\/ceoparts.com\/fr\/wp-json\/wp\/v2\/types\/product"}],"wp:featuredmedia":[{"embeddable":true,"href":"https:\/\/ceoparts.com\/fr\/wp-json\/wp\/v2\/media\/13010"}],"wp:attachment":[{"href":"https:\/\/ceoparts.com\/fr\/wp-json\/wp\/v2\/media?parent=12979"}],"wp:term":[{"taxonomy":"product_brand","embeddable":true,"href":"https:\/\/ceoparts.com\/fr\/wp-json\/wp\/v2\/product_brand?post=12979"},{"taxonomy":"product_cat","embeddable":true,"href":"https:\/\/ceoparts.com\/fr\/wp-json\/wp\/v2\/product_cat?post=12979"},{"taxonomy":"product_tag","embeddable":true,"href":"https:\/\/ceoparts.com\/fr\/wp-json\/wp\/v2\/product_tag?post=12979"}],"curies":[{"name":"wp","href":"https:\/\/api.w.org\/{rel}","templated":true}]}}