{"id":12985,"date":"2025-01-14T13:57:28","date_gmt":"2025-01-14T10:57:28","guid":{"rendered":"https:\/\/ceoparts.com\/?post_type=product&#038;p=12985"},"modified":"2026-05-16T18:58:07","modified_gmt":"2026-05-16T15:58:07","slug":"still-korna-butonu-s0503037","status":"publish","type":"product","link":"https:\/\/ceoparts.com\/fr\/urun\/still-korna-butonu-s0503037\/","title":{"rendered":"Bouton Klaxon STILL &#8211; S0503037"},"content":{"rendered":"<p>Bouton Klaxon STILL &#8211; S0503037<\/p>","protected":false},"excerpt":{"rendered":"<p data-start=\"0\" data-end=\"160\"><br data-start=\"1709\" data-end=\"1712\" \/>Bouton de klaxon STILL est un bouton de klaxon durable utilis\u00e9 sur les chariots \u00e9l\u00e9vateurs STILL. Fabriqu\u00e9 avec des mat\u00e9riaux durables, il offre une r\u00e9ponse pr\u00e9cise et une installation facile.<\/p>\n<p data-start=\"1906\" data-end=\"2197\"><strong data-start=\"1906\" data-end=\"1928\">Caract\u00e9ristiques :<\/strong><br data-start=\"1928\" data-end=\"1931\" \/><strong data-start=\"1931\" data-end=\"1951\">Nom du produit :<\/strong> Bouton de klaxon STILL<br data-start=\"1974\" data-end=\"1977\" \/><strong data-start=\"1977\" data-end=\"1993\">Code pi\u00e8ce :<\/strong> S0503037<br data-start=\"2002\" data-end=\"2005\" \/><strong data-start=\"2005\" data-end=\"2019\">Mat\u00e9riau :<\/strong> Plastique et m\u00e9tal durables<br data-start=\"2047\" data-end=\"2050\" \/><strong data-start=\"2050\" data-end=\"2076\">Domaine d\u2019utilisation:<\/strong> Contr\u00f4le du klaxon pour chariots \u00e9l\u00e9vateurs STILL<br data-start=\"2126\" data-end=\"2129\" \/><strong data-start=\"2129\" data-end=\"2142\">Avantage:<\/strong> Design durable, r\u00e9ponse pr\u00e9cise, installation facile<\/p>\n<p data-start=\"2199\" data-end=\"2385\">\n","protected":false},"featured_media":12986,"template":"","meta":[],"product_brand":[],"product_cat":[241,451,454,524],"product_tag":[],"class_list":{"0":"post-12985","1":"product","2":"type-product","3":"status-publish","4":"has-post-thumbnail","6":"product_cat-still","7":"product_cat-aksesuar-grubu","8":"product_cat-switch-ve-buton","9":"product_cat-yedek-parca-still","11":"first","12":"instock","13":"taxable","14":"shipping-taxable","15":"purchasable","16":"product-type-simple"},"_links":{"self":[{"href":"https:\/\/ceoparts.com\/fr\/wp-json\/wp\/v2\/product\/12985","targetHints":{"allow":["GET"]}}],"collection":[{"href":"https:\/\/ceoparts.com\/fr\/wp-json\/wp\/v2\/product"}],"about":[{"href":"https:\/\/ceoparts.com\/fr\/wp-json\/wp\/v2\/types\/product"}],"wp:featuredmedia":[{"embeddable":true,"href":"https:\/\/ceoparts.com\/fr\/wp-json\/wp\/v2\/media\/12986"}],"wp:attachment":[{"href":"https:\/\/ceoparts.com\/fr\/wp-json\/wp\/v2\/media?parent=12985"}],"wp:term":[{"taxonomy":"product_brand","embeddable":true,"href":"https:\/\/ceoparts.com\/fr\/wp-json\/wp\/v2\/product_brand?post=12985"},{"taxonomy":"product_cat","embeddable":true,"href":"https:\/\/ceoparts.com\/fr\/wp-json\/wp\/v2\/product_cat?post=12985"},{"taxonomy":"product_tag","embeddable":true,"href":"https:\/\/ceoparts.com\/fr\/wp-json\/wp\/v2\/product_tag?post=12985"}],"curies":[{"name":"wp","href":"https:\/\/api.w.org\/{rel}","templated":true}]}}