{"id":12989,"date":"2025-01-14T14:01:52","date_gmt":"2025-01-14T11:01:52","guid":{"rendered":"https:\/\/ceoparts.com\/?post_type=product&#038;p=12989"},"modified":"2026-05-17T01:03:11","modified_gmt":"2026-05-16T22:03:11","slug":"bt-lpe-acil-buton-220822-7220003","status":"publish","type":"product","link":"https:\/\/ceoparts.com\/fr\/urun\/bt-lpe-acil-buton-220822-7220003\/","title":{"rendered":"Bouton d&#8217;Urgence BT LPE &#8211; 220822, 7220003"},"content":{"rendered":"<p>Bouton d&#8217;Urgence BT LPE &#8211; 220822, 7220003<\/p>\n<p>Bouton d&#8217;Urgence BT LPE &#8211; 220822, 7220003<\/p>\n<p><\/p>","protected":false},"excerpt":{"rendered":"<p data-start=\"0\" data-end=\"162\"><br data-start=\"1810\" data-end=\"1813\" \/>Bouton d\u2019arr\u00eat d\u2019urgence BT LPE est un bouton d\u2019arr\u00eat d\u2019urgence utilis\u00e9 sur les chariots \u00e9l\u00e9vateurs BT LPE. Fabriqu\u00e9 avec des mat\u00e9riaux durables, il assure une intervention rapide et une utilisation s\u00e9curis\u00e9e.<\/p>\n<p data-start=\"2024\" data-end=\"2344\"><strong data-start=\"2024\" data-end=\"2046\">Caract\u00e9ristiques :<\/strong><br data-start=\"2046\" data-end=\"2049\" \/><strong data-start=\"2049\" data-end=\"2069\">Nom du produit :<\/strong> Bouton d\u2019arr\u00eat d\u2019urgence BT LPE<br data-start=\"2101\" data-end=\"2104\" \/><strong data-start=\"2104\" data-end=\"2120\">Code pi\u00e8ce :<\/strong> 220822, 7220003<br data-start=\"2136\" data-end=\"2139\" \/><strong data-start=\"2139\" data-end=\"2153\">Mat\u00e9riau :<\/strong> Plastique et m\u00e9tal durables<br data-start=\"2181\" data-end=\"2184\" \/><strong data-start=\"2184\" data-end=\"2210\">Domaine d\u2019utilisation:<\/strong> Syst\u00e8me d\u2019arr\u00eat d\u2019urgence pour chariots \u00e9l\u00e9vateurs BT LPE<br data-start=\"2268\" data-end=\"2271\" \/><strong data-start=\"2271\" data-end=\"2284\">Avantage:<\/strong> R\u00e9ponse rapide, conception s\u00e9curis\u00e9e, installation facile<\/p>\n<p data-start=\"2346\" data-end=\"2534\">\n","protected":false},"featured_media":12990,"template":"","meta":[],"product_brand":[],"product_cat":[251,451,454,518],"product_tag":[],"class_list":{"0":"post-12989","1":"product","2":"type-product","3":"status-publish","4":"has-post-thumbnail","6":"product_cat-bt","7":"product_cat-aksesuar-grubu","8":"product_cat-switch-ve-buton","9":"product_cat-yedek-parca-bt","11":"first","12":"instock","13":"taxable","14":"shipping-taxable","15":"purchasable","16":"product-type-simple"},"_links":{"self":[{"href":"https:\/\/ceoparts.com\/fr\/wp-json\/wp\/v2\/product\/12989","targetHints":{"allow":["GET"]}}],"collection":[{"href":"https:\/\/ceoparts.com\/fr\/wp-json\/wp\/v2\/product"}],"about":[{"href":"https:\/\/ceoparts.com\/fr\/wp-json\/wp\/v2\/types\/product"}],"wp:featuredmedia":[{"embeddable":true,"href":"https:\/\/ceoparts.com\/fr\/wp-json\/wp\/v2\/media\/12990"}],"wp:attachment":[{"href":"https:\/\/ceoparts.com\/fr\/wp-json\/wp\/v2\/media?parent=12989"}],"wp:term":[{"taxonomy":"product_brand","embeddable":true,"href":"https:\/\/ceoparts.com\/fr\/wp-json\/wp\/v2\/product_brand?post=12989"},{"taxonomy":"product_cat","embeddable":true,"href":"https:\/\/ceoparts.com\/fr\/wp-json\/wp\/v2\/product_cat?post=12989"},{"taxonomy":"product_tag","embeddable":true,"href":"https:\/\/ceoparts.com\/fr\/wp-json\/wp\/v2\/product_tag?post=12989"}],"curies":[{"name":"wp","href":"https:\/\/api.w.org\/{rel}","templated":true}]}}