{"id":12994,"date":"2025-01-14T14:07:33","date_gmt":"2025-01-14T11:07:33","guid":{"rendered":"https:\/\/ceoparts.com\/?post_type=product&#038;p=12994"},"modified":"2026-05-16T23:42:44","modified_gmt":"2026-05-16T20:42:44","slug":"jungheinrich-karin-butonu-kirmizi-51027288","status":"publish","type":"product","link":"https:\/\/ceoparts.com\/fr\/urun\/jungheinrich-karin-butonu-kirmizi-51027288\/","title":{"rendered":"Bouton de s\u00e9curit\u00e9 ventral rouge Jungheinrich \u2013 51027288"},"content":{"rendered":"<p>Bouton de s\u00e9curit\u00e9 ventral rouge Jungheinrich \u2013 51027288<\/p>\n<p><\/p>\n<table border=\"0\" width=\"261\" cellspacing=\"0\" cellpadding=\"0\">\n<tbody>\n<tr>\n<td width=\"150\" height=\"17\"><span style=\"font-family: Arial CE;font-size: small\">EJC 110\/112<\/span><\/td>\n<td width=\"111\"><span style=\"font-family: Arial CE;font-size: small\">9.07 &#8211;<\/span><\/td>\n<\/tr>\n<tr>\n<td height=\"17\"><span style=\"font-family: Arial CE;font-size: small\">EJC 110\/112 (Qingpu)<\/span><\/td>\n<td><span style=\"font-family: Arial CE;font-size: small\">7.08 &#8211; 9.09<\/span><\/td>\n<\/tr>\n<tr>\n<td height=\"17\"><span style=\"font-family: Arial CE;font-size: small\">EJC 212 \/ 214 \/ 216<\/span><\/td>\n<td><span style=\"font-family: Arial CE;font-size: small\">6.08 &#8211;<\/span><\/td>\n<\/tr>\n<tr>\n<td height=\"17\"><span style=\"font-family: Arial CE;font-size: small\">EJC 220<\/span><\/td>\n<td><span style=\"font-family: Arial CE;font-size: small\">8.06 &#8211;<\/span><\/td>\n<\/tr>\n<tr>\n<td height=\"17\"><span style=\"font-family: Arial CE;font-size: small\">EJC M10<\/span><\/td>\n<td><span style=\"font-family: Arial CE;font-size: small\">6.09 &#8211; 6.09<\/span><\/td>\n<\/tr>\n<tr>\n<td height=\"17\"><span style=\"font-family: Arial CE;font-size: small\">EJD 220<\/span><\/td>\n<td><span style=\"font-family: Arial CE;font-size: small\">1.10 &#8211;<\/span><\/td>\n<\/tr>\n<tr>\n<td height=\"17\"><span style=\"font-family: Arial CE;font-size: small\">EJE 116\/118\/120<\/span><\/td>\n<td><span style=\"font-family: Arial CE;font-size: small\">4.07 &#8211;<\/span><\/td>\n<\/tr>\n<tr>\n<td height=\"17\"><span style=\"font-family: Arial CE;font-size: small\">EJE 116\/118\/120 (USA)<\/span><\/td>\n<td><span style=\"font-family: Arial CE;font-size: small\">9.07 &#8211;<\/span><\/td>\n<\/tr>\n<tr>\n<td height=\"17\"><span style=\"font-family: Arial CE;font-size: small\">EJE 116\/120 (Qingpu)<\/span><\/td>\n<td><span style=\"font-family: Arial CE;font-size: small\">10.07 &#8211; 8.09<\/span><\/td>\n<\/tr>\n<tr>\n<td height=\"17\"><span style=\"font-family: Arial CE;font-size: small\">EJE 220\/225<\/span><\/td>\n<td><span style=\"font-family: Arial CE;font-size: small\">5.07 &#8211;<\/span><\/td>\n<\/tr>\n<tr>\n<td height=\"17\"><span style=\"font-family: Arial CE;font-size: small\">EJE 220\/225 (USA)<\/span><\/td>\n<td><span style=\"font-family: Arial CE;font-size: small\">8.07 &#8211;<\/span><\/td>\n<\/tr>\n<tr>\n<td height=\"17\"><span style=\"font-family: Arial CE;font-size: small\">EJE 235<\/span><\/td>\n<td><span style=\"font-family: Arial CE;font-size: small\">5.08 &#8211;<\/span><\/td>\n<\/tr>\n<tr>\n<td height=\"17\"><span style=\"font-family: Arial CE;font-size: small\">EJG 06-10<\/span><\/td>\n<td><span style=\"font-family: Arial CE;font-size: small\">12.04 &#8211;<\/span><\/td>\n<\/tr>\n<tr>\n<td height=\"17\"><span style=\"font-family: Arial CE;font-size: small\">ERD K18<\/span><\/td>\n<td><span style=\"font-family: Arial CE;font-size: small\">10.09 &#8211;<\/span><\/td>\n<\/tr>\n<tr>\n<td height=\"17\"><span style=\"font-family: Arial CE;font-size: small\">EZS 010<\/span><\/td>\n<td><span style=\"font-family: Arial CE;font-size: small\">7.08 &#8211; 9.09<\/span><\/td>\n<\/tr>\n<tr>\n<td height=\"17\"><span style=\"font-family: Arial CE;font-size: small\">PW23<\/span><\/td>\n<td><span style=\"font-family: Arial CE;font-size: small\">9.07 &#8211;<\/span><\/td>\n<\/tr>\n<tr>\n<td height=\"17\"><span style=\"font-family: Arial CE;font-size: small\">WN 116\/118\/120<\/span><\/td>\n<td><span style=\"font-family: Arial CE;font-size: small\">4.07 &#8211; 4.08<\/span><\/td>\n<\/tr>\n<tr>\n<td height=\"17\"><span style=\"font-family: Arial CE;font-size: small\">WN 20C\/25C<\/span><\/td>\n<td><span style=\"font-family: Arial CE;font-size: small\">5.07 &#8211;<\/span><\/td>\n<\/tr>\n<tr>\n<td height=\"17\"><span style=\"font-family: Arial CE;font-size: small\">WP 10\/12<\/span><\/td>\n<td><span style=\"font-family: Arial CE;font-size: small\">9.07 &#8211; 4.08<\/span><\/td>\n<\/tr>\n<tr>\n<td height=\"17\"><span style=\"font-family: Arial CE;font-size: small\">WP4500<\/span><\/td>\n<td><span style=\"font-family: Arial CE;font-size: small\">9.05 &#8211; 10.07<\/span><\/td>\n<\/tr>\n<\/tbody>\n<\/table>\n<p><\/p>","protected":false},"excerpt":{"rendered":"<p data-start=\"0\" data-end=\"190\"><br data-start=\"1891\" data-end=\"1894\" \/>Bouton ventral rouge Jungheinrich est un bouton ventral de couleur rouge utilis\u00e9 dans les chariots \u00e9l\u00e9vateurs Jungheinrich. Fabriqu\u00e9 avec des mat\u00e9riaux durables, il assure une installation facile et un fonctionnement fiable.<\/p>\n<p data-start=\"2120\" data-end=\"2428\"><strong data-start=\"2120\" data-end=\"2142\">Caract\u00e9ristiques :<\/strong><br data-start=\"2142\" data-end=\"2145\" \/><strong data-start=\"2145\" data-end=\"2165\">Nom du produit :<\/strong> Bouton ventral rouge Jungheinrich<br data-start=\"2199\" data-end=\"2202\" \/><strong data-start=\"2202\" data-end=\"2218\">Code pi\u00e8ce :<\/strong> 51027288<br data-start=\"2227\" data-end=\"2230\" \/><strong data-start=\"2230\" data-end=\"2244\">Mat\u00e9riau :<\/strong> Plastique et m\u00e9tal durables<br data-start=\"2272\" data-end=\"2275\" \/><strong data-start=\"2275\" data-end=\"2301\">Domaine d\u2019utilisation:<\/strong> Bouton ventral pour chariots \u00e9l\u00e9vateurs Jungheinrich<br data-start=\"2354\" data-end=\"2357\" \/><strong data-start=\"2357\" data-end=\"2370\">Avantage:<\/strong> Installation facile, design durable, performance fiable<\/p>\n<p data-start=\"2430\" data-end=\"2662\">\n","protected":false},"featured_media":12997,"template":"","meta":[],"product_brand":[],"product_cat":[236,451,454,522],"product_tag":[],"class_list":{"0":"post-12994","1":"product","2":"type-product","3":"status-publish","4":"has-post-thumbnail","6":"product_cat-jungheinrich","7":"product_cat-aksesuar-grubu","8":"product_cat-switch-ve-buton","9":"product_cat-yedek-parca-jungheinrich","11":"first","12":"instock","13":"taxable","14":"shipping-taxable","15":"purchasable","16":"product-type-simple"},"_links":{"self":[{"href":"https:\/\/ceoparts.com\/fr\/wp-json\/wp\/v2\/product\/12994","targetHints":{"allow":["GET"]}}],"collection":[{"href":"https:\/\/ceoparts.com\/fr\/wp-json\/wp\/v2\/product"}],"about":[{"href":"https:\/\/ceoparts.com\/fr\/wp-json\/wp\/v2\/types\/product"}],"wp:featuredmedia":[{"embeddable":true,"href":"https:\/\/ceoparts.com\/fr\/wp-json\/wp\/v2\/media\/12997"}],"wp:attachment":[{"href":"https:\/\/ceoparts.com\/fr\/wp-json\/wp\/v2\/media?parent=12994"}],"wp:term":[{"taxonomy":"product_brand","embeddable":true,"href":"https:\/\/ceoparts.com\/fr\/wp-json\/wp\/v2\/product_brand?post=12994"},{"taxonomy":"product_cat","embeddable":true,"href":"https:\/\/ceoparts.com\/fr\/wp-json\/wp\/v2\/product_cat?post=12994"},{"taxonomy":"product_tag","embeddable":true,"href":"https:\/\/ceoparts.com\/fr\/wp-json\/wp\/v2\/product_tag?post=12994"}],"curies":[{"name":"wp","href":"https:\/\/api.w.org\/{rel}","templated":true}]}}