{"id":13004,"date":"2025-01-14T14:40:06","date_gmt":"2025-01-14T11:40:06","guid":{"rendered":"https:\/\/ceoparts.com\/?post_type=product&#038;p=13004"},"modified":"2026-05-16T17:33:36","modified_gmt":"2026-05-16T14:33:36","slug":"linde-indirme-kaldirma-butonu-0039732913-3005430300","status":"publish","type":"product","link":"https:\/\/ceoparts.com\/fr\/urun\/linde-indirme-kaldirma-butonu-0039732913-3005430300\/","title":{"rendered":"Bouton de T\u00e9l\u00e9chargement \/ Lev\u00e9e LINDE &#8211; 0039732913"},"content":{"rendered":"<p>Bouton de T\u00e9l\u00e9chargement \/ Lev\u00e9e LINDE &#8211; 0039732913<\/p>","protected":false},"excerpt":{"rendered":"<p data-start=\"0\" data-end=\"199\"><br data-start=\"1979\" data-end=\"1982\" \/>Bouton de levage\/abaissement Linde est un bouton durable utilis\u00e9 dans les chariots \u00e9l\u00e9vateurs Linde pour contr\u00f4ler les op\u00e9rations de levage et d\u2019abaissement. Fabriqu\u00e9 avec des mat\u00e9riaux durables, il offre une performance pr\u00e9cise et fiable.<\/p>\n<p data-start=\"2223\" data-end=\"2555\"><strong data-start=\"2223\" data-end=\"2245\">Caract\u00e9ristiques :<\/strong><br data-start=\"2245\" data-end=\"2248\" \/><strong data-start=\"2248\" data-end=\"2268\">Nom du produit :<\/strong> Bouton de levage\/abaissement Linde<br data-start=\"2303\" data-end=\"2306\" \/><strong data-start=\"2306\" data-end=\"2322\">Code pi\u00e8ce :<\/strong> 0039732913, 3005430300<br data-start=\"2345\" data-end=\"2348\" \/><strong data-start=\"2348\" data-end=\"2362\">Mat\u00e9riau :<\/strong> Plastique et m\u00e9tal durables<br data-start=\"2390\" data-end=\"2393\" \/><strong data-start=\"2393\" data-end=\"2419\">Domaine d\u2019utilisation:<\/strong> Contr\u00f4le de levage et d\u2019abaissement dans les chariots \u00e9l\u00e9vateurs<br data-start=\"2484\" data-end=\"2487\" \/><strong data-start=\"2487\" data-end=\"2500\">Avantage:<\/strong> R\u00e9ponse pr\u00e9cise, design durable, installation facile<\/p>\n<p data-start=\"2557\" data-end=\"2815\">\n","protected":false},"featured_media":13005,"template":"","meta":[],"product_brand":[],"product_cat":[246,451,454,523],"product_tag":[],"class_list":{"0":"post-13004","1":"product","2":"type-product","3":"status-publish","4":"has-post-thumbnail","6":"product_cat-linde","7":"product_cat-aksesuar-grubu","8":"product_cat-switch-ve-buton","9":"product_cat-yedek-parca-linde","11":"first","12":"instock","13":"taxable","14":"shipping-taxable","15":"purchasable","16":"product-type-simple"},"_links":{"self":[{"href":"https:\/\/ceoparts.com\/fr\/wp-json\/wp\/v2\/product\/13004","targetHints":{"allow":["GET"]}}],"collection":[{"href":"https:\/\/ceoparts.com\/fr\/wp-json\/wp\/v2\/product"}],"about":[{"href":"https:\/\/ceoparts.com\/fr\/wp-json\/wp\/v2\/types\/product"}],"wp:featuredmedia":[{"embeddable":true,"href":"https:\/\/ceoparts.com\/fr\/wp-json\/wp\/v2\/media\/13005"}],"wp:attachment":[{"href":"https:\/\/ceoparts.com\/fr\/wp-json\/wp\/v2\/media?parent=13004"}],"wp:term":[{"taxonomy":"product_brand","embeddable":true,"href":"https:\/\/ceoparts.com\/fr\/wp-json\/wp\/v2\/product_brand?post=13004"},{"taxonomy":"product_cat","embeddable":true,"href":"https:\/\/ceoparts.com\/fr\/wp-json\/wp\/v2\/product_cat?post=13004"},{"taxonomy":"product_tag","embeddable":true,"href":"https:\/\/ceoparts.com\/fr\/wp-json\/wp\/v2\/product_tag?post=13004"}],"curies":[{"name":"wp","href":"https:\/\/api.w.org\/{rel}","templated":true}]}}