{"id":13011,"date":"2025-01-14T15:10:46","date_gmt":"2025-01-14T12:10:46","guid":{"rendered":"https:\/\/ceoparts.com\/?post_type=product&#038;p=13011"},"modified":"2026-05-16T18:45:10","modified_gmt":"2026-05-16T15:45:10","slug":"still-exu-sf-acil-stop-butonu-15145570-4499520","status":"publish","type":"product","link":"https:\/\/ceoparts.com\/fr\/urun\/still-exu-sf-acil-stop-butonu-15145570-4499520\/","title":{"rendered":"Bouton d&#8217;Urgence STILL EXU SF &#8211; 15145570, 4499520"},"content":{"rendered":"<p>Bouton d&#8217;Urgence STILL EXU SF &#8211; 15145570, 4499520<\/p>\n<p>EGV EXV\/Linde L12<\/p>\n<p>Still 50024331400<\/p>","protected":false},"excerpt":{"rendered":"<p data-start=\"0\" data-end=\"185\"><br data-start=\"2047\" data-end=\"2050\" \/>Bouton d\u2019arr\u00eat d\u2019urgence STILL EXU SF est un bouton d\u2019arr\u00eat d\u2019urgence utilis\u00e9 sur les chariots \u00e9l\u00e9vateurs et les engins de chantier STILL. Fabriqu\u00e9 avec des mat\u00e9riaux de haute qualit\u00e9, il assure une intervention rapide et s\u00e9curis\u00e9e.<\/p>\n<p data-start=\"2284\" data-end=\"2621\"><strong data-start=\"2284\" data-end=\"2306\">Caract\u00e9ristiques :<\/strong><br data-start=\"2306\" data-end=\"2309\" \/><strong data-start=\"2309\" data-end=\"2329\">Nom du produit :<\/strong> Bouton d\u2019arr\u00eat d\u2019urgence STILL EXU SF<br data-start=\"2367\" data-end=\"2370\" \/><strong data-start=\"2370\" data-end=\"2386\">Code pi\u00e8ce :<\/strong> 15145570, 4499520<br data-start=\"2404\" data-end=\"2407\" \/><strong data-start=\"2407\" data-end=\"2421\">Mat\u00e9riau :<\/strong> Plastique et m\u00e9tal durables<br data-start=\"2449\" data-end=\"2452\" \/><strong data-start=\"2452\" data-end=\"2478\">Domaine d\u2019utilisation:<\/strong> Syst\u00e8me d\u2019arr\u00eat d\u2019urgence pour chariots \u00e9l\u00e9vateurs et engins STILL<br data-start=\"2545\" data-end=\"2548\" \/><strong data-start=\"2548\" data-end=\"2561\">Avantage:<\/strong> R\u00e9ponse rapide, conception s\u00e9curis\u00e9e, installation facile<\/p>\n<p data-start=\"2623\" data-end=\"2839\">\n","protected":false},"featured_media":13013,"template":"","meta":[],"product_brand":[],"product_cat":[241,246,451,454,523,524],"product_tag":[],"class_list":{"0":"post-13011","1":"product","2":"type-product","3":"status-publish","4":"has-post-thumbnail","6":"product_cat-still","7":"product_cat-linde","8":"product_cat-aksesuar-grubu","9":"product_cat-switch-ve-buton","10":"product_cat-yedek-parca-linde","11":"product_cat-yedek-parca-still","13":"first","14":"instock","15":"taxable","16":"shipping-taxable","17":"purchasable","18":"product-type-simple"},"_links":{"self":[{"href":"https:\/\/ceoparts.com\/fr\/wp-json\/wp\/v2\/product\/13011","targetHints":{"allow":["GET"]}}],"collection":[{"href":"https:\/\/ceoparts.com\/fr\/wp-json\/wp\/v2\/product"}],"about":[{"href":"https:\/\/ceoparts.com\/fr\/wp-json\/wp\/v2\/types\/product"}],"wp:featuredmedia":[{"embeddable":true,"href":"https:\/\/ceoparts.com\/fr\/wp-json\/wp\/v2\/media\/13013"}],"wp:attachment":[{"href":"https:\/\/ceoparts.com\/fr\/wp-json\/wp\/v2\/media?parent=13011"}],"wp:term":[{"taxonomy":"product_brand","embeddable":true,"href":"https:\/\/ceoparts.com\/fr\/wp-json\/wp\/v2\/product_brand?post=13011"},{"taxonomy":"product_cat","embeddable":true,"href":"https:\/\/ceoparts.com\/fr\/wp-json\/wp\/v2\/product_cat?post=13011"},{"taxonomy":"product_tag","embeddable":true,"href":"https:\/\/ceoparts.com\/fr\/wp-json\/wp\/v2\/product_tag?post=13011"}],"curies":[{"name":"wp","href":"https:\/\/api.w.org\/{rel}","templated":true}]}}