{"id":13024,"date":"2025-01-14T16:20:58","date_gmt":"2025-01-14T13:20:58","guid":{"rendered":"https:\/\/ceoparts.com\/?post_type=product&#038;p=13024"},"modified":"2026-05-16T17:35:12","modified_gmt":"2026-05-16T14:35:12","slug":"toyota-forklift-korna-butonu-451211247271","status":"publish","type":"product","link":"https:\/\/ceoparts.com\/fr\/urun\/toyota-forklift-korna-butonu-451211247271\/","title":{"rendered":"Bouton Klaxon TOYOTA Chariot \u00e9l\u00e9vateur &#8211; 451211247271"},"content":{"rendered":"<p>Bouton Klaxon TOYOTA Chariot \u00e9l\u00e9vateur &#8211; 451211247271<\/p>\n<p><\/p>","protected":false},"excerpt":{"rendered":"<p data-start=\"0\" data-end=\"171\"><br data-start=\"1816\" data-end=\"1819\" \/>Bouton de klaxon Toyota pour chariot \u00e9l\u00e9vateur est un bouton durable utilis\u00e9 sur les chariots \u00e9l\u00e9vateurs Toyota. Fabriqu\u00e9 avec des mat\u00e9riaux durables, il offre une installation facile et une r\u00e9ponse pr\u00e9cise.<\/p>\n<p data-start=\"2028\" data-end=\"2348\"><strong data-start=\"2028\" data-end=\"2050\">Caract\u00e9ristiques :<\/strong><br data-start=\"2050\" data-end=\"2053\" \/><strong data-start=\"2053\" data-end=\"2073\">Nom du produit :<\/strong> Bouton de klaxon Toyota pour chariot \u00e9l\u00e9vateur<br data-start=\"2120\" data-end=\"2123\" \/><strong data-start=\"2123\" data-end=\"2139\">Code pi\u00e8ce :<\/strong> 451211247271<br data-start=\"2152\" data-end=\"2155\" \/><strong data-start=\"2155\" data-end=\"2169\">Mat\u00e9riau :<\/strong> Plastique et m\u00e9tal durables<br data-start=\"2197\" data-end=\"2200\" \/><strong data-start=\"2200\" data-end=\"2226\">Domaine d\u2019utilisation:<\/strong> Contr\u00f4le du klaxon pour chariots \u00e9l\u00e9vateurs Toyota<br data-start=\"2277\" data-end=\"2280\" \/><strong data-start=\"2280\" data-end=\"2293\">Avantage:<\/strong> Design durable, r\u00e9ponse pr\u00e9cise, installation facile<\/p>\n<p data-start=\"2350\" data-end=\"2550\">\n","protected":false},"featured_media":13026,"template":"","meta":[],"product_brand":[],"product_cat":[451,454,521,530],"product_tag":[],"class_list":{"0":"post-13024","1":"product","2":"type-product","3":"status-publish","4":"has-post-thumbnail","6":"product_cat-aksesuar-grubu","7":"product_cat-switch-ve-buton","8":"product_cat-toyota","9":"product_cat-yedek-parca-toyota","11":"first","12":"instock","13":"taxable","14":"shipping-taxable","15":"purchasable","16":"product-type-simple"},"_links":{"self":[{"href":"https:\/\/ceoparts.com\/fr\/wp-json\/wp\/v2\/product\/13024","targetHints":{"allow":["GET"]}}],"collection":[{"href":"https:\/\/ceoparts.com\/fr\/wp-json\/wp\/v2\/product"}],"about":[{"href":"https:\/\/ceoparts.com\/fr\/wp-json\/wp\/v2\/types\/product"}],"wp:featuredmedia":[{"embeddable":true,"href":"https:\/\/ceoparts.com\/fr\/wp-json\/wp\/v2\/media\/13026"}],"wp:attachment":[{"href":"https:\/\/ceoparts.com\/fr\/wp-json\/wp\/v2\/media?parent=13024"}],"wp:term":[{"taxonomy":"product_brand","embeddable":true,"href":"https:\/\/ceoparts.com\/fr\/wp-json\/wp\/v2\/product_brand?post=13024"},{"taxonomy":"product_cat","embeddable":true,"href":"https:\/\/ceoparts.com\/fr\/wp-json\/wp\/v2\/product_cat?post=13024"},{"taxonomy":"product_tag","embeddable":true,"href":"https:\/\/ceoparts.com\/fr\/wp-json\/wp\/v2\/product_tag?post=13024"}],"curies":[{"name":"wp","href":"https:\/\/api.w.org\/{rel}","templated":true}]}}