{"id":13030,"date":"2025-01-14T16:36:48","date_gmt":"2025-01-14T13:36:48","guid":{"rendered":"https:\/\/ceoparts.com\/?post_type=product&#038;p=13030"},"modified":"2026-05-16T19:52:21","modified_gmt":"2026-05-16T16:52:21","slug":"jungheinrich-erc-erc-z-karin-butonu-50114482-05109729","status":"publish","type":"product","link":"https:\/\/ceoparts.com\/fr\/urun\/jungheinrich-erc-erc-z-karin-butonu-50114482-05109729\/","title":{"rendered":"Bouton Klaxon Jungheinrich ERC\/ERC-Z &#8211; 50114482, 05109729"},"content":{"rendered":"<p>Bouton Klaxon Jungheinrich ERC\/ERC-Z &#8211; 50114482, 05109729<\/p>","protected":false},"excerpt":{"rendered":"<p data-start=\"0\" data-end=\"179\"><br data-start=\"2093\" data-end=\"2096\" \/>Bouton ventral Jungheinrich ERC\/ERC-Z est un bouton ventral durable utilis\u00e9 dans les mod\u00e8les Jungheinrich ERC et ERC-Z. Fabriqu\u00e9 \u00e0 partir de mat\u00e9riaux de haute qualit\u00e9, il assure une longue dur\u00e9e de vie.<\/p>\n<p data-start=\"2301\" data-end=\"2672\"><strong data-start=\"2301\" data-end=\"2323\">Caract\u00e9ristiques :<\/strong><br data-start=\"2323\" data-end=\"2326\" \/><strong data-start=\"2326\" data-end=\"2346\">Nom du produit :<\/strong> Bouton ventral Jungheinrich ERC\/ERC-Z<br data-start=\"2384\" data-end=\"2387\" \/><strong data-start=\"2387\" data-end=\"2403\">Code pi\u00e8ce :<\/strong> 50114482, 05109729<br data-start=\"2422\" data-end=\"2425\" \/><strong data-start=\"2425\" data-end=\"2439\">Mat\u00e9riau :<\/strong> Pi\u00e8ces en plastique et m\u00e9tal durables<br data-start=\"2477\" data-end=\"2480\" \/><strong data-start=\"2480\" data-end=\"2506\">Domaine d\u2019utilisation:<\/strong> Utilis\u00e9 comme bouton ventral dans les mod\u00e8les de chariots \u00e9l\u00e9vateurs Jungheinrich ERC et ERC-Z<br data-start=\"2601\" data-end=\"2604\" \/><strong data-start=\"2604\" data-end=\"2617\">Avantage:<\/strong> Contr\u00f4le pr\u00e9cis, design durable, installation facile<\/p>\n<p data-start=\"2674\" data-end=\"2878\">\n","protected":false},"featured_media":13032,"template":"","meta":[],"product_brand":[],"product_cat":[236,451,454,522],"product_tag":[],"class_list":{"0":"post-13030","1":"product","2":"type-product","3":"status-publish","4":"has-post-thumbnail","6":"product_cat-jungheinrich","7":"product_cat-aksesuar-grubu","8":"product_cat-switch-ve-buton","9":"product_cat-yedek-parca-jungheinrich","11":"first","12":"instock","13":"taxable","14":"shipping-taxable","15":"purchasable","16":"product-type-simple"},"_links":{"self":[{"href":"https:\/\/ceoparts.com\/fr\/wp-json\/wp\/v2\/product\/13030","targetHints":{"allow":["GET"]}}],"collection":[{"href":"https:\/\/ceoparts.com\/fr\/wp-json\/wp\/v2\/product"}],"about":[{"href":"https:\/\/ceoparts.com\/fr\/wp-json\/wp\/v2\/types\/product"}],"wp:featuredmedia":[{"embeddable":true,"href":"https:\/\/ceoparts.com\/fr\/wp-json\/wp\/v2\/media\/13032"}],"wp:attachment":[{"href":"https:\/\/ceoparts.com\/fr\/wp-json\/wp\/v2\/media?parent=13030"}],"wp:term":[{"taxonomy":"product_brand","embeddable":true,"href":"https:\/\/ceoparts.com\/fr\/wp-json\/wp\/v2\/product_brand?post=13030"},{"taxonomy":"product_cat","embeddable":true,"href":"https:\/\/ceoparts.com\/fr\/wp-json\/wp\/v2\/product_cat?post=13030"},{"taxonomy":"product_tag","embeddable":true,"href":"https:\/\/ceoparts.com\/fr\/wp-json\/wp\/v2\/product_tag?post=13030"}],"curies":[{"name":"wp","href":"https:\/\/api.w.org\/{rel}","templated":true}]}}