{"id":13035,"date":"2025-01-14T16:44:59","date_gmt":"2025-01-14T13:44:59","guid":{"rendered":"https:\/\/ceoparts.com\/?post_type=product&#038;p=13035"},"modified":"2026-05-16T11:03:21","modified_gmt":"2026-05-16T08:03:21","slug":"still-korna-butonu-17030500-45583585801","status":"publish","type":"product","link":"https:\/\/ceoparts.com\/fr\/urun\/still-korna-butonu-17030500-45583585801\/","title":{"rendered":"Bouton Klaxon Still &#8211; 17030500, 45583585801"},"content":{"rendered":"<p>Bouton Klaxon Still &#8211; 17030500, 45583585801<\/p>","protected":false},"excerpt":{"rendered":"<p data-start=\"0\" data-end=\"165\"><br data-start=\"1875\" data-end=\"1878\" \/>Bouton de klaxon Still est un bouton de klaxon durable utilis\u00e9 sur les chariots \u00e9l\u00e9vateurs et les engins de chantier. Fabriqu\u00e9 avec des mat\u00e9riaux durables, il offre une installation facile et une r\u00e9ponse pr\u00e9cise.<\/p>\n<p data-start=\"2092\" data-end=\"2412\"><strong data-start=\"2092\" data-end=\"2114\">Caract\u00e9ristiques :<\/strong><br data-start=\"2114\" data-end=\"2117\" \/><strong data-start=\"2117\" data-end=\"2137\">Nom du produit :<\/strong> Bouton de klaxon Still<br data-start=\"2160\" data-end=\"2163\" \/><strong data-start=\"2163\" data-end=\"2179\">Code pi\u00e8ce :<\/strong> 17030500, 45583585801<br data-start=\"2201\" data-end=\"2204\" \/><strong data-start=\"2204\" data-end=\"2218\">Mat\u00e9riau :<\/strong> Plastique et m\u00e9tal durables<br data-start=\"2246\" data-end=\"2249\" \/><strong data-start=\"2249\" data-end=\"2275\">Domaine d\u2019utilisation:<\/strong> Contr\u00f4le du klaxon pour chariots \u00e9l\u00e9vateurs et engins de chantier<br data-start=\"2341\" data-end=\"2344\" \/><strong data-start=\"2344\" data-end=\"2357\">Avantage:<\/strong> Design durable, r\u00e9ponse pr\u00e9cise, installation facile<\/p>\n<p data-start=\"2414\" data-end=\"2623\">\n","protected":false},"featured_media":13036,"template":"","meta":[],"product_brand":[],"product_cat":[241,451,454,524],"product_tag":[],"class_list":{"0":"post-13035","1":"product","2":"type-product","3":"status-publish","4":"has-post-thumbnail","6":"product_cat-still","7":"product_cat-aksesuar-grubu","8":"product_cat-switch-ve-buton","9":"product_cat-yedek-parca-still","11":"first","12":"instock","13":"taxable","14":"shipping-taxable","15":"purchasable","16":"product-type-simple"},"_links":{"self":[{"href":"https:\/\/ceoparts.com\/fr\/wp-json\/wp\/v2\/product\/13035","targetHints":{"allow":["GET"]}}],"collection":[{"href":"https:\/\/ceoparts.com\/fr\/wp-json\/wp\/v2\/product"}],"about":[{"href":"https:\/\/ceoparts.com\/fr\/wp-json\/wp\/v2\/types\/product"}],"wp:featuredmedia":[{"embeddable":true,"href":"https:\/\/ceoparts.com\/fr\/wp-json\/wp\/v2\/media\/13036"}],"wp:attachment":[{"href":"https:\/\/ceoparts.com\/fr\/wp-json\/wp\/v2\/media?parent=13035"}],"wp:term":[{"taxonomy":"product_brand","embeddable":true,"href":"https:\/\/ceoparts.com\/fr\/wp-json\/wp\/v2\/product_brand?post=13035"},{"taxonomy":"product_cat","embeddable":true,"href":"https:\/\/ceoparts.com\/fr\/wp-json\/wp\/v2\/product_cat?post=13035"},{"taxonomy":"product_tag","embeddable":true,"href":"https:\/\/ceoparts.com\/fr\/wp-json\/wp\/v2\/product_tag?post=13035"}],"curies":[{"name":"wp","href":"https:\/\/api.w.org\/{rel}","templated":true}]}}