{"id":13040,"date":"2025-01-14T16:51:25","date_gmt":"2025-01-14T13:51:25","guid":{"rendered":"https:\/\/ceoparts.com\/?post_type=product&#038;p=13040"},"modified":"2026-05-16T10:46:49","modified_gmt":"2026-05-16T07:46:49","slug":"bt-korna-butonu-sag-7219999-167847","status":"publish","type":"product","link":"https:\/\/ceoparts.com\/fr\/urun\/bt-korna-butonu-sag-7219999-167847\/","title":{"rendered":"Bouton Klaxon Droit BT &#8211; 167847"},"content":{"rendered":"<p>Bouton Klaxon Droit BT &#8211; 167847<\/p>","protected":false},"excerpt":{"rendered":"<p data-start=\"0\" data-end=\"160\"><br data-start=\"1779\" data-end=\"1782\" \/>Bouton de klaxon BT droit est le bouton de klaxon c\u00f4t\u00e9 droit utilis\u00e9 sur les chariots \u00e9l\u00e9vateurs et les engins de chantier. Fabriqu\u00e9 \u00e0 partir de mat\u00e9riaux durables pour une longue dur\u00e9e de vie.<\/p>\n<p data-start=\"1977\" data-end=\"2287\"><strong data-start=\"1977\" data-end=\"1999\">Caract\u00e9ristiques :<\/strong><br data-start=\"1999\" data-end=\"2002\" \/><strong data-start=\"2002\" data-end=\"2022\">Nom du produit :<\/strong> Bouton de klaxon BT droit<br data-start=\"2048\" data-end=\"2051\" \/><strong data-start=\"2051\" data-end=\"2067\">Code pi\u00e8ce :<\/strong> 167847<br data-start=\"2074\" data-end=\"2077\" \/><strong data-start=\"2077\" data-end=\"2091\">Mat\u00e9riau :<\/strong> Pi\u00e8ces en plastique et m\u00e9tal durables<br data-start=\"2129\" data-end=\"2132\" \/><strong data-start=\"2132\" data-end=\"2158\">Domaine d\u2019utilisation:<\/strong> Contr\u00f4le du klaxon pour chariots \u00e9l\u00e9vateurs et engins de chantier<br data-start=\"2224\" data-end=\"2227\" \/><strong data-start=\"2227\" data-end=\"2240\">Avantage:<\/strong> R\u00e9actif, installation facile, design durable<\/p>\n<p data-start=\"2289\" data-end=\"2473\">\n","protected":false},"featured_media":13046,"template":"","meta":[],"product_brand":[],"product_cat":[251,451,454,518],"product_tag":[],"class_list":{"0":"post-13040","1":"product","2":"type-product","3":"status-publish","4":"has-post-thumbnail","6":"product_cat-bt","7":"product_cat-aksesuar-grubu","8":"product_cat-switch-ve-buton","9":"product_cat-yedek-parca-bt","11":"first","12":"instock","13":"taxable","14":"shipping-taxable","15":"purchasable","16":"product-type-simple"},"_links":{"self":[{"href":"https:\/\/ceoparts.com\/fr\/wp-json\/wp\/v2\/product\/13040","targetHints":{"allow":["GET"]}}],"collection":[{"href":"https:\/\/ceoparts.com\/fr\/wp-json\/wp\/v2\/product"}],"about":[{"href":"https:\/\/ceoparts.com\/fr\/wp-json\/wp\/v2\/types\/product"}],"wp:featuredmedia":[{"embeddable":true,"href":"https:\/\/ceoparts.com\/fr\/wp-json\/wp\/v2\/media\/13046"}],"wp:attachment":[{"href":"https:\/\/ceoparts.com\/fr\/wp-json\/wp\/v2\/media?parent=13040"}],"wp:term":[{"taxonomy":"product_brand","embeddable":true,"href":"https:\/\/ceoparts.com\/fr\/wp-json\/wp\/v2\/product_brand?post=13040"},{"taxonomy":"product_cat","embeddable":true,"href":"https:\/\/ceoparts.com\/fr\/wp-json\/wp\/v2\/product_cat?post=13040"},{"taxonomy":"product_tag","embeddable":true,"href":"https:\/\/ceoparts.com\/fr\/wp-json\/wp\/v2\/product_tag?post=13040"}],"curies":[{"name":"wp","href":"https:\/\/api.w.org\/{rel}","templated":true}]}}