{"id":13047,"date":"2025-01-14T17:00:17","date_gmt":"2025-01-14T14:00:17","guid":{"rendered":"https:\/\/ceoparts.com\/?post_type=product&#038;p=13047"},"modified":"2026-05-16T17:34:20","modified_gmt":"2026-05-16T14:34:20","slug":"linde-indirme-kaldirma-ust-buton-3005431200","status":"publish","type":"product","link":"https:\/\/ceoparts.com\/fr\/urun\/linde-indirme-kaldirma-ust-buton-3005431200\/","title":{"rendered":"Bouton de T\u00e9l\u00e9chargement \/ Lev\u00e9e Haut Linde &#8211; 3005431200"},"content":{"rendered":"<p>Bouton de T\u00e9l\u00e9chargement \/ Lev\u00e9e Haut Linde &#8211; 3005431200<\/p>\n<p>Linde 3095431202<\/p>\n<p>1152\u00a0T16\/T18\/T20\/T16L<br \/>\n1169\u00a0L10P\/L12P\/L14P<br \/>\n1172\u00a0L10\/L12\/L12i<\/p>","protected":false},"excerpt":{"rendered":"<p data-start=\"0\" data-end=\"198\"><br data-start=\"1944\" data-end=\"1947\" \/>Bouton sup\u00e9rieur de levage\/abaissement Linde est un bouton durable utilis\u00e9 dans les chariots \u00e9l\u00e9vateurs pour contr\u00f4ler les fonctions de levage et d\u2019abaissement. Fabriqu\u00e9 \u00e0 partir de mat\u00e9riaux de haute qualit\u00e9 pour une longue dur\u00e9e de vie.<\/p>\n<p data-start=\"2187\" data-end=\"2519\"><strong data-start=\"2187\" data-end=\"2209\">Caract\u00e9ristiques :<\/strong><br data-start=\"2209\" data-end=\"2212\" \/><strong data-start=\"2212\" data-end=\"2232\">Nom du produit :<\/strong> Bouton sup\u00e9rieur de levage\/abaissement Linde<br data-start=\"2277\" data-end=\"2280\" \/><strong data-start=\"2280\" data-end=\"2296\">Code pi\u00e8ce :<\/strong> 3005431200<br data-start=\"2307\" data-end=\"2310\" \/><strong data-start=\"2310\" data-end=\"2324\">Mat\u00e9riau :<\/strong> Pi\u00e8ces en plastique et m\u00e9tal durables<br data-start=\"2362\" data-end=\"2365\" \/><strong data-start=\"2365\" data-end=\"2391\">Domaine d\u2019utilisation:<\/strong> Chariots \u00e9l\u00e9vateurs, contr\u00f4le de levage et d\u2019abaissement<br data-start=\"2448\" data-end=\"2451\" \/><strong data-start=\"2451\" data-end=\"2464\">Avantage:<\/strong> Contr\u00f4le pr\u00e9cis, design durable, installation facile<\/p>\n<p data-start=\"2521\" data-end=\"2764\">\n","protected":false},"featured_media":13048,"template":"","meta":[],"product_brand":[],"product_cat":[246,451,454,523],"product_tag":[],"class_list":{"0":"post-13047","1":"product","2":"type-product","3":"status-publish","4":"has-post-thumbnail","6":"product_cat-linde","7":"product_cat-aksesuar-grubu","8":"product_cat-switch-ve-buton","9":"product_cat-yedek-parca-linde","11":"first","12":"instock","13":"taxable","14":"shipping-taxable","15":"purchasable","16":"product-type-simple"},"_links":{"self":[{"href":"https:\/\/ceoparts.com\/fr\/wp-json\/wp\/v2\/product\/13047","targetHints":{"allow":["GET"]}}],"collection":[{"href":"https:\/\/ceoparts.com\/fr\/wp-json\/wp\/v2\/product"}],"about":[{"href":"https:\/\/ceoparts.com\/fr\/wp-json\/wp\/v2\/types\/product"}],"wp:featuredmedia":[{"embeddable":true,"href":"https:\/\/ceoparts.com\/fr\/wp-json\/wp\/v2\/media\/13048"}],"wp:attachment":[{"href":"https:\/\/ceoparts.com\/fr\/wp-json\/wp\/v2\/media?parent=13047"}],"wp:term":[{"taxonomy":"product_brand","embeddable":true,"href":"https:\/\/ceoparts.com\/fr\/wp-json\/wp\/v2\/product_brand?post=13047"},{"taxonomy":"product_cat","embeddable":true,"href":"https:\/\/ceoparts.com\/fr\/wp-json\/wp\/v2\/product_cat?post=13047"},{"taxonomy":"product_tag","embeddable":true,"href":"https:\/\/ceoparts.com\/fr\/wp-json\/wp\/v2\/product_tag?post=13047"}],"curies":[{"name":"wp","href":"https:\/\/api.w.org\/{rel}","templated":true}]}}