{"id":13051,"date":"2025-01-14T17:04:43","date_gmt":"2025-01-14T14:04:43","guid":{"rendered":"https:\/\/ceoparts.com\/?post_type=product&#038;p=13051"},"modified":"2026-05-16T17:51:12","modified_gmt":"2026-05-16T14:51:12","slug":"bt-buton-muhafaza-kapagi-203399","status":"publish","type":"product","link":"https:\/\/ceoparts.com\/fr\/urun\/bt-buton-muhafaza-kapagi-203399\/","title":{"rendered":"Couvercle du Bo\u00eetier de Bouton BT &#8211; 203399"},"content":{"rendered":"<p>Couvercle du Bo\u00eetier de Bouton BT &#8211; 203399<\/p>\n<p>BT<\/p>\n<p>SPE<\/p>\n<p>SWE<\/p>","protected":false},"excerpt":{"rendered":"<p data-start=\"0\" data-end=\"168\"><br data-start=\"1850\" data-end=\"1853\" \/>Couvercle de protection pour bouton BT \u2013 203399 est un couvercle protecteur durable utilis\u00e9 sur les chariots \u00e9l\u00e9vateurs et les engins de chantier. Il prot\u00e8ge les boutons contre les dommages et assure une longue dur\u00e9e de vie.<\/p>\n<p data-start=\"2079\" data-end=\"2398\"><strong data-start=\"2079\" data-end=\"2101\">Caract\u00e9ristiques :<\/strong><br data-start=\"2101\" data-end=\"2104\" \/><strong data-start=\"2104\" data-end=\"2124\">Nom du produit :<\/strong> Couvercle de protection pour bouton BT<br data-start=\"2163\" data-end=\"2166\" \/><strong data-start=\"2166\" data-end=\"2182\">Code pi\u00e8ce :<\/strong> 203399<br data-start=\"2189\" data-end=\"2192\" \/><strong data-start=\"2192\" data-end=\"2206\">Mat\u00e9riau :<\/strong> Plastique durable<br data-start=\"2224\" data-end=\"2227\" \/><strong data-start=\"2227\" data-end=\"2253\">Domaine d\u2019utilisation:<\/strong> Protection des boutons pour chariots \u00e9l\u00e9vateurs et engins de chantier<br data-start=\"2323\" data-end=\"2326\" \/><strong data-start=\"2326\" data-end=\"2339\">Avantage:<\/strong> Design protecteur, installation facile, mat\u00e9riau durable<\/p>\n<p data-start=\"2400\" data-end=\"2604\">\n","protected":false},"featured_media":13053,"template":"","meta":[],"product_brand":[],"product_cat":[251,451,454,518],"product_tag":[],"class_list":{"0":"post-13051","1":"product","2":"type-product","3":"status-publish","4":"has-post-thumbnail","6":"product_cat-bt","7":"product_cat-aksesuar-grubu","8":"product_cat-switch-ve-buton","9":"product_cat-yedek-parca-bt","11":"first","12":"instock","13":"taxable","14":"shipping-taxable","15":"purchasable","16":"product-type-simple"},"_links":{"self":[{"href":"https:\/\/ceoparts.com\/fr\/wp-json\/wp\/v2\/product\/13051","targetHints":{"allow":["GET"]}}],"collection":[{"href":"https:\/\/ceoparts.com\/fr\/wp-json\/wp\/v2\/product"}],"about":[{"href":"https:\/\/ceoparts.com\/fr\/wp-json\/wp\/v2\/types\/product"}],"wp:featuredmedia":[{"embeddable":true,"href":"https:\/\/ceoparts.com\/fr\/wp-json\/wp\/v2\/media\/13053"}],"wp:attachment":[{"href":"https:\/\/ceoparts.com\/fr\/wp-json\/wp\/v2\/media?parent=13051"}],"wp:term":[{"taxonomy":"product_brand","embeddable":true,"href":"https:\/\/ceoparts.com\/fr\/wp-json\/wp\/v2\/product_brand?post=13051"},{"taxonomy":"product_cat","embeddable":true,"href":"https:\/\/ceoparts.com\/fr\/wp-json\/wp\/v2\/product_cat?post=13051"},{"taxonomy":"product_tag","embeddable":true,"href":"https:\/\/ceoparts.com\/fr\/wp-json\/wp\/v2\/product_tag?post=13051"}],"curies":[{"name":"wp","href":"https:\/\/api.w.org\/{rel}","templated":true}]}}