{"id":13056,"date":"2025-01-14T17:30:47","date_gmt":"2025-01-14T14:30:47","guid":{"rendered":"https:\/\/ceoparts.com\/?post_type=product&#038;p=13056"},"modified":"2026-05-16T17:35:20","modified_gmt":"2026-05-16T14:35:20","slug":"tepe-ikaz-lambasi-12x110v-miknatissiz","status":"publish","type":"product","link":"https:\/\/ceoparts.com\/fr\/urun\/tepe-ikaz-lambasi-12x110v-miknatissiz\/","title":{"rendered":"Lampe de Signalisation de Toit (12x110V) Sans Aimant"},"content":{"rendered":"<p>Lampe de Signalisation de Toit (12x110V) Sans Aimant<\/p>","protected":false},"excerpt":{"rendered":"<p data-start=\"0\" data-end=\"196\"><br data-start=\"2079\" data-end=\"2082\" \/>Lampe de toit (12x110V) sans aimant est une lampe de toit utilis\u00e9e sur les chariots \u00e9l\u00e9vateurs et les engins de chantier, mont\u00e9e sans aimant. Elle offre une haute visibilit\u00e9 avec 12 LED et fonctionne \u00e0 110 volts.<\/p>\n<p data-start=\"2296\" data-end=\"2640\"><strong data-start=\"2296\" data-end=\"2318\">Caract\u00e9ristiques :<\/strong><br data-start=\"2318\" data-end=\"2321\" \/><strong data-start=\"2321\" data-end=\"2341\">Nom du produit :<\/strong> Lampe de toit (12x110V) sans aimant<br data-start=\"2377\" data-end=\"2380\" \/><strong data-start=\"2380\" data-end=\"2396\">Code pi\u00e8ce :<\/strong> TL-12-110N<br data-start=\"2407\" data-end=\"2410\" \/><strong data-start=\"2410\" data-end=\"2424\">Mat\u00e9riau :<\/strong> Bo\u00eetier plastique robuste<br data-start=\"2450\" data-end=\"2453\" \/><strong data-start=\"2453\" data-end=\"2479\">Domaine d\u2019utilisation:<\/strong> Syst\u00e8mes d\u2019alerte pour chariots \u00e9l\u00e9vateurs et engins de chantier<br data-start=\"2544\" data-end=\"2547\" \/><strong data-start=\"2547\" data-end=\"2560\">Avantage:<\/strong> Option de montage fixe, haute visibilit\u00e9, longue dur\u00e9e de vie, design durable<\/p>\n<p data-start=\"2642\" data-end=\"2860\">\n","protected":false},"featured_media":13058,"template":"","meta":[],"product_brand":[],"product_cat":[463],"product_tag":[],"class_list":{"0":"post-13056","1":"product","2":"type-product","3":"status-publish","4":"has-post-thumbnail","6":"product_cat-aydinlatma-grubu","8":"first","9":"instock","10":"taxable","11":"shipping-taxable","12":"purchasable","13":"product-type-simple"},"_links":{"self":[{"href":"https:\/\/ceoparts.com\/fr\/wp-json\/wp\/v2\/product\/13056","targetHints":{"allow":["GET"]}}],"collection":[{"href":"https:\/\/ceoparts.com\/fr\/wp-json\/wp\/v2\/product"}],"about":[{"href":"https:\/\/ceoparts.com\/fr\/wp-json\/wp\/v2\/types\/product"}],"wp:featuredmedia":[{"embeddable":true,"href":"https:\/\/ceoparts.com\/fr\/wp-json\/wp\/v2\/media\/13058"}],"wp:attachment":[{"href":"https:\/\/ceoparts.com\/fr\/wp-json\/wp\/v2\/media?parent=13056"}],"wp:term":[{"taxonomy":"product_brand","embeddable":true,"href":"https:\/\/ceoparts.com\/fr\/wp-json\/wp\/v2\/product_brand?post=13056"},{"taxonomy":"product_cat","embeddable":true,"href":"https:\/\/ceoparts.com\/fr\/wp-json\/wp\/v2\/product_cat?post=13056"},{"taxonomy":"product_tag","embeddable":true,"href":"https:\/\/ceoparts.com\/fr\/wp-json\/wp\/v2\/product_tag?post=13056"}],"curies":[{"name":"wp","href":"https:\/\/api.w.org\/{rel}","templated":true}]}}