{"id":13061,"date":"2025-01-14T17:38:29","date_gmt":"2025-01-14T14:38:29","guid":{"rendered":"https:\/\/ceoparts.com\/?post_type=product&#038;p=13061"},"modified":"2026-05-16T18:47:28","modified_gmt":"2026-05-16T15:47:28","slug":"tepe-ikaz-lambasi-10x110v-miknatisli","status":"publish","type":"product","link":"https:\/\/ceoparts.com\/fr\/urun\/tepe-ikaz-lambasi-10x110v-miknatisli\/","title":{"rendered":"Lampe de Signalisation de Toit (10x110V) Avec Aimant"},"content":{"rendered":"<p>Lampe de Signalisation de Toit (10x110V) Avec Aimant<\/p>","protected":false},"excerpt":{"rendered":"<p data-start=\"0\" data-end=\"176\"><br data-start=\"2084\" data-end=\"2087\" \/>Lampe de toit (10x110V) magn\u00e9tique est une lampe de toit \u00e0 base magn\u00e9tique utilis\u00e9e sur les chariots \u00e9l\u00e9vateurs et les engins de chantier. Elle offre une forte alerte avec 10 LED et fonctionne \u00e0 110 volts.<\/p>\n<p data-start=\"2294\" data-end=\"2665\"><strong data-start=\"2294\" data-end=\"2316\">Caract\u00e9ristiques :<\/strong><br data-start=\"2316\" data-end=\"2319\" \/><strong data-start=\"2319\" data-end=\"2339\">Nom du produit :<\/strong> Lampe de toit (10x110V) magn\u00e9tique<br data-start=\"2374\" data-end=\"2377\" \/><strong data-start=\"2377\" data-end=\"2393\">Code pi\u00e8ce :<\/strong> TL-10-110M<br data-start=\"2404\" data-end=\"2407\" \/><strong data-start=\"2407\" data-end=\"2421\">Mat\u00e9riau :<\/strong> Plastique robuste et base magn\u00e9tique en m\u00e9tal<br data-start=\"2467\" data-end=\"2470\" \/><strong data-start=\"2470\" data-end=\"2496\">Domaine d\u2019utilisation:<\/strong> Syst\u00e8mes d\u2019alerte pour chariots \u00e9l\u00e9vateurs et engins de chantier<br data-start=\"2561\" data-end=\"2564\" \/><strong data-start=\"2564\" data-end=\"2577\">Avantage:<\/strong> Installation facile, forte fixation magn\u00e9tique, haute visibilit\u00e9, longue dur\u00e9e de vie<\/p>\n<p data-start=\"2667\" data-end=\"2877\">\n","protected":false},"featured_media":13067,"template":"","meta":[],"product_brand":[],"product_cat":[463],"product_tag":[],"class_list":{"0":"post-13061","1":"product","2":"type-product","3":"status-publish","4":"has-post-thumbnail","6":"product_cat-aydinlatma-grubu","8":"first","9":"instock","10":"taxable","11":"shipping-taxable","12":"purchasable","13":"product-type-simple"},"_links":{"self":[{"href":"https:\/\/ceoparts.com\/fr\/wp-json\/wp\/v2\/product\/13061","targetHints":{"allow":["GET"]}}],"collection":[{"href":"https:\/\/ceoparts.com\/fr\/wp-json\/wp\/v2\/product"}],"about":[{"href":"https:\/\/ceoparts.com\/fr\/wp-json\/wp\/v2\/types\/product"}],"wp:featuredmedia":[{"embeddable":true,"href":"https:\/\/ceoparts.com\/fr\/wp-json\/wp\/v2\/media\/13067"}],"wp:attachment":[{"href":"https:\/\/ceoparts.com\/fr\/wp-json\/wp\/v2\/media?parent=13061"}],"wp:term":[{"taxonomy":"product_brand","embeddable":true,"href":"https:\/\/ceoparts.com\/fr\/wp-json\/wp\/v2\/product_brand?post=13061"},{"taxonomy":"product_cat","embeddable":true,"href":"https:\/\/ceoparts.com\/fr\/wp-json\/wp\/v2\/product_cat?post=13061"},{"taxonomy":"product_tag","embeddable":true,"href":"https:\/\/ceoparts.com\/fr\/wp-json\/wp\/v2\/product_tag?post=13061"}],"curies":[{"name":"wp","href":"https:\/\/api.w.org\/{rel}","templated":true}]}}