{"id":13068,"date":"2025-01-14T17:48:50","date_gmt":"2025-01-14T14:48:50","guid":{"rendered":"https:\/\/ceoparts.com\/?post_type=product&#038;p=13068"},"modified":"2026-05-16T17:36:35","modified_gmt":"2026-05-16T14:36:35","slug":"calisma-lambasi-yuvarlak-9-led","status":"publish","type":"product","link":"https:\/\/ceoparts.com\/fr\/urun\/calisma-lambasi-yuvarlak-9-led\/","title":{"rendered":"Lampe de Travail Ronde 9 LED 9-60V 27W"},"content":{"rendered":"<p>Lampe de Travail Ronde 9 LED 9-60V 27W<\/p>","protected":false},"excerpt":{"rendered":"<p data-start=\"0\" data-end=\"205\"><br data-start=\"2208\" data-end=\"2211\" \/>Lampe de travail ronde 9 LED 9-60 Volt 27W est une lampe de travail LED ronde blanche durable utilis\u00e9e sur les chariots \u00e9l\u00e9vateurs et les engins de chantier. Elle fournit un \u00e9clairage puissant avec 9 LED et fonctionne entre 9 et 60 volts.<\/p>\n<p data-start=\"2451\" data-end=\"2820\"><strong data-start=\"2451\" data-end=\"2473\">Caract\u00e9ristiques :<\/strong><br data-start=\"2473\" data-end=\"2476\" \/><strong data-start=\"2476\" data-end=\"2496\">Nom du produit :<\/strong> Lampe de travail ronde 9 LED 9-60 Volt 27W<br data-start=\"2539\" data-end=\"2542\" \/><strong data-start=\"2542\" data-end=\"2558\">Code pi\u00e8ce :<\/strong> CL-Y9-960<br data-start=\"2568\" data-end=\"2571\" \/><strong data-start=\"2571\" data-end=\"2585\">Mat\u00e9riau :<\/strong> Bo\u00eetier robuste en plastique et aluminium<br data-start=\"2627\" data-end=\"2630\" \/><strong data-start=\"2630\" data-end=\"2656\">Domaine d\u2019utilisation:<\/strong> \u00c9clairage de travail pour chariots \u00e9l\u00e9vateurs et engins de chantier<br data-start=\"2724\" data-end=\"2727\" \/><strong data-start=\"2727\" data-end=\"2740\">Avantage:<\/strong> Haute luminosit\u00e9, large plage de tension, longue dur\u00e9e de vie, design durable<\/p>\n<p data-start=\"2822\" data-end=\"3054\">\n","protected":false},"featured_media":13078,"template":"","meta":[],"product_brand":[],"product_cat":[463],"product_tag":[],"class_list":{"0":"post-13068","1":"product","2":"type-product","3":"status-publish","4":"has-post-thumbnail","6":"product_cat-aydinlatma-grubu","8":"first","9":"instock","10":"taxable","11":"shipping-taxable","12":"purchasable","13":"product-type-simple"},"_links":{"self":[{"href":"https:\/\/ceoparts.com\/fr\/wp-json\/wp\/v2\/product\/13068","targetHints":{"allow":["GET"]}}],"collection":[{"href":"https:\/\/ceoparts.com\/fr\/wp-json\/wp\/v2\/product"}],"about":[{"href":"https:\/\/ceoparts.com\/fr\/wp-json\/wp\/v2\/types\/product"}],"wp:featuredmedia":[{"embeddable":true,"href":"https:\/\/ceoparts.com\/fr\/wp-json\/wp\/v2\/media\/13078"}],"wp:attachment":[{"href":"https:\/\/ceoparts.com\/fr\/wp-json\/wp\/v2\/media?parent=13068"}],"wp:term":[{"taxonomy":"product_brand","embeddable":true,"href":"https:\/\/ceoparts.com\/fr\/wp-json\/wp\/v2\/product_brand?post=13068"},{"taxonomy":"product_cat","embeddable":true,"href":"https:\/\/ceoparts.com\/fr\/wp-json\/wp\/v2\/product_cat?post=13068"},{"taxonomy":"product_tag","embeddable":true,"href":"https:\/\/ceoparts.com\/fr\/wp-json\/wp\/v2\/product_tag?post=13068"}],"curies":[{"name":"wp","href":"https:\/\/api.w.org\/{rel}","templated":true}]}}