{"id":13073,"date":"2025-01-14T17:52:43","date_gmt":"2025-01-14T14:52:43","guid":{"rendered":"https:\/\/ceoparts.com\/?post_type=product&#038;p=13073"},"modified":"2026-05-16T17:29:28","modified_gmt":"2026-05-16T14:29:28","slug":"calisma-lambasi-yuvarlak-9-led-2","status":"publish","type":"product","link":"https:\/\/ceoparts.com\/fr\/urun\/calisma-lambasi-yuvarlak-9-led-2\/","title":{"rendered":"Lampe de Travail Carr\u00e9e 9 LED 10-110V 27W"},"content":{"rendered":"<p>Lampe de Travail Carr\u00e9e 9 LED 10-110V 27W<\/p>","protected":false},"excerpt":{"rendered":"<p data-start=\"0\" data-end=\"194\"><br data-start=\"2222\" data-end=\"2225\" \/>Lampe de travail carr\u00e9e 9 LED 10-110 Volt 27W est une lampe de travail carr\u00e9e durable utilis\u00e9e sur les chariots \u00e9l\u00e9vateurs et les engins de chantier. Elle fournit une lumi\u00e8re blanche puissante avec 9 LED et fonctionne sur une large plage de tension.<\/p>\n<p data-start=\"2476\" data-end=\"2858\"><strong data-start=\"2476\" data-end=\"2498\">Caract\u00e9ristiques :<\/strong><br data-start=\"2498\" data-end=\"2501\" \/><strong data-start=\"2501\" data-end=\"2521\">Nom du produit :<\/strong> Lampe de travail carr\u00e9e 9 LED 10-110 Volt 27W<br data-start=\"2567\" data-end=\"2570\" \/><strong data-start=\"2570\" data-end=\"2586\">Code pi\u00e8ce :<\/strong> CL-K9-10110<br data-start=\"2598\" data-end=\"2601\" \/><strong data-start=\"2601\" data-end=\"2615\">Mat\u00e9riau :<\/strong> Bo\u00eetier robuste en plastique et aluminium<br data-start=\"2657\" data-end=\"2660\" \/><strong data-start=\"2660\" data-end=\"2686\">Domaine d\u2019utilisation:<\/strong> \u00c9clairage de travail pour chariots \u00e9l\u00e9vateurs et engins de chantier<br data-start=\"2754\" data-end=\"2757\" \/><strong data-start=\"2757\" data-end=\"2770\">Avantage:<\/strong> Haute luminosit\u00e9, large compatibilit\u00e9 de tension, longue dur\u00e9e de vie, design durable<\/p>\n<p data-start=\"2860\" data-end=\"3099\">\n","protected":false},"featured_media":16724,"template":"","meta":[],"product_brand":[],"product_cat":[463],"product_tag":[],"class_list":{"0":"post-13073","1":"product","2":"type-product","3":"status-publish","4":"has-post-thumbnail","6":"product_cat-aydinlatma-grubu","8":"first","9":"instock","10":"taxable","11":"shipping-taxable","12":"purchasable","13":"product-type-simple"},"_links":{"self":[{"href":"https:\/\/ceoparts.com\/fr\/wp-json\/wp\/v2\/product\/13073","targetHints":{"allow":["GET"]}}],"collection":[{"href":"https:\/\/ceoparts.com\/fr\/wp-json\/wp\/v2\/product"}],"about":[{"href":"https:\/\/ceoparts.com\/fr\/wp-json\/wp\/v2\/types\/product"}],"wp:featuredmedia":[{"embeddable":true,"href":"https:\/\/ceoparts.com\/fr\/wp-json\/wp\/v2\/media\/16724"}],"wp:attachment":[{"href":"https:\/\/ceoparts.com\/fr\/wp-json\/wp\/v2\/media?parent=13073"}],"wp:term":[{"taxonomy":"product_brand","embeddable":true,"href":"https:\/\/ceoparts.com\/fr\/wp-json\/wp\/v2\/product_brand?post=13073"},{"taxonomy":"product_cat","embeddable":true,"href":"https:\/\/ceoparts.com\/fr\/wp-json\/wp\/v2\/product_cat?post=13073"},{"taxonomy":"product_tag","embeddable":true,"href":"https:\/\/ceoparts.com\/fr\/wp-json\/wp\/v2\/product_tag?post=13073"}],"curies":[{"name":"wp","href":"https:\/\/api.w.org\/{rel}","templated":true}]}}