{"id":13079,"date":"2025-01-16T09:45:23","date_gmt":"2025-01-16T06:45:23","guid":{"rendered":"https:\/\/ceoparts.com\/?post_type=product&#038;p=13079"},"modified":"2026-05-16T17:29:22","modified_gmt":"2026-05-16T14:29:22","slug":"calisma-lambasi-yuvarlak-16-led","status":"publish","type":"product","link":"https:\/\/ceoparts.com\/fr\/urun\/calisma-lambasi-yuvarlak-16-led\/","title":{"rendered":"Lampe de Travail Carr\u00e9e 16 LED 12\/24 Volt 48W"},"content":{"rendered":"<p>Lampe de Travail Carr\u00e9e 16 LED 12\/24 Volt 48W<\/p>","protected":false},"excerpt":{"rendered":"<p data-start=\"0\" data-end=\"232\"><br data-start=\"2393\" data-end=\"2396\" \/>Lampe de travail carr\u00e9e blanche 16 LED 12\/24 Volt 48W est une lampe de travail LED carr\u00e9e blanche puissante et durable utilis\u00e9e sur les chariots \u00e9l\u00e9vateurs et les engins de chantier. Elle offre un \u00e9clairage puissant avec 16 LED et fonctionne sur des syst\u00e8mes 12V et 24V.<\/p>\n<p data-start=\"2668\" data-end=\"3050\"><strong data-start=\"2668\" data-end=\"2690\">Caract\u00e9ristiques :<\/strong><br data-start=\"2690\" data-end=\"2693\" \/><strong data-start=\"2693\" data-end=\"2713\">Nom du produit :<\/strong> Lampe de travail carr\u00e9e blanche 16 LED 12\/24 Volt 48W<br data-start=\"2767\" data-end=\"2770\" \/><strong data-start=\"2770\" data-end=\"2786\">Code pi\u00e8ce :<\/strong> CL-KB16-1224<br data-start=\"2799\" data-end=\"2802\" \/><strong data-start=\"2802\" data-end=\"2816\">Mat\u00e9riau :<\/strong> Bo\u00eetier robuste en plastique et aluminium<br data-start=\"2858\" data-end=\"2861\" \/><strong data-start=\"2861\" data-end=\"2887\">Domaine d\u2019utilisation:<\/strong> \u00c9clairage de travail pour chariots \u00e9l\u00e9vateurs et engins de chantier<br data-start=\"2955\" data-end=\"2958\" \/><strong data-start=\"2958\" data-end=\"2971\">Avantage:<\/strong> Haute luminosit\u00e9, longue dur\u00e9e de vie, design durable, support multi-tension<\/p>\n<p data-start=\"3052\" data-end=\"3317\">\n","protected":false},"featured_media":16715,"template":"","meta":[],"product_brand":[],"product_cat":[463],"product_tag":[],"class_list":{"0":"post-13079","1":"product","2":"type-product","3":"status-publish","4":"has-post-thumbnail","6":"product_cat-aydinlatma-grubu","8":"first","9":"instock","10":"taxable","11":"shipping-taxable","12":"purchasable","13":"product-type-simple"},"_links":{"self":[{"href":"https:\/\/ceoparts.com\/fr\/wp-json\/wp\/v2\/product\/13079","targetHints":{"allow":["GET"]}}],"collection":[{"href":"https:\/\/ceoparts.com\/fr\/wp-json\/wp\/v2\/product"}],"about":[{"href":"https:\/\/ceoparts.com\/fr\/wp-json\/wp\/v2\/types\/product"}],"wp:featuredmedia":[{"embeddable":true,"href":"https:\/\/ceoparts.com\/fr\/wp-json\/wp\/v2\/media\/16715"}],"wp:attachment":[{"href":"https:\/\/ceoparts.com\/fr\/wp-json\/wp\/v2\/media?parent=13079"}],"wp:term":[{"taxonomy":"product_brand","embeddable":true,"href":"https:\/\/ceoparts.com\/fr\/wp-json\/wp\/v2\/product_brand?post=13079"},{"taxonomy":"product_cat","embeddable":true,"href":"https:\/\/ceoparts.com\/fr\/wp-json\/wp\/v2\/product_cat?post=13079"},{"taxonomy":"product_tag","embeddable":true,"href":"https:\/\/ceoparts.com\/fr\/wp-json\/wp\/v2\/product_tag?post=13079"}],"curies":[{"name":"wp","href":"https:\/\/api.w.org\/{rel}","templated":true}]}}