{"id":13084,"date":"2025-01-16T09:55:55","date_gmt":"2025-01-16T06:55:55","guid":{"rendered":"https:\/\/ceoparts.com\/?post_type=product&#038;p=13084"},"modified":"2026-05-16T14:05:44","modified_gmt":"2026-05-16T11:05:44","slug":"bluespot-buyuk-boy-mavi","status":"publish","type":"product","link":"https:\/\/ceoparts.com\/fr\/urun\/bluespot-buyuk-boy-mavi\/","title":{"rendered":"Bluespot Grand Bleu 10-80V 20W"},"content":{"rendered":"<p>Bluespot Grand Bleu 10-80V 20W<\/p>","protected":false},"excerpt":{"rendered":"<p data-start=\"0\" data-end=\"201\"><br data-start=\"2136\" data-end=\"2139\" \/>Bluespot Grand Bleu 10-80V 20W est un feu d\u2019avertissement LED bleu grand format haute puissance utilis\u00e9 sur les chariots \u00e9l\u00e9vateurs et les engins de chantier. Il fonctionne sur une large plage de tension et offre un \u00e9clairage visible.<\/p>\n<p data-start=\"2375\" data-end=\"2733\"><strong data-start=\"2375\" data-end=\"2397\">Caract\u00e9ristiques :<\/strong><br data-start=\"2397\" data-end=\"2400\" \/><strong data-start=\"2400\" data-end=\"2420\">Nom du produit :<\/strong> Bluespot Grand Bleu 10-80V 20W<br data-start=\"2451\" data-end=\"2454\" \/><strong data-start=\"2454\" data-end=\"2470\">Code pi\u00e8ce :<\/strong> BS-BM-1080<br data-start=\"2481\" data-end=\"2484\" \/><strong data-start=\"2484\" data-end=\"2498\">Mat\u00e9riau :<\/strong> Bo\u00eetier robuste en plastique et aluminium<br data-start=\"2540\" data-end=\"2543\" \/><strong data-start=\"2543\" data-end=\"2569\">Domaine d\u2019utilisation:<\/strong> Syst\u00e8mes d\u2019avertissement pour chariots \u00e9l\u00e9vateurs et engins de chantier<br data-start=\"2641\" data-end=\"2644\" \/><strong data-start=\"2644\" data-end=\"2657\">Avantage:<\/strong> Haute luminosit\u00e9, longue dur\u00e9e de vie, design durable, \u00e9conomie d\u2019\u00e9nergie<\/p>\n<p data-start=\"2735\" data-end=\"2984\">\n","protected":false},"featured_media":13086,"template":"","meta":[],"product_brand":[],"product_cat":[463],"product_tag":[],"class_list":{"0":"post-13084","1":"product","2":"type-product","3":"status-publish","4":"has-post-thumbnail","6":"product_cat-aydinlatma-grubu","8":"first","9":"instock","10":"taxable","11":"shipping-taxable","12":"purchasable","13":"product-type-simple"},"_links":{"self":[{"href":"https:\/\/ceoparts.com\/fr\/wp-json\/wp\/v2\/product\/13084","targetHints":{"allow":["GET"]}}],"collection":[{"href":"https:\/\/ceoparts.com\/fr\/wp-json\/wp\/v2\/product"}],"about":[{"href":"https:\/\/ceoparts.com\/fr\/wp-json\/wp\/v2\/types\/product"}],"wp:featuredmedia":[{"embeddable":true,"href":"https:\/\/ceoparts.com\/fr\/wp-json\/wp\/v2\/media\/13086"}],"wp:attachment":[{"href":"https:\/\/ceoparts.com\/fr\/wp-json\/wp\/v2\/media?parent=13084"}],"wp:term":[{"taxonomy":"product_brand","embeddable":true,"href":"https:\/\/ceoparts.com\/fr\/wp-json\/wp\/v2\/product_brand?post=13084"},{"taxonomy":"product_cat","embeddable":true,"href":"https:\/\/ceoparts.com\/fr\/wp-json\/wp\/v2\/product_cat?post=13084"},{"taxonomy":"product_tag","embeddable":true,"href":"https:\/\/ceoparts.com\/fr\/wp-json\/wp\/v2\/product_tag?post=13084"}],"curies":[{"name":"wp","href":"https:\/\/api.w.org\/{rel}","templated":true}]}}