{"id":13099,"date":"2025-01-16T10:07:47","date_gmt":"2025-01-16T07:07:47","guid":{"rendered":"https:\/\/ceoparts.com\/?post_type=product&#038;p=13099"},"modified":"2026-05-16T12:48:44","modified_gmt":"2026-05-16T09:48:44","slug":"redzone-kirmizi","status":"publish","type":"product","link":"https:\/\/ceoparts.com\/fr\/urun\/redzone-kirmizi\/","title":{"rendered":"Redzone Rouge 10-80V"},"content":{"rendered":"<p>Redzone Rouge 10-80V<\/p>","protected":false},"excerpt":{"rendered":"<p data-start=\"0\" data-end=\"166\"><br data-start=\"1960\" data-end=\"1963\" \/>Redzone Rouge 10-80V est une lampe LED rouge de haute qualit\u00e9 utilis\u00e9e sur les chariots \u00e9l\u00e9vateurs et les engins de chantier. Elle fonctionne sur une large plage de tension et offre une s\u00e9curit\u00e9 d\u2019avertissement.<\/p>\n<p data-start=\"2176\" data-end=\"2534\"><strong data-start=\"2176\" data-end=\"2198\">Caract\u00e9ristiques :<\/strong><br data-start=\"2198\" data-end=\"2201\" \/><strong data-start=\"2201\" data-end=\"2221\">Nom du produit :<\/strong> Redzone Rouge 10-80V<br data-start=\"2242\" data-end=\"2245\" \/><strong data-start=\"2245\" data-end=\"2261\">Code pi\u00e8ce :<\/strong> NR160481R<br data-start=\"2271\" data-end=\"2274\" \/><strong data-start=\"2274\" data-end=\"2288\">Mat\u00e9riau :<\/strong> Bo\u00eetier robuste en plastique et aluminium<br data-start=\"2330\" data-end=\"2333\" \/><strong data-start=\"2333\" data-end=\"2359\">Domaine d\u2019utilisation:<\/strong> Syst\u00e8mes d\u2019avertissement pour chariots \u00e9l\u00e9vateurs et engins de chantier<br data-start=\"2431\" data-end=\"2434\" \/><strong data-start=\"2434\" data-end=\"2447\">Avantage:<\/strong> Longue dur\u00e9e de vie, haute visibilit\u00e9, faible consommation d\u2019\u00e9nergie, design durable<\/p>\n<p data-start=\"2536\" data-end=\"2734\">\n","protected":false},"featured_media":13102,"template":"","meta":[],"product_brand":[],"product_cat":[463],"product_tag":[],"class_list":{"0":"post-13099","1":"product","2":"type-product","3":"status-publish","4":"has-post-thumbnail","6":"product_cat-aydinlatma-grubu","8":"first","9":"instock","10":"taxable","11":"shipping-taxable","12":"purchasable","13":"product-type-simple"},"_links":{"self":[{"href":"https:\/\/ceoparts.com\/fr\/wp-json\/wp\/v2\/product\/13099","targetHints":{"allow":["GET"]}}],"collection":[{"href":"https:\/\/ceoparts.com\/fr\/wp-json\/wp\/v2\/product"}],"about":[{"href":"https:\/\/ceoparts.com\/fr\/wp-json\/wp\/v2\/types\/product"}],"wp:featuredmedia":[{"embeddable":true,"href":"https:\/\/ceoparts.com\/fr\/wp-json\/wp\/v2\/media\/13102"}],"wp:attachment":[{"href":"https:\/\/ceoparts.com\/fr\/wp-json\/wp\/v2\/media?parent=13099"}],"wp:term":[{"taxonomy":"product_brand","embeddable":true,"href":"https:\/\/ceoparts.com\/fr\/wp-json\/wp\/v2\/product_brand?post=13099"},{"taxonomy":"product_cat","embeddable":true,"href":"https:\/\/ceoparts.com\/fr\/wp-json\/wp\/v2\/product_cat?post=13099"},{"taxonomy":"product_tag","embeddable":true,"href":"https:\/\/ceoparts.com\/fr\/wp-json\/wp\/v2\/product_tag?post=13099"}],"curies":[{"name":"wp","href":"https:\/\/api.w.org\/{rel}","templated":true}]}}