{"id":13105,"date":"2025-01-16T10:13:30","date_gmt":"2025-01-16T07:13:30","guid":{"rendered":"https:\/\/ceoparts.com\/?post_type=product&#038;p=13105"},"modified":"2026-05-16T17:29:45","modified_gmt":"2026-05-16T14:29:45","slug":"norma-redzone-osram-nr160481r","status":"publish","type":"product","link":"https:\/\/ceoparts.com\/fr\/urun\/norma-redzone-osram-nr160481r\/","title":{"rendered":"Norma Redzone Osram 10-80V 6W &#8211; NR160481R"},"content":{"rendered":"<p>Norma Redzone Osram 10-80V 6W &#8211; NR160481R<\/p>\n","protected":false},"excerpt":{"rendered":"<p data-start=\"0\" data-end=\"191\"><br data-start=\"2153\" data-end=\"2156\" \/>Norma Redzone Osram 10-80V 6W est une lampe LED rouge de haute qualit\u00e9 avec puce Osram utilis\u00e9e sur les chariots \u00e9l\u00e9vateurs et les engins de chantier. Elle offre une s\u00e9curit\u00e9 d\u2019avertissement avec efficacit\u00e9 \u00e9nerg\u00e9tique et design durable.<\/p>\n<p data-start=\"2395\" data-end=\"2770\"><strong data-start=\"2395\" data-end=\"2417\">Caract\u00e9ristiques :<\/strong><br data-start=\"2417\" data-end=\"2420\" \/><strong data-start=\"2420\" data-end=\"2440\">Nom du produit :<\/strong> Norma Redzone Osram 10-80V 6W<br data-start=\"2470\" data-end=\"2473\" \/><strong data-start=\"2473\" data-end=\"2489\">Code pi\u00e8ce :<\/strong> NR160481R<br data-start=\"2499\" data-end=\"2502\" \/><strong data-start=\"2502\" data-end=\"2516\">Mat\u00e9riau :<\/strong> Bo\u00eetier robuste en plastique et aluminium<br data-start=\"2558\" data-end=\"2561\" \/><strong data-start=\"2561\" data-end=\"2587\">Domaine d\u2019utilisation:<\/strong> Syst\u00e8mes d\u2019avertissement pour chariots \u00e9l\u00e9vateurs et engins de chantier<br data-start=\"2659\" data-end=\"2662\" \/><strong data-start=\"2662\" data-end=\"2675\">Avantage:<\/strong> Technologie puce Osram, longue dur\u00e9e de vie, faible consommation d\u2019\u00e9nergie, haute visibilit\u00e9<\/p>\n<p data-start=\"2772\" data-end=\"2992\">\n","protected":false},"featured_media":18308,"template":"","meta":[],"product_brand":[],"product_cat":[463],"product_tag":[],"class_list":{"0":"post-13105","1":"product","2":"type-product","3":"status-publish","4":"has-post-thumbnail","6":"product_cat-aydinlatma-grubu","8":"first","9":"instock","10":"taxable","11":"shipping-taxable","12":"purchasable","13":"product-type-simple"},"_links":{"self":[{"href":"https:\/\/ceoparts.com\/fr\/wp-json\/wp\/v2\/product\/13105","targetHints":{"allow":["GET"]}}],"collection":[{"href":"https:\/\/ceoparts.com\/fr\/wp-json\/wp\/v2\/product"}],"about":[{"href":"https:\/\/ceoparts.com\/fr\/wp-json\/wp\/v2\/types\/product"}],"wp:featuredmedia":[{"embeddable":true,"href":"https:\/\/ceoparts.com\/fr\/wp-json\/wp\/v2\/media\/18308"}],"wp:attachment":[{"href":"https:\/\/ceoparts.com\/fr\/wp-json\/wp\/v2\/media?parent=13105"}],"wp:term":[{"taxonomy":"product_brand","embeddable":true,"href":"https:\/\/ceoparts.com\/fr\/wp-json\/wp\/v2\/product_brand?post=13105"},{"taxonomy":"product_cat","embeddable":true,"href":"https:\/\/ceoparts.com\/fr\/wp-json\/wp\/v2\/product_cat?post=13105"},{"taxonomy":"product_tag","embeddable":true,"href":"https:\/\/ceoparts.com\/fr\/wp-json\/wp\/v2\/product_tag?post=13105"}],"curies":[{"name":"wp","href":"https:\/\/api.w.org\/{rel}","templated":true}]}}