{"id":13111,"date":"2025-01-16T10:19:10","date_gmt":"2025-01-16T07:19:10","guid":{"rendered":"https:\/\/ceoparts.com\/?post_type=product&#038;p=13111"},"modified":"2026-05-16T22:12:06","modified_gmt":"2026-05-16T19:12:06","slug":"norma-kare-beyaz-kalin-27w-9-led-nr161556","status":"publish","type":"product","link":"https:\/\/ceoparts.com\/fr\/urun\/norma-kare-beyaz-kalin-27w-9-led-nr161556\/","title":{"rendered":"Norma Carr\u00e9 Blanc \u00c9pais 27W 9 Led &#8211; NR161556"},"content":{"rendered":"<p>Norma Carr\u00e9 Blanc \u00c9pais 27W 9 Led &#8211; NR161556<\/p>","protected":false},"excerpt":{"rendered":"<p data-start=\"0\" data-end=\"177\"><br data-start=\"2117\" data-end=\"2120\" \/>Norma Carr\u00e9 Blanc \u00c9pais 27W 9 LED est une lampe LED carr\u00e9e blanche puissante et durable utilis\u00e9e sur les chariots \u00e9l\u00e9vateurs et les engins de chantier. Elle fournit un \u00e9clairage puissant avec 27 watts et 9 LED.<\/p>\n<p data-start=\"2332\" data-end=\"2690\"><strong data-start=\"2332\" data-end=\"2354\">Caract\u00e9ristiques :<\/strong><br data-start=\"2354\" data-end=\"2357\" \/><strong data-start=\"2357\" data-end=\"2377\">Nom du produit :<\/strong> Norma Carr\u00e9 Blanc \u00c9pais 27W 9 LED<br data-start=\"2411\" data-end=\"2414\" \/><strong data-start=\"2414\" data-end=\"2430\">Code pi\u00e8ce :<\/strong> NR161556<br data-start=\"2439\" data-end=\"2442\" \/><strong data-start=\"2442\" data-end=\"2456\">Mat\u00e9riau :<\/strong> Bo\u00eetier robuste en plastique et aluminium<br data-start=\"2498\" data-end=\"2501\" \/><strong data-start=\"2501\" data-end=\"2527\">Domaine d\u2019utilisation:<\/strong> Syst\u00e8mes d\u2019\u00e9clairage pour chariots \u00e9l\u00e9vateurs et engins de chantier<br data-start=\"2595\" data-end=\"2598\" \/><strong data-start=\"2598\" data-end=\"2611\">Avantage:<\/strong> Haute luminosit\u00e9, structure durable, longue dur\u00e9e de vie, \u00e9conomie d\u2019\u00e9nergie<\/p>\n<p data-start=\"2692\" data-end=\"2905\">\n","protected":false},"featured_media":13115,"template":"","meta":[],"product_brand":[],"product_cat":[463],"product_tag":[],"class_list":{"0":"post-13111","1":"product","2":"type-product","3":"status-publish","4":"has-post-thumbnail","6":"product_cat-aydinlatma-grubu","8":"first","9":"instock","10":"taxable","11":"shipping-taxable","12":"purchasable","13":"product-type-simple"},"_links":{"self":[{"href":"https:\/\/ceoparts.com\/fr\/wp-json\/wp\/v2\/product\/13111","targetHints":{"allow":["GET"]}}],"collection":[{"href":"https:\/\/ceoparts.com\/fr\/wp-json\/wp\/v2\/product"}],"about":[{"href":"https:\/\/ceoparts.com\/fr\/wp-json\/wp\/v2\/types\/product"}],"wp:featuredmedia":[{"embeddable":true,"href":"https:\/\/ceoparts.com\/fr\/wp-json\/wp\/v2\/media\/13115"}],"wp:attachment":[{"href":"https:\/\/ceoparts.com\/fr\/wp-json\/wp\/v2\/media?parent=13111"}],"wp:term":[{"taxonomy":"product_brand","embeddable":true,"href":"https:\/\/ceoparts.com\/fr\/wp-json\/wp\/v2\/product_brand?post=13111"},{"taxonomy":"product_cat","embeddable":true,"href":"https:\/\/ceoparts.com\/fr\/wp-json\/wp\/v2\/product_cat?post=13111"},{"taxonomy":"product_tag","embeddable":true,"href":"https:\/\/ceoparts.com\/fr\/wp-json\/wp\/v2\/product_tag?post=13111"}],"curies":[{"name":"wp","href":"https:\/\/api.w.org\/{rel}","templated":true}]}}