{"id":13116,"date":"2025-01-16T10:32:24","date_gmt":"2025-01-16T07:32:24","guid":{"rendered":"https:\/\/ceoparts.com\/?post_type=product&#038;p=13116"},"modified":"2026-05-16T17:35:18","modified_gmt":"2026-05-16T14:35:18","slug":"norma-forklift-ok-spot-led-mavi-nr161563","status":"publish","type":"product","link":"https:\/\/ceoparts.com\/fr\/urun\/norma-forklift-ok-spot-led-mavi-nr161563\/","title":{"rendered":"Norma Chariot \u00e9l\u00e9vateur OK Spot Led Bleu 12-80V 20W &#8211; NR161563"},"content":{"rendered":"<p>Norma Chariot \u00e9l\u00e9vateur OK Spot Led Bleu 12-80V 20W &#8211; NR161563<\/p>","protected":false},"excerpt":{"rendered":"<p data-start=\"0\" data-end=\"195\"><br data-start=\"2172\" data-end=\"2175\" \/>Norma Forklift OK Spot LED Bleu 12-80V 20W est une lampe LED spot bleue haute performance utilis\u00e9e sur les chariots \u00e9l\u00e9vateurs et les engins de chantier. Elle offre une forte luminosit\u00e9 et fonctionne sur une large plage de tension.<\/p>\n<p data-start=\"2408\" data-end=\"2763\"><strong data-start=\"2408\" data-end=\"2430\">Caract\u00e9ristiques :<\/strong><br data-start=\"2430\" data-end=\"2433\" \/><strong data-start=\"2433\" data-end=\"2453\">Nom du produit :<\/strong> Norma Forklift OK Spot LED Bleu 12-80V 20W<br data-start=\"2496\" data-end=\"2499\" \/><strong data-start=\"2499\" data-end=\"2515\">Code pi\u00e8ce :<\/strong> NR161563<br data-start=\"2524\" data-end=\"2527\" \/><strong data-start=\"2527\" data-end=\"2541\">Mat\u00e9riau :<\/strong> Plastique et m\u00e9tal durables<br data-start=\"2569\" data-end=\"2572\" \/><strong data-start=\"2572\" data-end=\"2598\">Domaine d\u2019utilisation:<\/strong> Syst\u00e8mes d\u2019\u00e9clairage pour chariots \u00e9l\u00e9vateurs et engins de chantier<br data-start=\"2666\" data-end=\"2669\" \/><strong data-start=\"2669\" data-end=\"2682\">Avantage:<\/strong> Haute luminosit\u00e9, \u00e9conomie d\u2019\u00e9nergie, longue dur\u00e9e de vie, installation facile<\/p>\n<p data-start=\"2765\" data-end=\"2990\">\n","protected":false},"featured_media":16078,"template":"","meta":[],"product_brand":[],"product_cat":[463],"product_tag":[],"class_list":{"0":"post-13116","1":"product","2":"type-product","3":"status-publish","4":"has-post-thumbnail","6":"product_cat-aydinlatma-grubu","8":"first","9":"instock","10":"taxable","11":"shipping-taxable","12":"purchasable","13":"product-type-simple"},"_links":{"self":[{"href":"https:\/\/ceoparts.com\/fr\/wp-json\/wp\/v2\/product\/13116","targetHints":{"allow":["GET"]}}],"collection":[{"href":"https:\/\/ceoparts.com\/fr\/wp-json\/wp\/v2\/product"}],"about":[{"href":"https:\/\/ceoparts.com\/fr\/wp-json\/wp\/v2\/types\/product"}],"wp:featuredmedia":[{"embeddable":true,"href":"https:\/\/ceoparts.com\/fr\/wp-json\/wp\/v2\/media\/16078"}],"wp:attachment":[{"href":"https:\/\/ceoparts.com\/fr\/wp-json\/wp\/v2\/media?parent=13116"}],"wp:term":[{"taxonomy":"product_brand","embeddable":true,"href":"https:\/\/ceoparts.com\/fr\/wp-json\/wp\/v2\/product_brand?post=13116"},{"taxonomy":"product_cat","embeddable":true,"href":"https:\/\/ceoparts.com\/fr\/wp-json\/wp\/v2\/product_cat?post=13116"},{"taxonomy":"product_tag","embeddable":true,"href":"https:\/\/ceoparts.com\/fr\/wp-json\/wp\/v2\/product_tag?post=13116"}],"curies":[{"name":"wp","href":"https:\/\/api.w.org\/{rel}","templated":true}]}}