{"id":13123,"date":"2025-01-16T10:40:26","date_gmt":"2025-01-16T07:40:26","guid":{"rendered":"https:\/\/ceoparts.com\/?post_type=product&#038;p=13123"},"modified":"2026-05-16T17:22:55","modified_gmt":"2026-05-16T14:22:55","slug":"norma-forklift-cizgi-led-mavi-nr161587","status":"publish","type":"product","link":"https:\/\/ceoparts.com\/fr\/urun\/norma-forklift-cizgi-led-mavi-nr161587\/","title":{"rendered":"Norma Chariot \u00e9l\u00e9vateur Lignes Led Bleu 9V-80V &#8211; NR161587"},"content":{"rendered":"<p>Norma Chariot \u00e9l\u00e9vateur Lignes Led Bleu 9V-80V &#8211; NR161587<\/p>","protected":false},"excerpt":{"rendered":"<p data-start=\"0\" data-end=\"203\"><br data-start=\"2224\" data-end=\"2227\" \/>Norma LED bandeau bleu pour chariots \u00e9l\u00e9vateurs 9V-80V est une lampe LED bandeau bleue durable et performante utilis\u00e9e sur les chariots \u00e9l\u00e9vateurs et les engins de chantier. Elle fonctionne sur une large plage de tension et offre des \u00e9conomies d\u2019\u00e9nergie.<\/p>\n<p data-start=\"2483\" data-end=\"2864\"><strong data-start=\"2483\" data-end=\"2505\">Caract\u00e9ristiques :<\/strong><br data-start=\"2505\" data-end=\"2508\" \/><strong data-start=\"2508\" data-end=\"2528\">Nom du produit :<\/strong> Norma LED bandeau bleu pour chariots \u00e9l\u00e9vateurs 9V-80V<br data-start=\"2583\" data-end=\"2586\" \/><strong data-start=\"2586\" data-end=\"2602\">Code pi\u00e8ce :<\/strong> NR161587<br data-start=\"2611\" data-end=\"2614\" \/><strong data-start=\"2614\" data-end=\"2628\">Mat\u00e9riau :<\/strong> Bo\u00eetier robuste en plastique et aluminium<br data-start=\"2670\" data-end=\"2673\" \/><strong data-start=\"2673\" data-end=\"2699\">Domaine d\u2019utilisation:<\/strong> Syst\u00e8mes d\u2019\u00e9clairage pour chariots \u00e9l\u00e9vateurs et engins de chantier<br data-start=\"2767\" data-end=\"2770\" \/><strong data-start=\"2770\" data-end=\"2783\">Avantage:<\/strong> Haute luminosit\u00e9, \u00e9conomie d\u2019\u00e9nergie, longue dur\u00e9e de vie, installation facile<\/p>\n<p data-start=\"2866\" data-end=\"3117\">\n","protected":false},"featured_media":13124,"template":"","meta":[],"product_brand":[],"product_cat":[463],"product_tag":[],"class_list":{"0":"post-13123","1":"product","2":"type-product","3":"status-publish","4":"has-post-thumbnail","6":"product_cat-aydinlatma-grubu","8":"first","9":"instock","10":"taxable","11":"shipping-taxable","12":"purchasable","13":"product-type-simple"},"_links":{"self":[{"href":"https:\/\/ceoparts.com\/fr\/wp-json\/wp\/v2\/product\/13123","targetHints":{"allow":["GET"]}}],"collection":[{"href":"https:\/\/ceoparts.com\/fr\/wp-json\/wp\/v2\/product"}],"about":[{"href":"https:\/\/ceoparts.com\/fr\/wp-json\/wp\/v2\/types\/product"}],"wp:featuredmedia":[{"embeddable":true,"href":"https:\/\/ceoparts.com\/fr\/wp-json\/wp\/v2\/media\/13124"}],"wp:attachment":[{"href":"https:\/\/ceoparts.com\/fr\/wp-json\/wp\/v2\/media?parent=13123"}],"wp:term":[{"taxonomy":"product_brand","embeddable":true,"href":"https:\/\/ceoparts.com\/fr\/wp-json\/wp\/v2\/product_brand?post=13123"},{"taxonomy":"product_cat","embeddable":true,"href":"https:\/\/ceoparts.com\/fr\/wp-json\/wp\/v2\/product_cat?post=13123"},{"taxonomy":"product_tag","embeddable":true,"href":"https:\/\/ceoparts.com\/fr\/wp-json\/wp\/v2\/product_tag?post=13123"}],"curies":[{"name":"wp","href":"https:\/\/api.w.org\/{rel}","templated":true}]}}