{"id":13133,"date":"2025-01-16T10:48:19","date_gmt":"2025-01-16T07:48:19","guid":{"rendered":"https:\/\/ceoparts.com\/?post_type=product&#038;p=13133"},"modified":"2026-05-16T17:28:41","modified_gmt":"2026-05-16T14:28:41","slug":"norma-osram-cipli-kucuk-u-led","status":"publish","type":"product","link":"https:\/\/ceoparts.com\/fr\/urun\/norma-osram-cipli-kucuk-u-led\/","title":{"rendered":"Norma Osram Puce Petite U Led 10-110V 5W"},"content":{"rendered":"<p>Norma Osram Puce Petite U Led 10-110V 5W<\/p>","protected":false},"excerpt":{"rendered":"<p data-start=\"0\" data-end=\"223\"><br data-start=\"2345\" data-end=\"2348\" \/>Norma Osram Puce Petite LED en U 10-110V 5W est une lampe LED de type U petite et de haute qualit\u00e9 avec puce Osram utilis\u00e9e sur les chariots \u00e9l\u00e9vateurs et les engins de chantier. Elle est \u00e9conome en \u00e9nergie et durable, fournissant un \u00e9clairage efficace de 5 watts.<\/p>\n<p data-start=\"2614\" data-end=\"2999\"><strong data-start=\"2614\" data-end=\"2636\">Caract\u00e9ristiques :<\/strong><br data-start=\"2636\" data-end=\"2639\" \/><strong data-start=\"2639\" data-end=\"2659\">Nom du produit :<\/strong> Norma Osram Puce Petite LED en U 10-110V 5W<br data-start=\"2703\" data-end=\"2706\" \/><strong data-start=\"2706\" data-end=\"2722\">Code pi\u00e8ce :<\/strong> NR161840<br data-start=\"2731\" data-end=\"2734\" \/><strong data-start=\"2734\" data-end=\"2748\">Mat\u00e9riau :<\/strong> Bo\u00eetier robuste en plastique et aluminium<br data-start=\"2790\" data-end=\"2793\" \/><strong data-start=\"2793\" data-end=\"2819\">Domaine d\u2019utilisation:<\/strong> Syst\u00e8mes d\u2019\u00e9clairage pour chariots \u00e9l\u00e9vateurs et engins de chantier<br data-start=\"2887\" data-end=\"2890\" \/><strong data-start=\"2890\" data-end=\"2903\">Avantage:<\/strong> Technologie de puce Osram, faible consommation d\u2019\u00e9nergie, longue dur\u00e9e de vie, design compact<\/p>\n<p data-start=\"3001\" data-end=\"3283\">\n","protected":false},"featured_media":18275,"template":"","meta":[],"product_brand":[],"product_cat":[463],"product_tag":[],"class_list":{"0":"post-13133","1":"product","2":"type-product","3":"status-publish","4":"has-post-thumbnail","6":"product_cat-aydinlatma-grubu","8":"first","9":"instock","10":"taxable","11":"shipping-taxable","12":"purchasable","13":"product-type-simple"},"_links":{"self":[{"href":"https:\/\/ceoparts.com\/fr\/wp-json\/wp\/v2\/product\/13133","targetHints":{"allow":["GET"]}}],"collection":[{"href":"https:\/\/ceoparts.com\/fr\/wp-json\/wp\/v2\/product"}],"about":[{"href":"https:\/\/ceoparts.com\/fr\/wp-json\/wp\/v2\/types\/product"}],"wp:featuredmedia":[{"embeddable":true,"href":"https:\/\/ceoparts.com\/fr\/wp-json\/wp\/v2\/media\/18275"}],"wp:attachment":[{"href":"https:\/\/ceoparts.com\/fr\/wp-json\/wp\/v2\/media?parent=13133"}],"wp:term":[{"taxonomy":"product_brand","embeddable":true,"href":"https:\/\/ceoparts.com\/fr\/wp-json\/wp\/v2\/product_brand?post=13133"},{"taxonomy":"product_cat","embeddable":true,"href":"https:\/\/ceoparts.com\/fr\/wp-json\/wp\/v2\/product_cat?post=13133"},{"taxonomy":"product_tag","embeddable":true,"href":"https:\/\/ceoparts.com\/fr\/wp-json\/wp\/v2\/product_tag?post=13133"}],"curies":[{"name":"wp","href":"https:\/\/api.w.org\/{rel}","templated":true}]}}