{"id":13140,"date":"2025-01-16T12:05:39","date_gmt":"2025-01-16T09:05:39","guid":{"rendered":"https:\/\/ceoparts.com\/?post_type=product&#038;p=13140"},"modified":"2026-05-16T14:07:54","modified_gmt":"2026-05-16T11:07:54","slug":"norma-hareketli-ok-kirmizi-nr161860","status":"publish","type":"product","link":"https:\/\/ceoparts.com\/fr\/urun\/norma-hareketli-ok-kirmizi-nr161860\/","title":{"rendered":"Norma Fl\u00e8che Rouge Mobile 10-110V 20W &#8211; NR161846"},"content":{"rendered":"<p>Norma Fl\u00e8che Rouge Mobile 10-110V 20W &#8211; NR161846<\/p>","protected":false},"excerpt":{"rendered":"<p data-start=\"0\" data-end=\"215\"><br data-start=\"2316\" data-end=\"2319\" \/>Norma Fl\u00e8che Mobile Rouge 10-110V 20W est un feu signal mobile en forme de fl\u00e8che rouge utilis\u00e9 sur les chariots \u00e9l\u00e9vateurs et les engins de chantier. Il offre une haute visibilit\u00e9 et est utilis\u00e9 pour la direction et l\u2019avertissement sur les chantiers.<\/p>\n<p data-start=\"2572\" data-end=\"2954\"><strong data-start=\"2572\" data-end=\"2594\">Caract\u00e9ristiques :<\/strong><br data-start=\"2594\" data-end=\"2597\" \/><strong data-start=\"2597\" data-end=\"2617\">Nom du produit :<\/strong> Norma Fl\u00e8che Mobile Rouge 10-110V 20W<br data-start=\"2655\" data-end=\"2658\" \/><strong data-start=\"2658\" data-end=\"2674\">Code pi\u00e8ce :<\/strong> NR161846<br data-start=\"2683\" data-end=\"2686\" \/><strong data-start=\"2686\" data-end=\"2700\">Mat\u00e9riau :<\/strong> Bo\u00eetier robuste en plastique et m\u00e9tal<br data-start=\"2738\" data-end=\"2741\" \/><strong data-start=\"2741\" data-end=\"2767\">Domaine d\u2019utilisation:<\/strong> Syst\u00e8mes de s\u00e9curit\u00e9 et de signalisation pour chariots \u00e9l\u00e9vateurs et engins de chantier<br data-start=\"2855\" data-end=\"2858\" \/><strong data-start=\"2858\" data-end=\"2871\">Avantage:<\/strong> Haute visibilit\u00e9, fonction fl\u00e8che mobile, structure durable, installation facile<\/p>\n<p data-start=\"2956\" data-end=\"3200\">\n","protected":false},"featured_media":16073,"template":"","meta":[],"product_brand":[],"product_cat":[463],"product_tag":[],"class_list":{"0":"post-13140","1":"product","2":"type-product","3":"status-publish","4":"has-post-thumbnail","6":"product_cat-aydinlatma-grubu","8":"first","9":"instock","10":"taxable","11":"shipping-taxable","12":"purchasable","13":"product-type-simple"},"_links":{"self":[{"href":"https:\/\/ceoparts.com\/fr\/wp-json\/wp\/v2\/product\/13140","targetHints":{"allow":["GET"]}}],"collection":[{"href":"https:\/\/ceoparts.com\/fr\/wp-json\/wp\/v2\/product"}],"about":[{"href":"https:\/\/ceoparts.com\/fr\/wp-json\/wp\/v2\/types\/product"}],"wp:featuredmedia":[{"embeddable":true,"href":"https:\/\/ceoparts.com\/fr\/wp-json\/wp\/v2\/media\/16073"}],"wp:attachment":[{"href":"https:\/\/ceoparts.com\/fr\/wp-json\/wp\/v2\/media?parent=13140"}],"wp:term":[{"taxonomy":"product_brand","embeddable":true,"href":"https:\/\/ceoparts.com\/fr\/wp-json\/wp\/v2\/product_brand?post=13140"},{"taxonomy":"product_cat","embeddable":true,"href":"https:\/\/ceoparts.com\/fr\/wp-json\/wp\/v2\/product_cat?post=13140"},{"taxonomy":"product_tag","embeddable":true,"href":"https:\/\/ceoparts.com\/fr\/wp-json\/wp\/v2\/product_tag?post=13140"}],"curies":[{"name":"wp","href":"https:\/\/api.w.org\/{rel}","templated":true}]}}