{"id":13147,"date":"2025-01-16T12:45:47","date_gmt":"2025-01-16T09:45:47","guid":{"rendered":"https:\/\/ceoparts.com\/?post_type=product&#038;p=13147"},"modified":"2026-05-16T15:09:23","modified_gmt":"2026-05-16T12:09:23","slug":"norma-bluespot-nr160474","status":"publish","type":"product","link":"https:\/\/ceoparts.com\/fr\/urun\/norma-bluespot-nr160474\/","title":{"rendered":"Norma Bluespot 10-80V &#8211; NR160498"},"content":{"rendered":"<p>Norma Bluespot 10-80V &#8211; NR160498<\/p>\n","protected":false},"excerpt":{"rendered":"<p data-start=\"0\" data-end=\"180\"><br data-start=\"1993\" data-end=\"1996\" \/>Norma Bluespot Rouge 10-80V est une lumi\u00e8re d\u2019avertissement rouge tr\u00e8s visible et durable utilis\u00e9e sur les chariots \u00e9l\u00e9vateurs et les engins de chantier. Con\u00e7ue pour am\u00e9liorer la s\u00e9curit\u00e9 au travail.<\/p>\n<p data-start=\"2197\" data-end=\"2537\"><strong data-start=\"2197\" data-end=\"2219\">Caract\u00e9ristiques :<\/strong><br data-start=\"2219\" data-end=\"2222\" \/><strong data-start=\"2222\" data-end=\"2242\">Nom du produit :<\/strong> Norma Bluespot Rouge 10-80V<br data-start=\"2270\" data-end=\"2273\" \/><strong data-start=\"2273\" data-end=\"2289\">Code pi\u00e8ce :<\/strong> NR160498<br data-start=\"2298\" data-end=\"2301\" \/><strong data-start=\"2301\" data-end=\"2315\">Mat\u00e9riau :<\/strong> Plastique et m\u00e9tal durables<br data-start=\"2343\" data-end=\"2346\" \/><strong data-start=\"2346\" data-end=\"2372\">Domaine d\u2019utilisation:<\/strong> Syst\u00e8mes de s\u00e9curit\u00e9 pour chariots \u00e9l\u00e9vateurs et engins de chantier<br data-start=\"2440\" data-end=\"2443\" \/><strong data-start=\"2443\" data-end=\"2456\">Avantage:<\/strong> Haute visibilit\u00e9, longue dur\u00e9e de vie, \u00e9conomie d\u2019\u00e9nergie, installation facile<\/p>\n<p data-start=\"2539\" data-end=\"2747\">\n","protected":false},"featured_media":13150,"template":"","meta":[],"product_brand":[],"product_cat":[463],"product_tag":[],"class_list":{"0":"post-13147","1":"product","2":"type-product","3":"status-publish","4":"has-post-thumbnail","6":"product_cat-aydinlatma-grubu","8":"first","9":"instock","10":"taxable","11":"shipping-taxable","12":"purchasable","13":"product-type-simple"},"_links":{"self":[{"href":"https:\/\/ceoparts.com\/fr\/wp-json\/wp\/v2\/product\/13147","targetHints":{"allow":["GET"]}}],"collection":[{"href":"https:\/\/ceoparts.com\/fr\/wp-json\/wp\/v2\/product"}],"about":[{"href":"https:\/\/ceoparts.com\/fr\/wp-json\/wp\/v2\/types\/product"}],"wp:featuredmedia":[{"embeddable":true,"href":"https:\/\/ceoparts.com\/fr\/wp-json\/wp\/v2\/media\/13150"}],"wp:attachment":[{"href":"https:\/\/ceoparts.com\/fr\/wp-json\/wp\/v2\/media?parent=13147"}],"wp:term":[{"taxonomy":"product_brand","embeddable":true,"href":"https:\/\/ceoparts.com\/fr\/wp-json\/wp\/v2\/product_brand?post=13147"},{"taxonomy":"product_cat","embeddable":true,"href":"https:\/\/ceoparts.com\/fr\/wp-json\/wp\/v2\/product_cat?post=13147"},{"taxonomy":"product_tag","embeddable":true,"href":"https:\/\/ceoparts.com\/fr\/wp-json\/wp\/v2\/product_tag?post=13147"}],"curies":[{"name":"wp","href":"https:\/\/api.w.org\/{rel}","templated":true}]}}