{"id":13158,"date":"2025-01-16T13:02:16","date_gmt":"2025-01-16T10:02:16","guid":{"rendered":"https:\/\/ceoparts.com\/?post_type=product&#038;p=13158"},"modified":"2026-05-16T17:29:49","modified_gmt":"2026-05-16T14:29:49","slug":"norma-yuvarlak-sari-3-fonks-calisma-lambasi-nr161853","status":"publish","type":"product","link":"https:\/\/ceoparts.com\/fr\/urun\/norma-yuvarlak-sari-3-fonks-calisma-lambasi-nr161853\/","title":{"rendered":"Norma Lampe de Travail Rond Jaune \u00e0 3 Fonctions 9-35V 24W &#8211; NR161853"},"content":{"rendered":"<p>Norma Lampe de Travail Rond Jaune \u00e0 3 Fonctions 9-35V 24W &#8211; NR161853<\/p>","protected":false},"excerpt":{"rendered":"<p data-start=\"0\" data-end=\"248\"><br data-start=\"2439\" data-end=\"2442\" \/>La lampe de travail ronde jaune Norma \u00e0 3 fonctions 9-35V 24W est une lampe de travail jaune durable et multifonction utilis\u00e9e sur les chariots \u00e9l\u00e9vateurs et les engins de chantier. Elle assure une utilisation s\u00fbre avec 3 fonctions diff\u00e9rentes et une forte luminosit\u00e9 avec 24 watts.<\/p>\n<p data-start=\"2726\" data-end=\"3115\"><strong data-start=\"2726\" data-end=\"2748\">Caract\u00e9ristiques :<\/strong><br data-start=\"2748\" data-end=\"2751\" \/><strong data-start=\"2751\" data-end=\"2771\">Nom du produit :<\/strong> Lampe de travail ronde jaune Norma \u00e0 3 fonctions 9-35V 24W<br data-start=\"2830\" data-end=\"2833\" \/><strong data-start=\"2833\" data-end=\"2849\">Code pi\u00e8ce :<\/strong> NR161853<br data-start=\"2858\" data-end=\"2861\" \/><strong data-start=\"2861\" data-end=\"2875\">Mat\u00e9riau :<\/strong> Bo\u00eetier robuste en plastique et aluminium<br data-start=\"2917\" data-end=\"2920\" \/><strong data-start=\"2920\" data-end=\"2946\">Domaine d\u2019utilisation:<\/strong> \u00c9clairage de travail pour chariots \u00e9l\u00e9vateurs et engins de chantier<br data-start=\"3014\" data-end=\"3017\" \/><strong data-start=\"3017\" data-end=\"3030\">Avantage:<\/strong> Utilisation multifonction, haute luminosit\u00e9, structure durable, \u00e9conomie d\u2019\u00e9nergie<\/p>\n<p data-start=\"3117\" data-end=\"3403\">\n","protected":false},"featured_media":13159,"template":"","meta":[],"product_brand":[],"product_cat":[463],"product_tag":[],"class_list":{"0":"post-13158","1":"product","2":"type-product","3":"status-publish","4":"has-post-thumbnail","6":"product_cat-aydinlatma-grubu","8":"first","9":"instock","10":"taxable","11":"shipping-taxable","12":"purchasable","13":"product-type-simple"},"_links":{"self":[{"href":"https:\/\/ceoparts.com\/fr\/wp-json\/wp\/v2\/product\/13158","targetHints":{"allow":["GET"]}}],"collection":[{"href":"https:\/\/ceoparts.com\/fr\/wp-json\/wp\/v2\/product"}],"about":[{"href":"https:\/\/ceoparts.com\/fr\/wp-json\/wp\/v2\/types\/product"}],"wp:featuredmedia":[{"embeddable":true,"href":"https:\/\/ceoparts.com\/fr\/wp-json\/wp\/v2\/media\/13159"}],"wp:attachment":[{"href":"https:\/\/ceoparts.com\/fr\/wp-json\/wp\/v2\/media?parent=13158"}],"wp:term":[{"taxonomy":"product_brand","embeddable":true,"href":"https:\/\/ceoparts.com\/fr\/wp-json\/wp\/v2\/product_brand?post=13158"},{"taxonomy":"product_cat","embeddable":true,"href":"https:\/\/ceoparts.com\/fr\/wp-json\/wp\/v2\/product_cat?post=13158"},{"taxonomy":"product_tag","embeddable":true,"href":"https:\/\/ceoparts.com\/fr\/wp-json\/wp\/v2\/product_tag?post=13158"}],"curies":[{"name":"wp","href":"https:\/\/api.w.org\/{rel}","templated":true}]}}