{"id":13163,"date":"2025-01-16T13:21:45","date_gmt":"2025-01-16T10:21:45","guid":{"rendered":"https:\/\/ceoparts.com\/?post_type=product&#038;p=13163"},"modified":"2026-05-16T17:35:22","modified_gmt":"2026-05-16T14:35:22","slug":"norma-kare-lamba-27-w-9-led-kalin-nr160450","status":"publish","type":"product","link":"https:\/\/ceoparts.com\/fr\/urun\/norma-kare-lamba-27-w-9-led-kalin-nr160450\/","title":{"rendered":"Norma Kare Lamba 27 W 9 Led Kal\u0131n &#8211; NR160450"},"content":{"rendered":"<p class=\"qtranxs-available-languages-message qtranxs-available-languages-message-fr\">D\u00e9sol\u00e9, cet article est seulement disponible en <a href=\"https:\/\/ceoparts.com\/tr\/wp-json\/wp\/v2\/product\/13163\" class=\"qtranxs-available-language-link qtranxs-available-language-link-tr\" title=\"Turkish\">Turkish<\/a>, <a href=\"https:\/\/ceoparts.com\/en\/wp-json\/wp\/v2\/product\/13163\" class=\"qtranxs-available-language-link qtranxs-available-language-link-en\" title=\"English\">English<\/a> et <a href=\"https:\/\/ceoparts.com\/de\/wp-json\/wp\/v2\/product\/13163\" class=\"qtranxs-available-language-link qtranxs-available-language-link-de\" title=\"Deutsch\">Deutsch<\/a>.<\/p>","protected":false},"excerpt":{"rendered":"<p data-start=\"0\" data-end=\"230\"><br data-start=\"2345\" data-end=\"2348\" \/>La lampe carr\u00e9e Norma 27W 9 LED \u00e9paisse est une lampe LED carr\u00e9e durable et performante utilis\u00e9e sur les chariots \u00e9l\u00e9vateurs et les engins de chantier. Elle fournit un \u00e9clairage puissant avec 27 watts et 9 LED, et sa conception \u00e9paisse assure une utilisation robuste.<\/p>\n<p data-start=\"2617\" data-end=\"2978\"><strong data-start=\"2617\" data-end=\"2639\">Caract\u00e9ristiques :<\/strong><br data-start=\"2639\" data-end=\"2642\" \/><strong data-start=\"2642\" data-end=\"2662\">Nom du produit :<\/strong> Lampe carr\u00e9e Norma 27W 9 LED \u00e9paisse<br data-start=\"2699\" data-end=\"2702\" \/><strong data-start=\"2702\" data-end=\"2718\">Code pi\u00e8ce :<\/strong> NR160450<br data-start=\"2727\" data-end=\"2730\" \/><strong data-start=\"2730\" data-end=\"2744\">Mat\u00e9riau :<\/strong> Bo\u00eetier robuste en plastique et aluminium<br data-start=\"2786\" data-end=\"2789\" \/><strong data-start=\"2789\" data-end=\"2815\">Domaine d\u2019utilisation:<\/strong> Syst\u00e8mes d\u2019\u00e9clairage pour chariots \u00e9l\u00e9vateurs et engins de chantier<br data-start=\"2883\" data-end=\"2886\" \/><strong data-start=\"2886\" data-end=\"2899\">Avantage:<\/strong> Haute luminosit\u00e9, structure robuste, \u00e9conomie d\u2019\u00e9nergie, longue dur\u00e9e de vie<\/p>\n<p data-start=\"2980\" data-end=\"3244\">\n","protected":false},"featured_media":13164,"template":"","meta":[],"product_brand":[],"product_cat":[463],"product_tag":[],"class_list":{"0":"post-13163","1":"product","2":"type-product","3":"status-publish","4":"has-post-thumbnail","6":"product_cat-aydinlatma-grubu","8":"first","9":"instock","10":"taxable","11":"shipping-taxable","12":"purchasable","13":"product-type-simple"},"_links":{"self":[{"href":"https:\/\/ceoparts.com\/fr\/wp-json\/wp\/v2\/product\/13163","targetHints":{"allow":["GET"]}}],"collection":[{"href":"https:\/\/ceoparts.com\/fr\/wp-json\/wp\/v2\/product"}],"about":[{"href":"https:\/\/ceoparts.com\/fr\/wp-json\/wp\/v2\/types\/product"}],"wp:featuredmedia":[{"embeddable":true,"href":"https:\/\/ceoparts.com\/fr\/wp-json\/wp\/v2\/media\/13164"}],"wp:attachment":[{"href":"https:\/\/ceoparts.com\/fr\/wp-json\/wp\/v2\/media?parent=13163"}],"wp:term":[{"taxonomy":"product_brand","embeddable":true,"href":"https:\/\/ceoparts.com\/fr\/wp-json\/wp\/v2\/product_brand?post=13163"},{"taxonomy":"product_cat","embeddable":true,"href":"https:\/\/ceoparts.com\/fr\/wp-json\/wp\/v2\/product_cat?post=13163"},{"taxonomy":"product_tag","embeddable":true,"href":"https:\/\/ceoparts.com\/fr\/wp-json\/wp\/v2\/product_tag?post=13163"}],"curies":[{"name":"wp","href":"https:\/\/api.w.org\/{rel}","templated":true}]}}