{"id":13168,"date":"2025-01-16T13:50:55","date_gmt":"2025-01-16T10:50:55","guid":{"rendered":"https:\/\/ceoparts.com\/?post_type=product&#038;p=13168"},"modified":"2026-05-16T19:52:23","modified_gmt":"2026-05-16T16:52:23","slug":"calisma-lambasi-9-led-yuvarlak-gun-isigi-disi-beyaz-crb-301-05-05","status":"publish","type":"product","link":"https:\/\/ceoparts.com\/fr\/urun\/calisma-lambasi-9-led-yuvarlak-gun-isigi-disi-beyaz-crb-301-05-05\/","title":{"rendered":"Lampe de travail ronde lumi\u00e8re du jour 9 LED 27W 9-80V &#8211; CRB-301 05 05"},"content":{"rendered":"<p>Lampe de travail ronde lumi\u00e8re du jour 9 LED 27W 9-80V &#8211; CRB-301 05 05<\/p>","protected":false},"excerpt":{"rendered":"<p data-start=\"0\" data-end=\"267\"><br data-start=\"2574\" data-end=\"2577\" \/>Lampe de travail ronde lumi\u00e8re du jour 9 LED 27W 9-80V est une lampe de travail durable et \u00e9conome en \u00e9nergie utilis\u00e9e sur les chariots \u00e9l\u00e9vateurs et les engins de chantier. Elle fournit un \u00e9clairage puissant avec 9 LED et peut \u00eatre utilis\u00e9e sur divers v\u00e9hicules gr\u00e2ce \u00e0 sa large plage de tension.<\/p>\n<p data-start=\"2876\" data-end=\"3269\"><strong data-start=\"2876\" data-end=\"2898\">Caract\u00e9ristiques :<\/strong><br data-start=\"2898\" data-end=\"2901\" \/><strong data-start=\"2901\" data-end=\"2921\">Nom du produit :<\/strong> Lampe de travail ronde lumi\u00e8re du jour 9 LED 27W 9-80V<br data-start=\"2976\" data-end=\"2979\" \/><strong data-start=\"2979\" data-end=\"2995\">Code pi\u00e8ce :<\/strong> CRB-301 05 05<br data-start=\"3009\" data-end=\"3012\" \/><strong data-start=\"3012\" data-end=\"3026\">Mat\u00e9riau :<\/strong> Bo\u00eetier robuste en plastique et aluminium<br data-start=\"3068\" data-end=\"3071\" \/><strong data-start=\"3071\" data-end=\"3097\">Domaine d\u2019utilisation:<\/strong> \u00c9clairage de travail pour chariots \u00e9l\u00e9vateurs et engins de chantier<br data-start=\"3165\" data-end=\"3168\" \/><strong data-start=\"3168\" data-end=\"3181\">Avantage:<\/strong> LED haute efficacit\u00e9, large plage de tension, longue dur\u00e9e de vie, \u00e9conomie d\u2019\u00e9nergie<\/p>\n<p data-start=\"3271\" data-end=\"3594\">\n","protected":false},"featured_media":13170,"template":"","meta":[],"product_brand":[],"product_cat":[463],"product_tag":[],"class_list":{"0":"post-13168","1":"product","2":"type-product","3":"status-publish","4":"has-post-thumbnail","6":"product_cat-aydinlatma-grubu","8":"first","9":"instock","10":"taxable","11":"shipping-taxable","12":"purchasable","13":"product-type-simple"},"_links":{"self":[{"href":"https:\/\/ceoparts.com\/fr\/wp-json\/wp\/v2\/product\/13168","targetHints":{"allow":["GET"]}}],"collection":[{"href":"https:\/\/ceoparts.com\/fr\/wp-json\/wp\/v2\/product"}],"about":[{"href":"https:\/\/ceoparts.com\/fr\/wp-json\/wp\/v2\/types\/product"}],"wp:featuredmedia":[{"embeddable":true,"href":"https:\/\/ceoparts.com\/fr\/wp-json\/wp\/v2\/media\/13170"}],"wp:attachment":[{"href":"https:\/\/ceoparts.com\/fr\/wp-json\/wp\/v2\/media?parent=13168"}],"wp:term":[{"taxonomy":"product_brand","embeddable":true,"href":"https:\/\/ceoparts.com\/fr\/wp-json\/wp\/v2\/product_brand?post=13168"},{"taxonomy":"product_cat","embeddable":true,"href":"https:\/\/ceoparts.com\/fr\/wp-json\/wp\/v2\/product_cat?post=13168"},{"taxonomy":"product_tag","embeddable":true,"href":"https:\/\/ceoparts.com\/fr\/wp-json\/wp\/v2\/product_tag?post=13168"}],"curies":[{"name":"wp","href":"https:\/\/api.w.org\/{rel}","templated":true}]}}