{"id":13173,"date":"2025-01-16T13:56:27","date_gmt":"2025-01-16T10:56:27","guid":{"rendered":"https:\/\/ceoparts.com\/?post_type=product&#038;p=13173"},"modified":"2026-05-16T20:33:49","modified_gmt":"2026-05-16T17:33:49","slug":"norma-led-bar-sari-lamba-72w-24led-13-cm-nr161518y","status":"publish","type":"product","link":"https:\/\/ceoparts.com\/fr\/urun\/norma-led-bar-sari-lamba-72w-24led-13-cm-nr161518y\/","title":{"rendered":"Norma Barre LED Lampe Jaune 72W 24LED 13 cm &#8211; NR161518Y"},"content":{"rendered":"<p>Norma Barre LED Lampe Jaune 72W 24LED 13 cm &#8211; NR161518Y<\/p>","protected":false},"excerpt":{"rendered":"<p data-start=\"0\" data-end=\"231\"><br data-start=\"2380\" data-end=\"2383\" \/>La barre lumineuse LED jaune Norma 72W 24 LED 13 cm est une lumi\u00e8re LED jaune puissante et durable utilis\u00e9e sur les chariots \u00e9l\u00e9vateurs et les engins de chantier. Elle offre une haute luminosit\u00e9 avec 24 LED et une installation facile dans les espaces restreints gr\u00e2ce \u00e0 sa taille de 13 cm.<\/p>\n<p data-start=\"2674\" data-end=\"3045\"><strong data-start=\"2674\" data-end=\"2696\">Caract\u00e9ristiques :<\/strong><br data-start=\"2696\" data-end=\"2699\" \/><strong data-start=\"2699\" data-end=\"2719\">Nom du produit :<\/strong> Barre lumineuse LED jaune Norma 72W 24 LED 13 cm<br data-start=\"2768\" data-end=\"2771\" \/><strong data-start=\"2771\" data-end=\"2787\">Code pi\u00e8ce :<\/strong> NR161518Y<br data-start=\"2797\" data-end=\"2800\" \/><strong data-start=\"2800\" data-end=\"2814\">Mat\u00e9riau :<\/strong> Bo\u00eetier robuste en plastique et aluminium<br data-start=\"2856\" data-end=\"2859\" \/><strong data-start=\"2859\" data-end=\"2885\">Domaine d\u2019utilisation:<\/strong> Syst\u00e8mes d\u2019\u00e9clairage pour chariots \u00e9l\u00e9vateurs et engins de chantier<br data-start=\"2953\" data-end=\"2956\" \/><strong data-start=\"2956\" data-end=\"2969\">Avantage:<\/strong> Haute luminosit\u00e9, \u00e9conomie d\u2019\u00e9nergie, longue dur\u00e9e de vie, design compact<\/p>\n<p data-start=\"3047\" data-end=\"3331\">\n","protected":false},"featured_media":13174,"template":"","meta":[],"product_brand":[],"product_cat":[463],"product_tag":[],"class_list":{"0":"post-13173","1":"product","2":"type-product","3":"status-publish","4":"has-post-thumbnail","6":"product_cat-aydinlatma-grubu","8":"first","9":"instock","10":"taxable","11":"shipping-taxable","12":"purchasable","13":"product-type-simple"},"_links":{"self":[{"href":"https:\/\/ceoparts.com\/fr\/wp-json\/wp\/v2\/product\/13173","targetHints":{"allow":["GET"]}}],"collection":[{"href":"https:\/\/ceoparts.com\/fr\/wp-json\/wp\/v2\/product"}],"about":[{"href":"https:\/\/ceoparts.com\/fr\/wp-json\/wp\/v2\/types\/product"}],"wp:featuredmedia":[{"embeddable":true,"href":"https:\/\/ceoparts.com\/fr\/wp-json\/wp\/v2\/media\/13174"}],"wp:attachment":[{"href":"https:\/\/ceoparts.com\/fr\/wp-json\/wp\/v2\/media?parent=13173"}],"wp:term":[{"taxonomy":"product_brand","embeddable":true,"href":"https:\/\/ceoparts.com\/fr\/wp-json\/wp\/v2\/product_brand?post=13173"},{"taxonomy":"product_cat","embeddable":true,"href":"https:\/\/ceoparts.com\/fr\/wp-json\/wp\/v2\/product_cat?post=13173"},{"taxonomy":"product_tag","embeddable":true,"href":"https:\/\/ceoparts.com\/fr\/wp-json\/wp\/v2\/product_tag?post=13173"}],"curies":[{"name":"wp","href":"https:\/\/api.w.org\/{rel}","templated":true}]}}