{"id":13179,"date":"2025-01-16T14:09:12","date_gmt":"2025-01-16T11:09:12","guid":{"rendered":"https:\/\/ceoparts.com\/?post_type=product&#038;p=13179"},"modified":"2026-05-16T21:42:44","modified_gmt":"2026-05-16T18:42:44","slug":"norma-bluespot-kirmizi-nr161822","status":"publish","type":"product","link":"https:\/\/ceoparts.com\/fr\/urun\/norma-bluespot-kirmizi-nr161822\/","title":{"rendered":"Lampe LED \u00e0 point rouge pour chariot \u00e9l\u00e9vateur Norma 10\u201380V 20W \u2013 NR161822"},"content":{"rendered":"<p>Lampe LED \u00e0 point rouge pour chariot \u00e9l\u00e9vateur Norma 10\u201380V 20W \u2013 NR161822<\/p>","protected":false},"excerpt":{"rendered":"<p data-start=\"0\" data-end=\"193\"><br data-start=\"2104\" data-end=\"2107\" \/>Le Norma Bluespot Rouge 10-80V 20W est une lumi\u00e8re ponctuelle rouge durable et tr\u00e8s visible utilis\u00e9e sur les chariots \u00e9l\u00e9vateurs et les engins de chantier. Elle est utilis\u00e9e pour l\u2019avertissement et la s\u00e9curit\u00e9 sur le lieu de travail.<\/p>\n<p data-start=\"2342\" data-end=\"2686\"><strong data-start=\"2342\" data-end=\"2364\">Caract\u00e9ristiques :<\/strong><br data-start=\"2364\" data-end=\"2367\" \/><strong data-start=\"2367\" data-end=\"2387\">Nom du produit :<\/strong> Norma Bluespot Rouge 10-80V 20W<br data-start=\"2419\" data-end=\"2422\" \/><strong data-start=\"2422\" data-end=\"2438\">Code pi\u00e8ce :<\/strong> NR161822<br data-start=\"2447\" data-end=\"2450\" \/><strong data-start=\"2450\" data-end=\"2464\">Mat\u00e9riau :<\/strong> Plastique et m\u00e9tal durables<br data-start=\"2492\" data-end=\"2495\" \/><strong data-start=\"2495\" data-end=\"2521\">Domaine d\u2019utilisation:<\/strong> Syst\u00e8mes de s\u00e9curit\u00e9 pour chariots \u00e9l\u00e9vateurs et engins de chantier<br data-start=\"2589\" data-end=\"2592\" \/><strong data-start=\"2592\" data-end=\"2605\">Avantage:<\/strong> Haute visibilit\u00e9, \u00e9conomie d\u2019\u00e9nergie, longue dur\u00e9e de vie, installation facile<\/p>\n<p data-start=\"2688\" data-end=\"2913\">\n","protected":false},"featured_media":13181,"template":"","meta":[],"product_brand":[],"product_cat":[463],"product_tag":[],"class_list":{"0":"post-13179","1":"product","2":"type-product","3":"status-publish","4":"has-post-thumbnail","6":"product_cat-aydinlatma-grubu","8":"first","9":"instock","10":"taxable","11":"shipping-taxable","12":"purchasable","13":"product-type-simple"},"_links":{"self":[{"href":"https:\/\/ceoparts.com\/fr\/wp-json\/wp\/v2\/product\/13179","targetHints":{"allow":["GET"]}}],"collection":[{"href":"https:\/\/ceoparts.com\/fr\/wp-json\/wp\/v2\/product"}],"about":[{"href":"https:\/\/ceoparts.com\/fr\/wp-json\/wp\/v2\/types\/product"}],"wp:featuredmedia":[{"embeddable":true,"href":"https:\/\/ceoparts.com\/fr\/wp-json\/wp\/v2\/media\/13181"}],"wp:attachment":[{"href":"https:\/\/ceoparts.com\/fr\/wp-json\/wp\/v2\/media?parent=13179"}],"wp:term":[{"taxonomy":"product_brand","embeddable":true,"href":"https:\/\/ceoparts.com\/fr\/wp-json\/wp\/v2\/product_brand?post=13179"},{"taxonomy":"product_cat","embeddable":true,"href":"https:\/\/ceoparts.com\/fr\/wp-json\/wp\/v2\/product_cat?post=13179"},{"taxonomy":"product_tag","embeddable":true,"href":"https:\/\/ceoparts.com\/fr\/wp-json\/wp\/v2\/product_tag?post=13179"}],"curies":[{"name":"wp","href":"https:\/\/api.w.org\/{rel}","templated":true}]}}