{"id":13184,"date":"2025-01-16T14:29:40","date_gmt":"2025-01-16T11:29:40","guid":{"rendered":"https:\/\/ceoparts.com\/?post_type=product&#038;p=13184"},"modified":"2026-05-16T22:12:20","modified_gmt":"2026-05-16T19:12:20","slug":"cakarli-yuvarlak-led-far-72w-12-24v-202114","status":"publish","type":"product","link":"https:\/\/ceoparts.com\/fr\/urun\/cakarli-yuvarlak-led-far-72w-12-24v-202114\/","title":{"rendered":"Projecteur LED Rond Clignotant &#8211; 202114"},"content":{"rendered":"<p>Projecteur LED Rond Clignotant &#8211; 202114<\/p>","protected":false},"excerpt":{"rendered":"<p data-start=\"0\" data-end=\"239\"><br data-start=\"2346\" data-end=\"2349\" \/>Le phare LED rond clignotant 72W 12-24V est un produit d\u2019\u00e9clairage performant et \u00e9conome en \u00e9nergie utilis\u00e9 sur les chariots \u00e9l\u00e9vateurs et les engins de chantier. Il offre une forte luminosit\u00e9 avec 72 watts et am\u00e9liore la s\u00e9curit\u00e9 au travail gr\u00e2ce \u00e0 une fonction clignotante.<\/p>\n<p data-start=\"2626\" data-end=\"2988\"><strong data-start=\"2626\" data-end=\"2648\">Caract\u00e9ristiques :<\/strong><br data-start=\"2648\" data-end=\"2651\" \/><strong data-start=\"2651\" data-end=\"2671\">Nom du produit :<\/strong> Phare LED rond clignotant 72W 12-24V<br data-start=\"2708\" data-end=\"2711\" \/><strong data-start=\"2711\" data-end=\"2727\">Code pi\u00e8ce :<\/strong> 202114<br data-start=\"2734\" data-end=\"2737\" \/><strong data-start=\"2737\" data-end=\"2751\">Mat\u00e9riau :<\/strong> Bo\u00eetier robuste en plastique et aluminium<br data-start=\"2793\" data-end=\"2796\" \/><strong data-start=\"2796\" data-end=\"2822\">Domaine d\u2019utilisation:<\/strong> Syst\u00e8mes d\u2019\u00e9clairage pour chariots \u00e9l\u00e9vateurs et engins de chantier<br data-start=\"2890\" data-end=\"2893\" \/><strong data-start=\"2893\" data-end=\"2906\">Avantage:<\/strong> Haute luminosit\u00e9, \u00e9conomie d\u2019\u00e9nergie, longue dur\u00e9e de vie, fonction clignotante<\/p>\n<p data-start=\"2990\" data-end=\"3287\">\n","protected":false},"featured_media":13186,"template":"","meta":[],"product_brand":[],"product_cat":[463],"product_tag":[],"class_list":{"0":"post-13184","1":"product","2":"type-product","3":"status-publish","4":"has-post-thumbnail","6":"product_cat-aydinlatma-grubu","8":"first","9":"instock","10":"taxable","11":"shipping-taxable","12":"purchasable","13":"product-type-simple"},"_links":{"self":[{"href":"https:\/\/ceoparts.com\/fr\/wp-json\/wp\/v2\/product\/13184","targetHints":{"allow":["GET"]}}],"collection":[{"href":"https:\/\/ceoparts.com\/fr\/wp-json\/wp\/v2\/product"}],"about":[{"href":"https:\/\/ceoparts.com\/fr\/wp-json\/wp\/v2\/types\/product"}],"wp:featuredmedia":[{"embeddable":true,"href":"https:\/\/ceoparts.com\/fr\/wp-json\/wp\/v2\/media\/13186"}],"wp:attachment":[{"href":"https:\/\/ceoparts.com\/fr\/wp-json\/wp\/v2\/media?parent=13184"}],"wp:term":[{"taxonomy":"product_brand","embeddable":true,"href":"https:\/\/ceoparts.com\/fr\/wp-json\/wp\/v2\/product_brand?post=13184"},{"taxonomy":"product_cat","embeddable":true,"href":"https:\/\/ceoparts.com\/fr\/wp-json\/wp\/v2\/product_cat?post=13184"},{"taxonomy":"product_tag","embeddable":true,"href":"https:\/\/ceoparts.com\/fr\/wp-json\/wp\/v2\/product_tag?post=13184"}],"curies":[{"name":"wp","href":"https:\/\/api.w.org\/{rel}","templated":true}]}}