{"id":13195,"date":"2025-01-16T14:45:54","date_gmt":"2025-01-16T11:45:54","guid":{"rendered":"https:\/\/ceoparts.com\/?post_type=product&#038;p=13195"},"modified":"2026-05-16T19:52:28","modified_gmt":"2026-05-16T16:52:28","slug":"cakarli-yuvarlak-led-far-202113","status":"publish","type":"product","link":"https:\/\/ceoparts.com\/fr\/urun\/cakarli-yuvarlak-led-far-202113\/","title":{"rendered":"Projecteur LED Rond Clignotant 10-30V &#8211; 202113"},"content":{"rendered":"<p>Projecteur LED Rond Clignotant 10-30V &#8211; 202113<\/p>","protected":false},"excerpt":{"rendered":"<p data-start=\"0\" data-end=\"220\"><br data-start=\"2267\" data-end=\"2270\" \/>Le phare LED rond clignotant 10-30V est un mod\u00e8le durable et \u00e9conome en \u00e9nergie utilis\u00e9 sur les chariots \u00e9l\u00e9vateurs et les engins de chantier. Il offre une large couverture lumineuse et une fonction clignotante pour am\u00e9liorer la s\u00e9curit\u00e9 au travail.<\/p>\n<p data-start=\"2521\" data-end=\"2888\"><strong data-start=\"2521\" data-end=\"2543\">Caract\u00e9ristiques :<\/strong><br data-start=\"2543\" data-end=\"2546\" \/><strong data-start=\"2546\" data-end=\"2566\">Nom du produit :<\/strong> Phare LED rond clignotant 10-30V<br data-start=\"2599\" data-end=\"2602\" \/><strong data-start=\"2602\" data-end=\"2618\">Code pi\u00e8ce :<\/strong> 202113<br data-start=\"2625\" data-end=\"2628\" \/><strong data-start=\"2628\" data-end=\"2642\">Mat\u00e9riau :<\/strong> Bo\u00eetier robuste en plastique et aluminium<br data-start=\"2684\" data-end=\"2687\" \/><strong data-start=\"2687\" data-end=\"2713\">Domaine d\u2019utilisation:<\/strong> Syst\u00e8mes d\u2019\u00e9clairage pour chariots \u00e9l\u00e9vateurs et engins de chantier<br data-start=\"2781\" data-end=\"2784\" \/><strong data-start=\"2784\" data-end=\"2797\">Avantage:<\/strong> Haute puissance lumineuse, \u00e9conomie d\u2019\u00e9nergie, longue dur\u00e9e de vie, fonction clignotante<\/p>\n<p data-start=\"2890\" data-end=\"3167\">\n","protected":false},"featured_media":13197,"template":"","meta":[],"product_brand":[],"product_cat":[463],"product_tag":[],"class_list":{"0":"post-13195","1":"product","2":"type-product","3":"status-publish","4":"has-post-thumbnail","6":"product_cat-aydinlatma-grubu","8":"first","9":"instock","10":"taxable","11":"shipping-taxable","12":"purchasable","13":"product-type-simple"},"_links":{"self":[{"href":"https:\/\/ceoparts.com\/fr\/wp-json\/wp\/v2\/product\/13195","targetHints":{"allow":["GET"]}}],"collection":[{"href":"https:\/\/ceoparts.com\/fr\/wp-json\/wp\/v2\/product"}],"about":[{"href":"https:\/\/ceoparts.com\/fr\/wp-json\/wp\/v2\/types\/product"}],"wp:featuredmedia":[{"embeddable":true,"href":"https:\/\/ceoparts.com\/fr\/wp-json\/wp\/v2\/media\/13197"}],"wp:attachment":[{"href":"https:\/\/ceoparts.com\/fr\/wp-json\/wp\/v2\/media?parent=13195"}],"wp:term":[{"taxonomy":"product_brand","embeddable":true,"href":"https:\/\/ceoparts.com\/fr\/wp-json\/wp\/v2\/product_brand?post=13195"},{"taxonomy":"product_cat","embeddable":true,"href":"https:\/\/ceoparts.com\/fr\/wp-json\/wp\/v2\/product_cat?post=13195"},{"taxonomy":"product_tag","embeddable":true,"href":"https:\/\/ceoparts.com\/fr\/wp-json\/wp\/v2\/product_tag?post=13195"}],"curies":[{"name":"wp","href":"https:\/\/api.w.org\/{rel}","templated":true}]}}