{"id":13211,"date":"2025-01-16T15:17:05","date_gmt":"2025-01-16T12:17:05","guid":{"rendered":"https:\/\/ceoparts.com\/?post_type=product&#038;p=13211"},"modified":"2026-05-16T09:37:38","modified_gmt":"2026-05-16T06:37:38","slug":"cakarli-kare-far-16-led-202106","status":"publish","type":"product","link":"https:\/\/ceoparts.com\/fr\/urun\/cakarli-kare-far-16-led-202106\/","title":{"rendered":"Projecteur Carr\u00e9 Clignotant 16 LED 10-80V &#8211; 202106"},"content":{"rendered":"<p>Projecteur Carr\u00e9 Clignotant 16 LED 10-80V &#8211; 202106<\/p>","protected":false},"excerpt":{"rendered":"<p data-start=\"0\" data-end=\"226\"><br data-start=\"2323\" data-end=\"2326\" \/>Le phare carr\u00e9 clignotant 16 LED 10-80V est un produit d\u2019\u00e9clairage durable et \u00e9conome en \u00e9nergie utilis\u00e9 sur les chariots \u00e9l\u00e9vateurs et les engins de chantier. Il offre une haute luminosit\u00e9 avec 16 LED et am\u00e9liore la s\u00e9curit\u00e9 au travail gr\u00e2ce \u00e0 une fonction clignotante.<\/p>\n<p data-start=\"2598\" data-end=\"2969\"><strong data-start=\"2598\" data-end=\"2620\">Caract\u00e9ristiques :<\/strong><br data-start=\"2620\" data-end=\"2623\" \/><strong data-start=\"2623\" data-end=\"2643\">Nom du produit :<\/strong> Phare carr\u00e9 clignotant 16 LED 10-80V<br data-start=\"2680\" data-end=\"2683\" \/><strong data-start=\"2683\" data-end=\"2699\">Code pi\u00e8ce :<\/strong> 202106<br data-start=\"2706\" data-end=\"2709\" \/><strong data-start=\"2709\" data-end=\"2723\">Mat\u00e9riau :<\/strong> Bo\u00eetier robuste en plastique et aluminium<br data-start=\"2765\" data-end=\"2768\" \/><strong data-start=\"2768\" data-end=\"2794\">Domaine d\u2019utilisation:<\/strong> Syst\u00e8mes d\u2019\u00e9clairage pour chariots \u00e9l\u00e9vateurs et engins de chantier<br data-start=\"2862\" data-end=\"2865\" \/><strong data-start=\"2865\" data-end=\"2878\">Avantage:<\/strong> Haute puissance lumineuse, \u00e9conomie d\u2019\u00e9nergie, longue dur\u00e9e de vie, fonction clignotante<\/p>\n<p data-start=\"2971\" data-end=\"3267\">\n","protected":false},"featured_media":13216,"template":"","meta":[],"product_brand":[],"product_cat":[463],"product_tag":[],"class_list":{"0":"post-13211","1":"product","2":"type-product","3":"status-publish","4":"has-post-thumbnail","6":"product_cat-aydinlatma-grubu","8":"first","9":"instock","10":"taxable","11":"shipping-taxable","12":"purchasable","13":"product-type-simple"},"_links":{"self":[{"href":"https:\/\/ceoparts.com\/fr\/wp-json\/wp\/v2\/product\/13211","targetHints":{"allow":["GET"]}}],"collection":[{"href":"https:\/\/ceoparts.com\/fr\/wp-json\/wp\/v2\/product"}],"about":[{"href":"https:\/\/ceoparts.com\/fr\/wp-json\/wp\/v2\/types\/product"}],"wp:featuredmedia":[{"embeddable":true,"href":"https:\/\/ceoparts.com\/fr\/wp-json\/wp\/v2\/media\/13216"}],"wp:attachment":[{"href":"https:\/\/ceoparts.com\/fr\/wp-json\/wp\/v2\/media?parent=13211"}],"wp:term":[{"taxonomy":"product_brand","embeddable":true,"href":"https:\/\/ceoparts.com\/fr\/wp-json\/wp\/v2\/product_brand?post=13211"},{"taxonomy":"product_cat","embeddable":true,"href":"https:\/\/ceoparts.com\/fr\/wp-json\/wp\/v2\/product_cat?post=13211"},{"taxonomy":"product_tag","embeddable":true,"href":"https:\/\/ceoparts.com\/fr\/wp-json\/wp\/v2\/product_tag?post=13211"}],"curies":[{"name":"wp","href":"https:\/\/api.w.org\/{rel}","templated":true}]}}