{"id":13228,"date":"2025-01-16T16:04:34","date_gmt":"2025-01-16T13:04:34","guid":{"rendered":"https:\/\/ceoparts.com\/?post_type=product&#038;p=13228"},"modified":"2026-05-16T11:48:14","modified_gmt":"2026-05-16T08:48:14","slug":"cakarli-kare-calisma-lambasi-202103","status":"publish","type":"product","link":"https:\/\/ceoparts.com\/fr\/urun\/cakarli-kare-calisma-lambasi-202103\/","title":{"rendered":"Lampe de Travail Carr\u00e9e Clignotante 26 Led 10-36V 102W &#8211; 202103"},"content":{"rendered":"<p>Lampe de Travail Carr\u00e9e Clignotante 26 Led 10-36V 102W &#8211; 202103<\/p>\n<p><\/p>","protected":false},"excerpt":{"rendered":"<p data-start=\"0\" data-end=\"246\"><br data-start=\"2414\" data-end=\"2417\" \/>Le feu de travail carr\u00e9 clignotant 26 LED 10-36V 102W est un projecteur de travail performant, durable et \u00e9conome en \u00e9nergie utilis\u00e9 sur les chariots \u00e9l\u00e9vateurs et les engins de chantier. Il offre une large zone d\u2019\u00e9clairage et une fonction clignotante pour am\u00e9liorer la s\u00e9curit\u00e9 au travail.<\/p>\n<p data-start=\"2709\" data-end=\"3090\"><strong data-start=\"2709\" data-end=\"2731\">Caract\u00e9ristiques :<\/strong><br data-start=\"2731\" data-end=\"2734\" \/><strong data-start=\"2734\" data-end=\"2754\">Nom du produit :<\/strong> Feu de travail carr\u00e9 clignotant 26 LED 10-36V 102W<br data-start=\"2805\" data-end=\"2808\" \/><strong data-start=\"2808\" data-end=\"2824\">Code pi\u00e8ce :<\/strong> 202103<br data-start=\"2831\" data-end=\"2834\" \/><strong data-start=\"2834\" data-end=\"2848\">Mat\u00e9riau :<\/strong> Bo\u00eetier robuste en plastique et aluminium<br data-start=\"2890\" data-end=\"2893\" \/><strong data-start=\"2893\" data-end=\"2919\">Domaine d\u2019utilisation:<\/strong> Chariots \u00e9l\u00e9vateurs, engins de chantier et v\u00e9hicules industriels<br data-start=\"2984\" data-end=\"2987\" \/><strong data-start=\"2987\" data-end=\"3000\">Avantage:<\/strong> Haute puissance lumineuse, \u00e9conomie d\u2019\u00e9nergie, longue dur\u00e9e de vie, lumi\u00e8re clignotante<\/p>\n<p data-start=\"3092\" data-end=\"3417\">\n","protected":false},"featured_media":13234,"template":"","meta":[],"product_brand":[],"product_cat":[463],"product_tag":[],"class_list":{"0":"post-13228","1":"product","2":"type-product","3":"status-publish","4":"has-post-thumbnail","6":"product_cat-aydinlatma-grubu","8":"first","9":"instock","10":"taxable","11":"shipping-taxable","12":"purchasable","13":"product-type-simple"},"_links":{"self":[{"href":"https:\/\/ceoparts.com\/fr\/wp-json\/wp\/v2\/product\/13228","targetHints":{"allow":["GET"]}}],"collection":[{"href":"https:\/\/ceoparts.com\/fr\/wp-json\/wp\/v2\/product"}],"about":[{"href":"https:\/\/ceoparts.com\/fr\/wp-json\/wp\/v2\/types\/product"}],"wp:featuredmedia":[{"embeddable":true,"href":"https:\/\/ceoparts.com\/fr\/wp-json\/wp\/v2\/media\/13234"}],"wp:attachment":[{"href":"https:\/\/ceoparts.com\/fr\/wp-json\/wp\/v2\/media?parent=13228"}],"wp:term":[{"taxonomy":"product_brand","embeddable":true,"href":"https:\/\/ceoparts.com\/fr\/wp-json\/wp\/v2\/product_brand?post=13228"},{"taxonomy":"product_cat","embeddable":true,"href":"https:\/\/ceoparts.com\/fr\/wp-json\/wp\/v2\/product_cat?post=13228"},{"taxonomy":"product_tag","embeddable":true,"href":"https:\/\/ceoparts.com\/fr\/wp-json\/wp\/v2\/product_tag?post=13228"}],"curies":[{"name":"wp","href":"https:\/\/api.w.org\/{rel}","templated":true}]}}