{"id":13241,"date":"2025-01-16T16:15:33","date_gmt":"2025-01-16T13:15:33","guid":{"rendered":"https:\/\/ceoparts.com\/?post_type=product&#038;p=13241"},"modified":"2026-05-16T06:17:26","modified_gmt":"2026-05-16T03:17:26","slug":"arka-stop-led","status":"publish","type":"product","link":"https:\/\/ceoparts.com\/fr\/urun\/arka-stop-led\/","title":{"rendered":"Feu Stop Arri\u00e8re LED &#8211; 7254773"},"content":{"rendered":"<p>Feu Stop Arri\u00e8re LED &#8211; 7254773<\/p>","protected":false},"excerpt":{"rendered":"<p data-start=\"0\" data-end=\"188\"><br data-start=\"2077\" data-end=\"2080\" \/>Le feu stop arri\u00e8re LED est un feu stop LED tr\u00e8s durable, lumineux et \u00e9conome en \u00e9nergie, utilis\u00e9 dans les chariots \u00e9l\u00e9vateurs et les engins de chantier. Il am\u00e9liore la s\u00e9curit\u00e9 du v\u00e9hicule en augmentant la visibilit\u00e9.<\/p>\n<p data-start=\"2300\" data-end=\"2676\"><strong data-start=\"2300\" data-end=\"2322\">Caract\u00e9ristiques :<\/strong><br data-start=\"2322\" data-end=\"2325\" \/><strong data-start=\"2325\" data-end=\"2345\">Nom du produit :<\/strong> Feu stop arri\u00e8re LED<br data-start=\"2366\" data-end=\"2369\" \/><strong data-start=\"2369\" data-end=\"2385\">Code pi\u00e8ce :<\/strong> Variable selon mod\u00e8le et application<br data-start=\"2422\" data-end=\"2425\" \/><strong data-start=\"2425\" data-end=\"2439\">Mat\u00e9riau :<\/strong> Plastique durable et composants \u00e9lectroniques<br data-start=\"2485\" data-end=\"2488\" \/><strong data-start=\"2488\" data-end=\"2514\">Domaine d\u2019utilisation:<\/strong> Syst\u00e8me de feu stop arri\u00e8re pour chariots \u00e9l\u00e9vateurs et engins de chantier<br data-start=\"2589\" data-end=\"2592\" \/><strong data-start=\"2592\" data-end=\"2605\">Avantage:<\/strong> Haute luminosit\u00e9, faible consommation d\u2019\u00e9nergie, longue dur\u00e9e de vie<\/p>\n<p data-start=\"2678\" data-end=\"2924\">\n","protected":false},"featured_media":13236,"template":"","meta":[],"product_brand":[],"product_cat":[463],"product_tag":[],"class_list":{"0":"post-13241","1":"product","2":"type-product","3":"status-publish","4":"has-post-thumbnail","6":"product_cat-aydinlatma-grubu","8":"first","9":"instock","10":"taxable","11":"shipping-taxable","12":"purchasable","13":"product-type-simple"},"_links":{"self":[{"href":"https:\/\/ceoparts.com\/fr\/wp-json\/wp\/v2\/product\/13241","targetHints":{"allow":["GET"]}}],"collection":[{"href":"https:\/\/ceoparts.com\/fr\/wp-json\/wp\/v2\/product"}],"about":[{"href":"https:\/\/ceoparts.com\/fr\/wp-json\/wp\/v2\/types\/product"}],"wp:featuredmedia":[{"embeddable":true,"href":"https:\/\/ceoparts.com\/fr\/wp-json\/wp\/v2\/media\/13236"}],"wp:attachment":[{"href":"https:\/\/ceoparts.com\/fr\/wp-json\/wp\/v2\/media?parent=13241"}],"wp:term":[{"taxonomy":"product_brand","embeddable":true,"href":"https:\/\/ceoparts.com\/fr\/wp-json\/wp\/v2\/product_brand?post=13241"},{"taxonomy":"product_cat","embeddable":true,"href":"https:\/\/ceoparts.com\/fr\/wp-json\/wp\/v2\/product_cat?post=13241"},{"taxonomy":"product_tag","embeddable":true,"href":"https:\/\/ceoparts.com\/fr\/wp-json\/wp\/v2\/product_tag?post=13241"}],"curies":[{"name":"wp","href":"https:\/\/api.w.org\/{rel}","templated":true}]}}