{"id":13248,"date":"2025-01-16T17:39:50","date_gmt":"2025-01-16T14:39:50","guid":{"rendered":"https:\/\/ceoparts.com\/?post_type=product&#038;p=13248"},"modified":"2026-05-16T12:49:24","modified_gmt":"2026-05-16T09:49:24","slug":"line-kumanda-kolu-3095409503","status":"publish","type":"product","link":"https:\/\/ceoparts.com\/fr\/urun\/line-kumanda-kolu-3095409503\/","title":{"rendered":"Levier de Commande Line &#8211; 3095409503"},"content":{"rendered":"<p>Levier de Commande Line &#8211; 3095409503<\/p>","protected":false},"excerpt":{"rendered":"<p data-start=\"0\" data-end=\"217\"><br data-start=\"1998\" data-end=\"2001\" \/>Le levier de commande Line est un levier robuste et ergonomique utilis\u00e9 pour le levage, la descente et le contr\u00f4le directionnel sur les chariots \u00e9l\u00e9vateurs et gerbeurs. Il facilite le travail de l\u2019op\u00e9rateur et offre un contr\u00f4le rapide et pr\u00e9cis.<\/p>\n<p data-start=\"2248\" data-end=\"2563\"><strong data-start=\"2248\" data-end=\"2270\">Caract\u00e9ristiques :<\/strong><br data-start=\"2270\" data-end=\"2273\" \/><strong data-start=\"2273\" data-end=\"2293\">Nom du produit :<\/strong> Levier de commande Line<br data-start=\"2317\" data-end=\"2320\" \/><strong data-start=\"2320\" data-end=\"2336\">Code pi\u00e8ce :<\/strong> 3095409503<br data-start=\"2347\" data-end=\"2350\" \/><strong data-start=\"2350\" data-end=\"2364\">Mat\u00e9riau :<\/strong> Plastique r\u00e9sistant avec corps en m\u00e9tal<br data-start=\"2404\" data-end=\"2407\" \/><strong data-start=\"2407\" data-end=\"2433\">Domaine d\u2019utilisation:<\/strong> Syst\u00e8mes de commande pour chariots \u00e9l\u00e9vateurs et gerbeurs<br data-start=\"2491\" data-end=\"2494\" \/><strong data-start=\"2494\" data-end=\"2507\">Avantage:<\/strong> Design ergonomique, structure solide, contr\u00f4le pr\u00e9cis<\/p>\n<p data-start=\"2565\" data-end=\"2810\">\n","protected":false},"featured_media":13250,"template":"","meta":[],"product_brand":[],"product_cat":[450],"product_tag":[],"class_list":{"0":"post-13248","1":"product","2":"type-product","3":"status-publish","4":"has-post-thumbnail","6":"product_cat-direksiyon-sistemleri","8":"first","9":"instock","10":"taxable","11":"shipping-taxable","12":"purchasable","13":"product-type-simple"},"_links":{"self":[{"href":"https:\/\/ceoparts.com\/fr\/wp-json\/wp\/v2\/product\/13248","targetHints":{"allow":["GET"]}}],"collection":[{"href":"https:\/\/ceoparts.com\/fr\/wp-json\/wp\/v2\/product"}],"about":[{"href":"https:\/\/ceoparts.com\/fr\/wp-json\/wp\/v2\/types\/product"}],"wp:featuredmedia":[{"embeddable":true,"href":"https:\/\/ceoparts.com\/fr\/wp-json\/wp\/v2\/media\/13250"}],"wp:attachment":[{"href":"https:\/\/ceoparts.com\/fr\/wp-json\/wp\/v2\/media?parent=13248"}],"wp:term":[{"taxonomy":"product_brand","embeddable":true,"href":"https:\/\/ceoparts.com\/fr\/wp-json\/wp\/v2\/product_brand?post=13248"},{"taxonomy":"product_cat","embeddable":true,"href":"https:\/\/ceoparts.com\/fr\/wp-json\/wp\/v2\/product_cat?post=13248"},{"taxonomy":"product_tag","embeddable":true,"href":"https:\/\/ceoparts.com\/fr\/wp-json\/wp\/v2\/product_tag?post=13248"}],"curies":[{"name":"wp","href":"https:\/\/api.w.org\/{rel}","templated":true}]}}