{"id":13260,"date":"2025-01-17T09:27:25","date_gmt":"2025-01-17T06:27:25","guid":{"rendered":"https:\/\/ceoparts.com\/?post_type=product&#038;p=13260"},"modified":"2026-05-16T12:46:21","modified_gmt":"2026-05-16T09:46:21","slug":"still-rx20-20p-yon-kolu-56365281002","status":"publish","type":"product","link":"https:\/\/ceoparts.com\/fr\/urun\/still-rx20-20p-yon-kolu-56365281002\/","title":{"rendered":"Bras de direction Still RX20 20P &#8211; 56365281002"},"content":{"rendered":"<p>Bras de direction Still RX20 20P &#8211; 56365281002<\/p>","protected":false},"excerpt":{"rendered":"<p data-start=\"126\" data-end=\"352\"><br data-start=\"2309\" data-end=\"2312\" \/>Le levier de direction Still RX20 20P est un levier robuste et ergonomique utilis\u00e9 pour la s\u00e9lection et le contr\u00f4le de la direction dans les syst\u00e8mes de conduite de chariots \u00e9l\u00e9vateurs. Il am\u00e9liore le confort de l\u2019op\u00e9rateur et assure un contr\u00f4le pr\u00e9cis.<\/p>\n<p data-start=\"2567\" data-end=\"2922\"><strong data-start=\"2567\" data-end=\"2589\">Caract\u00e9ristiques :<\/strong><br data-start=\"2589\" data-end=\"2592\" \/><strong data-start=\"2592\" data-end=\"2612\">Nom du produit :<\/strong> Levier de direction Still RX20 20P<br data-start=\"2647\" data-end=\"2650\" \/><strong data-start=\"2650\" data-end=\"2666\">Code pi\u00e8ce :<\/strong> 56365281002<br data-start=\"2678\" data-end=\"2681\" \/><strong data-start=\"2681\" data-end=\"2695\">Mat\u00e9riau :<\/strong> Plastique r\u00e9sistant avec corps en m\u00e9tal<br data-start=\"2735\" data-end=\"2738\" \/><strong data-start=\"2738\" data-end=\"2764\">Domaine d\u2019utilisation:<\/strong> Syst\u00e8mes de direction et de commande des chariots \u00e9l\u00e9vateurs Still RX20 20P<br data-start=\"2840\" data-end=\"2843\" \/><strong data-start=\"2843\" data-end=\"2856\">Avantage:<\/strong> Design ergonomique, structure solide, contr\u00f4le pr\u00e9cis et fiable<\/p>\n<p data-start=\"2924\" data-end=\"3188\">\n","protected":false},"featured_media":13262,"template":"","meta":[],"product_brand":[],"product_cat":[241,450,524],"product_tag":[],"class_list":{"0":"post-13260","1":"product","2":"type-product","3":"status-publish","4":"has-post-thumbnail","6":"product_cat-still","7":"product_cat-direksiyon-sistemleri","8":"product_cat-yedek-parca-still","10":"first","11":"instock","12":"taxable","13":"shipping-taxable","14":"purchasable","15":"product-type-simple"},"_links":{"self":[{"href":"https:\/\/ceoparts.com\/fr\/wp-json\/wp\/v2\/product\/13260","targetHints":{"allow":["GET"]}}],"collection":[{"href":"https:\/\/ceoparts.com\/fr\/wp-json\/wp\/v2\/product"}],"about":[{"href":"https:\/\/ceoparts.com\/fr\/wp-json\/wp\/v2\/types\/product"}],"wp:featuredmedia":[{"embeddable":true,"href":"https:\/\/ceoparts.com\/fr\/wp-json\/wp\/v2\/media\/13262"}],"wp:attachment":[{"href":"https:\/\/ceoparts.com\/fr\/wp-json\/wp\/v2\/media?parent=13260"}],"wp:term":[{"taxonomy":"product_brand","embeddable":true,"href":"https:\/\/ceoparts.com\/fr\/wp-json\/wp\/v2\/product_brand?post=13260"},{"taxonomy":"product_cat","embeddable":true,"href":"https:\/\/ceoparts.com\/fr\/wp-json\/wp\/v2\/product_cat?post=13260"},{"taxonomy":"product_tag","embeddable":true,"href":"https:\/\/ceoparts.com\/fr\/wp-json\/wp\/v2\/product_tag?post=13260"}],"curies":[{"name":"wp","href":"https:\/\/api.w.org\/{rel}","templated":true}]}}