{"id":13268,"date":"2025-01-17T09:39:15","date_gmt":"2025-01-17T06:39:15","guid":{"rendered":"https:\/\/ceoparts.com\/?post_type=product&#038;p=13268"},"modified":"2026-05-16T17:35:46","modified_gmt":"2026-05-16T14:35:46","slug":"jungheinrich-eje116-kumanda-kolu-51055123-13333651","status":"publish","type":"product","link":"https:\/\/ceoparts.com\/fr\/urun\/jungheinrich-eje116-kumanda-kolu-51055123-13333651\/","title":{"rendered":"Bras de commande Jungheinrich Eje116 &#8211; 51055123 &#8211; 13333651"},"content":{"rendered":"<p>Bras de commande Jungheinrich Eje116 &#8211; 51055123 &#8211; 13333651<\/p>","protected":false},"excerpt":{"rendered":"<p data-start=\"142\" data-end=\"406\"><br data-start=\"2410\" data-end=\"2413\" \/>Le levier de commande Jungheinrich EJE116 est un levier robuste et ergonomique utilis\u00e9 pour le levage, la descente et le contr\u00f4le directionnel sur les chariots \u00e9l\u00e9vateurs et gerbeurs. Il assure une manipulation facile et un contr\u00f4le rapide et pr\u00e9cis.<\/p>\n<p data-start=\"2665\" data-end=\"3011\"><strong data-start=\"2665\" data-end=\"2687\">Caract\u00e9ristiques :<\/strong><br data-start=\"2687\" data-end=\"2690\" \/><strong data-start=\"2690\" data-end=\"2710\">Nom du produit :<\/strong> Levier de commande Jungheinrich EJE116<br data-start=\"2749\" data-end=\"2752\" \/><strong data-start=\"2752\" data-end=\"2768\">Code pi\u00e8ce :<\/strong> 51055123 \u2013 13333651<br data-start=\"2788\" data-end=\"2791\" \/><strong data-start=\"2791\" data-end=\"2805\">Mat\u00e9riau :<\/strong> Plastique r\u00e9sistant avec corps en m\u00e9tal<br data-start=\"2845\" data-end=\"2848\" \/><strong data-start=\"2848\" data-end=\"2874\">Domaine d\u2019utilisation:<\/strong> Syst\u00e8mes de commande des gerbeurs Jungheinrich EJE116<br data-start=\"2928\" data-end=\"2931\" \/><strong data-start=\"2931\" data-end=\"2944\">Avantage:<\/strong> Design ergonomique, structure robuste, contr\u00f4le pr\u00e9cis et rapide<\/p>\n<p data-start=\"3013\" data-end=\"3288\">\n","protected":false},"featured_media":19440,"template":"","meta":[],"product_brand":[],"product_cat":[236,450,522],"product_tag":[],"class_list":{"0":"post-13268","1":"product","2":"type-product","3":"status-publish","4":"has-post-thumbnail","6":"product_cat-jungheinrich","7":"product_cat-direksiyon-sistemleri","8":"product_cat-yedek-parca-jungheinrich","10":"first","11":"instock","12":"taxable","13":"shipping-taxable","14":"purchasable","15":"product-type-simple"},"_links":{"self":[{"href":"https:\/\/ceoparts.com\/fr\/wp-json\/wp\/v2\/product\/13268","targetHints":{"allow":["GET"]}}],"collection":[{"href":"https:\/\/ceoparts.com\/fr\/wp-json\/wp\/v2\/product"}],"about":[{"href":"https:\/\/ceoparts.com\/fr\/wp-json\/wp\/v2\/types\/product"}],"wp:featuredmedia":[{"embeddable":true,"href":"https:\/\/ceoparts.com\/fr\/wp-json\/wp\/v2\/media\/19440"}],"wp:attachment":[{"href":"https:\/\/ceoparts.com\/fr\/wp-json\/wp\/v2\/media?parent=13268"}],"wp:term":[{"taxonomy":"product_brand","embeddable":true,"href":"https:\/\/ceoparts.com\/fr\/wp-json\/wp\/v2\/product_brand?post=13268"},{"taxonomy":"product_cat","embeddable":true,"href":"https:\/\/ceoparts.com\/fr\/wp-json\/wp\/v2\/product_cat?post=13268"},{"taxonomy":"product_tag","embeddable":true,"href":"https:\/\/ceoparts.com\/fr\/wp-json\/wp\/v2\/product_tag?post=13268"}],"curies":[{"name":"wp","href":"https:\/\/api.w.org\/{rel}","templated":true}]}}