{"id":13276,"date":"2025-01-17T09:52:38","date_gmt":"2025-01-17T06:52:38","guid":{"rendered":"https:\/\/ceoparts.com\/?post_type=product&#038;p=13276"},"modified":"2026-05-16T15:02:47","modified_gmt":"2026-05-16T12:02:47","slug":"linde-kumanda-kolu-3095406437","status":"publish","type":"product","link":"https:\/\/ceoparts.com\/fr\/urun\/linde-kumanda-kolu-3095406437\/","title":{"rendered":"Bras de commande Linde &#8211; 3095406437"},"content":{"rendered":"<p>Bras de commande Linde &#8211; 3095406437<\/p>","protected":false},"excerpt":{"rendered":"<p data-start=\"128\" data-end=\"366\"><br data-start=\"2192\" data-end=\"2195\" \/>Le levier de commande Linde est un levier robuste et ergonomique utilis\u00e9 pour le levage, l\u2019abaissement et le contr\u00f4le directionnel sur les chariots \u00e9l\u00e9vateurs et gerbeurs. Il facilite le travail de l\u2019op\u00e9rateur et garantit une manipulation rapide et pr\u00e9cise.<\/p>\n<p data-start=\"2454\" data-end=\"2776\"><strong data-start=\"2454\" data-end=\"2476\">Caract\u00e9ristiques :<\/strong><br data-start=\"2476\" data-end=\"2479\" \/><strong data-start=\"2479\" data-end=\"2499\">Nom du produit :<\/strong> Levier de commande Linde<br data-start=\"2524\" data-end=\"2527\" \/><strong data-start=\"2527\" data-end=\"2543\">Code pi\u00e8ce :<\/strong> 3095406437<br data-start=\"2554\" data-end=\"2557\" \/><strong data-start=\"2557\" data-end=\"2571\">Mat\u00e9riau :<\/strong> Plastique r\u00e9sistant avec corps en m\u00e9tal<br data-start=\"2611\" data-end=\"2614\" \/><strong data-start=\"2614\" data-end=\"2640\">Domaine d\u2019utilisation:<\/strong> Syst\u00e8mes de commande pour chariots \u00e9l\u00e9vateurs et gerbeurs Linde<br data-start=\"2704\" data-end=\"2707\" \/><strong data-start=\"2707\" data-end=\"2720\">Avantage:<\/strong> Design ergonomique, structure solide, contr\u00f4le pr\u00e9cis<\/p>\n<p data-start=\"2778\" data-end=\"3028\">\n","protected":false},"featured_media":13282,"template":"","meta":[],"product_brand":[],"product_cat":[450,523,246],"product_tag":[],"class_list":{"0":"post-13276","1":"product","2":"type-product","3":"status-publish","4":"has-post-thumbnail","6":"product_cat-direksiyon-sistemleri","7":"product_cat-yedek-parca-linde","8":"product_cat-linde","10":"first","11":"instock","12":"taxable","13":"shipping-taxable","14":"purchasable","15":"product-type-simple"},"_links":{"self":[{"href":"https:\/\/ceoparts.com\/fr\/wp-json\/wp\/v2\/product\/13276","targetHints":{"allow":["GET"]}}],"collection":[{"href":"https:\/\/ceoparts.com\/fr\/wp-json\/wp\/v2\/product"}],"about":[{"href":"https:\/\/ceoparts.com\/fr\/wp-json\/wp\/v2\/types\/product"}],"wp:featuredmedia":[{"embeddable":true,"href":"https:\/\/ceoparts.com\/fr\/wp-json\/wp\/v2\/media\/13282"}],"wp:attachment":[{"href":"https:\/\/ceoparts.com\/fr\/wp-json\/wp\/v2\/media?parent=13276"}],"wp:term":[{"taxonomy":"product_brand","embeddable":true,"href":"https:\/\/ceoparts.com\/fr\/wp-json\/wp\/v2\/product_brand?post=13276"},{"taxonomy":"product_cat","embeddable":true,"href":"https:\/\/ceoparts.com\/fr\/wp-json\/wp\/v2\/product_cat?post=13276"},{"taxonomy":"product_tag","embeddable":true,"href":"https:\/\/ceoparts.com\/fr\/wp-json\/wp\/v2\/product_tag?post=13276"}],"curies":[{"name":"wp","href":"https:\/\/api.w.org\/{rel}","templated":true}]}}