{"id":13283,"date":"2025-01-17T09:59:00","date_gmt":"2025-01-17T06:59:00","guid":{"rendered":"https:\/\/ceoparts.com\/?post_type=product&#038;p=13283"},"modified":"2026-05-17T20:43:12","modified_gmt":"2026-05-17T17:43:12","slug":"istif-araci-kumanda-kolu-1115-320000-00","status":"publish","type":"product","link":"https:\/\/ceoparts.com\/fr\/urun\/istif-araci-kumanda-kolu-1115-320000-00\/","title":{"rendered":"Bras de commande pour chariot \u00e9l\u00e9vateur &#8211; 1115-320000-00"},"content":{"rendered":"<p>Bras de commande pour chariot \u00e9l\u00e9vateur &#8211; 1115-320000-00<\/p>","protected":false},"excerpt":{"rendered":"<p data-start=\"87\" data-end=\"339\"><br data-start=\"2205\" data-end=\"2208\" \/>Le levier de commande pour gerbeur est un levier robuste et ergonomique utilis\u00e9 dans les chariots \u00e9l\u00e9vateurs et gerbeurs pour les op\u00e9rations de levage, descente et direction. Il facilite le travail de l\u2019op\u00e9rateur et offre un contr\u00f4le rapide et pr\u00e9cis.<\/p>\n<p data-start=\"2461\" data-end=\"2793\"><strong data-start=\"2461\" data-end=\"2483\">Caract\u00e9ristiques :<\/strong><br data-start=\"2483\" data-end=\"2486\" \/><strong data-start=\"2486\" data-end=\"2506\">Nom du produit :<\/strong> Levier de commande pour gerbeur<br data-start=\"2538\" data-end=\"2541\" \/><strong data-start=\"2541\" data-end=\"2557\">Code pi\u00e8ce :<\/strong> 1115-320000-00<br data-start=\"2572\" data-end=\"2575\" \/><strong data-start=\"2575\" data-end=\"2589\">Mat\u00e9riau :<\/strong> Plastique r\u00e9sistant avec renfort m\u00e9tallique<br data-start=\"2633\" data-end=\"2636\" \/><strong data-start=\"2636\" data-end=\"2662\">Domaine d\u2019utilisation:<\/strong> Syst\u00e8mes de commande pour chariots \u00e9l\u00e9vateurs et gerbeurs<br data-start=\"2720\" data-end=\"2723\" \/><strong data-start=\"2723\" data-end=\"2736\">Avantage:<\/strong> Design ergonomique, structure robuste, contr\u00f4le pr\u00e9cis<\/p>\n<p data-start=\"2795\" data-end=\"3067\">\n","protected":false},"featured_media":13284,"template":"","meta":[],"product_brand":[],"product_cat":[450],"product_tag":[],"class_list":{"0":"post-13283","1":"product","2":"type-product","3":"status-publish","4":"has-post-thumbnail","6":"product_cat-direksiyon-sistemleri","8":"first","9":"instock","10":"taxable","11":"shipping-taxable","12":"purchasable","13":"product-type-simple"},"_links":{"self":[{"href":"https:\/\/ceoparts.com\/fr\/wp-json\/wp\/v2\/product\/13283","targetHints":{"allow":["GET"]}}],"collection":[{"href":"https:\/\/ceoparts.com\/fr\/wp-json\/wp\/v2\/product"}],"about":[{"href":"https:\/\/ceoparts.com\/fr\/wp-json\/wp\/v2\/types\/product"}],"wp:featuredmedia":[{"embeddable":true,"href":"https:\/\/ceoparts.com\/fr\/wp-json\/wp\/v2\/media\/13284"}],"wp:attachment":[{"href":"https:\/\/ceoparts.com\/fr\/wp-json\/wp\/v2\/media?parent=13283"}],"wp:term":[{"taxonomy":"product_brand","embeddable":true,"href":"https:\/\/ceoparts.com\/fr\/wp-json\/wp\/v2\/product_brand?post=13283"},{"taxonomy":"product_cat","embeddable":true,"href":"https:\/\/ceoparts.com\/fr\/wp-json\/wp\/v2\/product_cat?post=13283"},{"taxonomy":"product_tag","embeddable":true,"href":"https:\/\/ceoparts.com\/fr\/wp-json\/wp\/v2\/product_tag?post=13283"}],"curies":[{"name":"wp","href":"https:\/\/api.w.org\/{rel}","templated":true}]}}